{"id":807,"date":"2019-10-01T07:29:52","date_gmt":"2019-10-01T07:29:52","guid":{"rendered":"https:\/\/carnia.es\/new\/trabaja-con-nosotros\/"},"modified":"2020-05-08T16:31:08","modified_gmt":"2020-05-08T16:31:08","slug":"trabaja-con-nosotros","status":"publish","type":"page","link":"https:\/\/carnia.es\/en\/trabaja-con-nosotros\/","title":{"rendered":"Work with us"},"content":{"rendered":"<div class=\"text-wrapper\"><div class=\"container-fluid\">\n<p class=\"has-medium-font-size\">Companyia General C\u00e0rnia, l\u00edder en el suministro de carne en Catalu\u00f1a, con or\u00edgenes de empresa de car\u00e1cter familiar, cuenta ahora con 400 profesionales de 21 nacionalidades distintas.<\/p>\n<\/div><\/div>\n\n<div class=\"text-wrapper\"><div class=\"container-fluid\">\n<p class=\"has-medium-font-size\">La pol\u00edtica de promoci\u00f3n interna y de igualdad de oportunidades, da como fruto un 88% de la plantilla con contrato indefinido y una media de 15 a\u00f1os de antig\u00fcedad.<\/p>\n<\/div><\/div>\n\n<div class=\"text-wrapper\"><div class=\"container-fluid\">\n<p class=\"has-medium-font-size\">Con ubicaci\u00f3n en Mercabarna, dispone de servicio de transporte p\u00fablico a lo largo de las 24 horas del d\u00eda. Sin embargo, para evitar desplazamientos y favorecer la conciliaci\u00f3n de la vida familiar y laboral, las jornadas de trabajo son en horario continuado.<\/p>\n<\/div><\/div>\n\n<div class=\"text-wrapper\"><div class=\"container-fluid\">\n<p class=\"has-medium-font-size\">Si tienes inter\u00e9s en unirte a nosotros, env\u00edanos tu curr\u00edculum. Lo puedes hacer en nuestro buz\u00f3n de correo: <a href=\"mailto:rrhh@cgcarnia.com\">rrhh@cgcarnia.com<\/a><\/p>\n<\/div><\/div>","protected":false},"excerpt":{"rendered":"<p>Companyia General C\u00e0rnia, l\u00edder en el suministro de carne en Catalu\u00f1a, con or\u00edgenes de empresa de car\u00e1cter familiar, cuenta ahora con 400 profesionales de 21 nacionalidades distintas. La pol\u00edtica de promoci\u00f3n interna y de igualdad de oportunidades, da como fruto un 88% de la plantilla con contrato indefinido y una media de 15 a\u00f1os de<\/p>\n","protected":false},"author":2,"featured_media":0,"parent":0,"menu_order":0,"comment_status":"closed","ping_status":"closed","template":"","meta":{"_acf_changed":false,"footnotes":""},"class_list":["post-807","page","type-page","status-publish","hentry"],"acf":[],"yoast_head":"<!-- This site is optimized with the Yoast SEO plugin v27.3 - https:\/\/yoast.com\/product\/yoast-seo-wordpress\/ -->\n<title>Work with us - Companyia General C\u00e0rnia<\/title>\n<meta name=\"robots\" content=\"index, follow, max-snippet:-1, max-image-preview:large, max-video-preview:-1\" \/>\n<link rel=\"canonical\" href=\"https:\/\/carnia.es\/en\/trabaja-con-nosotros\/\" \/>\n<meta property=\"og:locale\" content=\"en_US\" \/>\n<meta property=\"og:type\" content=\"article\" \/>\n<meta property=\"og:title\" content=\"Work with us - Companyia General C\u00e0rnia\" \/>\n<meta property=\"og:description\" content=\"Companyia General C\u00e0rnia, l\u00edder en el suministro de carne en Catalu\u00f1a, con or\u00edgenes de empresa de car\u00e1cter familiar, cuenta ahora con 400 profesionales de 21 nacionalidades distintas. La pol\u00edtica de promoci\u00f3n interna y de igualdad de oportunidades, da como fruto un 88% de la plantilla con contrato indefinido y una media de 15 a\u00f1os de\" \/>\n<meta property=\"og:url\" content=\"https:\/\/carnia.es\/en\/trabaja-con-nosotros\/\" \/>\n<meta property=\"og:site_name\" content=\"Companyia General C\u00e0rnia\" \/>\n<meta property=\"article:modified_time\" content=\"2020-05-08T16:31:08+00:00\" \/>\n<meta name=\"twitter:card\" content=\"summary_large_image\" \/>\n<meta name=\"twitter:label1\" content=\"Est. reading time\" \/>\n\t<meta name=\"twitter:data1\" content=\"1 minute\" \/>\n<script type=\"application\/ld+json\" class=\"yoast-schema-graph\">{\"@context\":\"https:\\\/\\\/schema.org\",\"@graph\":[{\"@type\":\"WebPage\",\"@id\":\"https:\\\/\\\/carnia.es\\\/en\\\/trabaja-con-nosotros\\\/\",\"url\":\"https:\\\/\\\/carnia.es\\\/en\\\/trabaja-con-nosotros\\\/\",\"name\":\"Work with us - Companyia General C\u00e0rnia\",\"isPartOf\":{\"@id\":\"https:\\\/\\\/carnia.es\\\/en\\\/#website\"},\"datePublished\":\"2019-10-01T07:29:52+00:00\",\"dateModified\":\"2020-05-08T16:31:08+00:00\",\"breadcrumb\":{\"@id\":\"https:\\\/\\\/carnia.es\\\/en\\\/trabaja-con-nosotros\\\/#breadcrumb\"},\"inLanguage\":\"en-US\",\"potentialAction\":[{\"@type\":\"ReadAction\",\"target\":[\"https:\\\/\\\/carnia.es\\\/en\\\/trabaja-con-nosotros\\\/\"]}]},{\"@type\":\"BreadcrumbList\",\"@id\":\"https:\\\/\\\/carnia.es\\\/en\\\/trabaja-con-nosotros\\\/#breadcrumb\",\"itemListElement\":[{\"@type\":\"ListItem\",\"position\":1,\"name\":\"Home\",\"item\":\"https:\\\/\\\/carnia.es\\\/en\\\/\"},{\"@type\":\"ListItem\",\"position\":2,\"name\":\"Work with us\"}]},{\"@type\":\"WebSite\",\"@id\":\"https:\\\/\\\/carnia.es\\\/en\\\/#website\",\"url\":\"https:\\\/\\\/carnia.es\\\/en\\\/\",\"name\":\"Companyia General C\u00e0rnia\",\"description\":\"100 a\u00f1os de experiencia en el sector c\u00e1rnico\",\"publisher\":{\"@id\":\"https:\\\/\\\/carnia.es\\\/en\\\/#organization\"},\"potentialAction\":[{\"@type\":\"SearchAction\",\"target\":{\"@type\":\"EntryPoint\",\"urlTemplate\":\"https:\\\/\\\/carnia.es\\\/en\\\/?s={search_term_string}\"},\"query-input\":{\"@type\":\"PropertyValueSpecification\",\"valueRequired\":true,\"valueName\":\"search_term_string\"}}],\"inLanguage\":\"en-US\"},{\"@type\":\"Organization\",\"@id\":\"https:\\\/\\\/carnia.es\\\/en\\\/#organization\",\"name\":\"Companyia General C\u00e0rnia\",\"url\":\"https:\\\/\\\/carnia.es\\\/en\\\/\",\"logo\":{\"@type\":\"ImageObject\",\"inLanguage\":\"en-US\",\"@id\":\"https:\\\/\\\/carnia.es\\\/en\\\/#\\\/schema\\\/logo\\\/image\\\/\",\"url\":\"https:\\\/\\\/carnia.es\\\/wp-content\\\/uploads\\\/2019\\\/09\\\/logo-1.svg\",\"contentUrl\":\"https:\\\/\\\/carnia.es\\\/wp-content\\\/uploads\\\/2019\\\/09\\\/logo-1.svg\",\"width\":160,\"height\":45,\"caption\":\"Companyia General C\u00e0rnia\"},\"image\":{\"@id\":\"https:\\\/\\\/carnia.es\\\/en\\\/#\\\/schema\\\/logo\\\/image\\\/\"}}]}<\/script>\n<!-- \/ Yoast SEO plugin. -->","yoast_head_json":{"title":"Work with us - Companyia General C\u00e0rnia","robots":{"index":"index","follow":"follow","max-snippet":"max-snippet:-1","max-image-preview":"max-image-preview:large","max-video-preview":"max-video-preview:-1"},"canonical":"https:\/\/carnia.es\/en\/trabaja-con-nosotros\/","og_locale":"en_US","og_type":"article","og_title":"Work with us - Companyia General C\u00e0rnia","og_description":"Companyia General C\u00e0rnia, l\u00edder en el suministro de carne en Catalu\u00f1a, con or\u00edgenes de empresa de car\u00e1cter familiar, cuenta ahora con 400 profesionales de 21 nacionalidades distintas. La pol\u00edtica de promoci\u00f3n interna y de igualdad de oportunidades, da como fruto un 88% de la plantilla con contrato indefinido y una media de 15 a\u00f1os de","og_url":"https:\/\/carnia.es\/en\/trabaja-con-nosotros\/","og_site_name":"Companyia General C\u00e0rnia","article_modified_time":"2020-05-08T16:31:08+00:00","twitter_card":"summary_large_image","twitter_misc":{"Est. reading time":"1 minute"},"schema":{"@context":"https:\/\/schema.org","@graph":[{"@type":"WebPage","@id":"https:\/\/carnia.es\/en\/trabaja-con-nosotros\/","url":"https:\/\/carnia.es\/en\/trabaja-con-nosotros\/","name":"Work with us - Companyia General C\u00e0rnia","isPartOf":{"@id":"https:\/\/carnia.es\/en\/#website"},"datePublished":"2019-10-01T07:29:52+00:00","dateModified":"2020-05-08T16:31:08+00:00","breadcrumb":{"@id":"https:\/\/carnia.es\/en\/trabaja-con-nosotros\/#breadcrumb"},"inLanguage":"en-US","potentialAction":[{"@type":"ReadAction","target":["https:\/\/carnia.es\/en\/trabaja-con-nosotros\/"]}]},{"@type":"BreadcrumbList","@id":"https:\/\/carnia.es\/en\/trabaja-con-nosotros\/#breadcrumb","itemListElement":[{"@type":"ListItem","position":1,"name":"Home","item":"https:\/\/carnia.es\/en\/"},{"@type":"ListItem","position":2,"name":"Work with us"}]},{"@type":"WebSite","@id":"https:\/\/carnia.es\/en\/#website","url":"https:\/\/carnia.es\/en\/","name":"Companyia General C\u00e0rnia","description":"100 a\u00f1os de experiencia en el sector c\u00e1rnico","publisher":{"@id":"https:\/\/carnia.es\/en\/#organization"},"potentialAction":[{"@type":"SearchAction","target":{"@type":"EntryPoint","urlTemplate":"https:\/\/carnia.es\/en\/?s={search_term_string}"},"query-input":{"@type":"PropertyValueSpecification","valueRequired":true,"valueName":"search_term_string"}}],"inLanguage":"en-US"},{"@type":"Organization","@id":"https:\/\/carnia.es\/en\/#organization","name":"Companyia General C\u00e0rnia","url":"https:\/\/carnia.es\/en\/","logo":{"@type":"ImageObject","inLanguage":"en-US","@id":"https:\/\/carnia.es\/en\/#\/schema\/logo\/image\/","url":"https:\/\/carnia.es\/wp-content\/uploads\/2019\/09\/logo-1.svg","contentUrl":"https:\/\/carnia.es\/wp-content\/uploads\/2019\/09\/logo-1.svg","width":160,"height":45,"caption":"Companyia General C\u00e0rnia"},"image":{"@id":"https:\/\/carnia.es\/en\/#\/schema\/logo\/image\/"}}]}},"_links":{"self":[{"href":"https:\/\/carnia.es\/en\/wp-json\/wp\/v2\/pages\/807","targetHints":{"allow":["GET"]}}],"collection":[{"href":"https:\/\/carnia.es\/en\/wp-json\/wp\/v2\/pages"}],"about":[{"href":"https:\/\/carnia.es\/en\/wp-json\/wp\/v2\/types\/page"}],"author":[{"embeddable":true,"href":"https:\/\/carnia.es\/en\/wp-json\/wp\/v2\/users\/2"}],"replies":[{"embeddable":true,"href":"https:\/\/carnia.es\/en\/wp-json\/wp\/v2\/comments?post=807"}],"version-history":[{"count":4,"href":"https:\/\/carnia.es\/en\/wp-json\/wp\/v2\/pages\/807\/revisions"}],"predecessor-version":[{"id":5274,"href":"https:\/\/carnia.es\/en\/wp-json\/wp\/v2\/pages\/807\/revisions\/5274"}],"wp:attachment":[{"href":"https:\/\/carnia.es\/en\/wp-json\/wp\/v2\/media?parent=807"}],"curies":[{"name":"wp","href":"https:\/\/api.w.org\/{rel}","templated":true}]}}