{"id":804,"date":"2019-09-30T10:14:56","date_gmt":"2019-09-30T10:14:56","guid":{"rendered":"https:\/\/carnia.es\/new\/servicios\/"},"modified":"2021-07-26T06:47:42","modified_gmt":"2021-07-26T06:47:42","slug":"services","status":"publish","type":"page","link":"https:\/\/carnia.es\/en\/services\/","title":{"rendered":"Services"},"content":{"rendered":"\n\t<div class=\"section content-menu-wrap\">\n\t\t<div class=\"container-fluid\">\n\t\t\t<ul class=\"content-menu\">\n\t\t\t\t\t\t\t\t\t\t\t\t\t\t\t<li>\n\t\t\t\t\t\t\t<a href=\"#service-01\">\n\t\t\t\t\t\t\t\t\t\t\t\t\t\t\t\t\t<figure class=\"img\">\n\t\t\t\t\t\t\t\t\t\t<img decoding=\"async\" src=\"https:\/\/carnia.es\/wp-content\/uploads\/2019\/12\/img-service-01.jpg\" alt=\"\">\n\t\t\t\t\t\t\t\t\t<\/figure>\n\t\t\t\t\t\t\t\t\t\t\t\t\t\t\t\t<h3>Slaughter and wholesale<\/h3>\n\t\t\t\t\t\t\t<\/a>\n\t\t\t\t\t\t<\/li>\n\t\t\t\t\t\t\t\t\t\t\t\t\t\t\t\t\t\t\t\t<li>\n\t\t\t\t\t\t\t<a href=\"#service-02\">\n\t\t\t\t\t\t\t\t\t\t\t\t\t\t\t\t\t<figure class=\"img\">\n\t\t\t\t\t\t\t\t\t\t<img decoding=\"async\" src=\"https:\/\/carnia.es\/wp-content\/uploads\/2019\/12\/img-service-02.jpg\" alt=\"\">\n\t\t\t\t\t\t\t\t\t<\/figure>\n\t\t\t\t\t\t\t\t\t\t\t\t\t\t\t\t<h3>Production and sale to distributors and retailers<\/h3>\n\t\t\t\t\t\t\t<\/a>\n\t\t\t\t\t\t<\/li>\n\t\t\t\t\t\t\t\t\t\t\t\t\t\t\t\t\t\t\t\t<li>\n\t\t\t\t\t\t\t<a href=\"#service-03\">\n\t\t\t\t\t\t\t\t\t\t\t\t\t\t\t\t\t<figure class=\"img\">\n\t\t\t\t\t\t\t\t\t\t<img decoding=\"async\" src=\"https:\/\/carnia.es\/wp-content\/uploads\/2019\/12\/img-service-03.jpg\" alt=\"\">\n\t\t\t\t\t\t\t\t\t<\/figure>\n\t\t\t\t\t\t\t\t\t\t\t\t\t\t\t\t<h3>Meat products for catering services<\/h3>\n\t\t\t\t\t\t\t<\/a>\n\t\t\t\t\t\t<\/li>\n\t\t\t\t\t\t\t\t\t\t\t\t\t\t\t\t\t\t\t\t<li>\n\t\t\t\t\t\t\t<a href=\"#service-04\">\n\t\t\t\t\t\t\t\t\t\t\t\t\t\t\t\t\t<figure class=\"img\">\n\t\t\t\t\t\t\t\t\t\t<img decoding=\"async\" src=\"https:\/\/carnia.es\/wp-content\/uploads\/2019\/12\/img-service-04.jpg\" alt=\"\">\n\t\t\t\t\t\t\t\t\t<\/figure>\n\t\t\t\t\t\t\t\t\t\t\t\t\t\t\t\t<h3>Transport<\/h3>\n\t\t\t\t\t\t\t<\/a>\n\t\t\t\t\t\t<\/li>\n\t\t\t\t\t\t\t\t\t\t\t\t<\/ul><!-- \/ content-menu -->\n\t\t<\/div><!-- \/ container-fluid -->\n\t<\/div><!-- \/ content-menu-wrap -->\n\n\n\n\n\t<div id=\"service-01\" class=\"section bg-gray-02 service-info\">\n\t\t<div class=\"container-fluid\">\n\t\t\t\t\t\t\t<header class=\"service-head size2\">\n\t\t\t\t\t<h1>Slaughter and wholesale  <\/h1>\n<p>Beef and lamb<\/p>\n\t\t\t\t<\/header>\n\t\t\t\t\t<\/div><!-- \/ container-fluid -->\n\n\t\t\t\t\t<div class=\"carousel-wrap\">\n\t\t\t\t<div class=\"img-carousel\">\n\t\t\t\t\t\t\t\t\t\t\t\t\t\t\t\t\t\t<div class=\"slide-item\">\n\t\t\t\t\t\t\t\t<figure class=\"img\">\n\t\t\t\t\t\t\t\t\t<img decoding=\"async\" src=\"https:\/\/carnia.es\/wp-content\/uploads\/2020\/02\/sacrificio-2-800x516.jpg\" alt=\"C\u00e0rnia realiza el sacrificio y cuarteo en el matadero de Mercabarna 2\">\n\t\t\t\t\t\t\t\t\t\t\t\t\t\t\t\t\t<\/figure>\n\t\t\t\t\t\t\t<\/div><!-- \/ slide-item -->\n\t\t\t\t\t\t\t\t\t\t\t\t\t\t\t\t\t\t\t\t\t\t\t\t<div class=\"slide-item\">\n\t\t\t\t\t\t\t\t<figure class=\"img\">\n\t\t\t\t\t\t\t\t\t<img decoding=\"async\" src=\"https:\/\/carnia.es\/wp-content\/uploads\/2020\/02\/sacrificio-3-800x533.jpg\" alt=\"C\u00e0rnia realiza el sacrificio y cuarteo en el matadero de Mercabarna 1\">\n\t\t\t\t\t\t\t\t\t\t\t\t\t\t\t\t\t<\/figure>\n\t\t\t\t\t\t\t<\/div><!-- \/ slide-item -->\n\t\t\t\t\t\t\t\t\t\t\t\t\t\t\t\t\t\t\t\t\t\t\t\t<div class=\"slide-item\">\n\t\t\t\t\t\t\t\t<figure class=\"img\">\n\t\t\t\t\t\t\t\t\t<img decoding=\"async\" src=\"https:\/\/carnia.es\/wp-content\/uploads\/2020\/02\/sacrificio-4-800x533.jpg\" alt=\"C\u00e0rnia realiza el sacrificio y cuarteo en el matadero de Mercabarna\">\n\t\t\t\t\t\t\t\t\t\t\t\t\t\t\t\t\t<\/figure>\n\t\t\t\t\t\t\t<\/div><!-- \/ slide-item -->\n\t\t\t\t\t\t\t\t\t\t\t\t\t\t\t<\/div><!-- \/ img-carousel -->\n\t\t\t<\/div><!-- \/ carousel-wrap -->\n\t\t\n\t\t<div class=\"container-fluid\">\n\t\t\t<div class=\"row\">\n\t\t\t\t<div class=\"col-lg-8\">\n\t\t\t\t\t<p>We slaughter and break down our livestock at the Mercabarna abattoir, next to our facilities. We sell both organic and conventionally produced meat.<\/p>\n<p>We process male and female native-breed cattle from nearby farms. They are grain-fed and slaughtered before they are 12 months old.<br \/>\nOur lambs, suckling lambs and kids are from the main production areas on the Iberian Peninsula.<\/p>\n<p>We also sell meat from other slaughterhouses with different designations of origin and quality certification.<\/p>\n\t\t\t\t\t\t\t\t\t\t\t\t\t\t\t<div class=\"partner-list\">\n\t\t\t\t\t\t\t\t\t\t\t\t\t\t\t\t\t\t\t\t\t<figure><img decoding=\"async\" src=\"https:\/\/carnia.es\/wp-content\/uploads\/2020\/01\/Ternera-gallega-2.png\" alt=\"C\u00e0rnia trabaja con Ternera Gallega 1\"><\/figure>\n\t\t\t\t\t\t\t\t\t\t\t\t\t\t\t\t\t\t\t\t\t\t\t\t\t\t\t\t<figure><img decoding=\"async\" src=\"https:\/\/carnia.es\/wp-content\/uploads\/2019\/12\/halal.svg\" alt=\"\"><\/figure>\n\t\t\t\t\t\t\t\t\t\t\t\t\t\t\t\t\t\t\t\t\t\t\t\t\t\t\t\t<figure><img decoding=\"async\" src=\"https:\/\/carnia.es\/wp-content\/uploads\/2019\/12\/ccpae.svg\" alt=\"\"><\/figure>\n\t\t\t\t\t\t\t\t\t\t\t\t\t\t\t\t\t\t\t\t\t\t\t\t\t\t\t\t<figure><img decoding=\"async\" src=\"https:\/\/carnia.es\/wp-content\/uploads\/2019\/12\/cbpc-1.svg\" alt=\"\"><\/figure>\n\t\t\t\t\t\t\t\t\t\t\t\t\t\t\t\t\t\t<\/div>\n\t\t\t\t\t\t\t\t\t<\/div><!-- \/ col -->\n\t\t\t<\/div><!-- \/ row -->\n\t\t<\/div><!-- \/ container-fluid -->\n\t\t\n\t\t\t<\/div><!-- \/ service-info -->\n\n\n\n\n\n\t<div id=\"service-02\" class=\"section bg-gray-02 service-info\">\n\t\t<div class=\"container-fluid\">\n\t\t\t\t\t\t\t<header class=\"service-head size2\">\n\t\t\t\t\t<h2>Production and sale to distributors and retailers<\/h2>\n<p>Beef, Lamb, Pork.<\/p>\n\t\t\t\t<\/header>\n\t\t\t\t\t<\/div><!-- \/ container-fluid -->\n\n\t\t\t\t\t<div class=\"carousel-wrap\">\n\t\t\t\t<div class=\"img-carousel\">\n\t\t\t\t\t\t\t\t\t\t\t\t\t\t\t\t\t\t<div class=\"slide-item\">\n\t\t\t\t\t\t\t\t<figure class=\"img\">\n\t\t\t\t\t\t\t\t\t<img decoding=\"async\" src=\"https:\/\/carnia.es\/wp-content\/uploads\/2020\/02\/distribucion-1-800x533.jpg\" alt=\"C\u00e0rnia venta a distribuidores y detallistas 2\">\n\t\t\t\t\t\t\t\t\t\t\t\t\t\t\t\t\t<\/figure>\n\t\t\t\t\t\t\t<\/div><!-- \/ slide-item -->\n\t\t\t\t\t\t\t\t\t\t\t\t\t\t\t\t\t\t\t\t\t\t\t\t<div class=\"slide-item\">\n\t\t\t\t\t\t\t\t<figure class=\"img\">\n\t\t\t\t\t\t\t\t\t<img decoding=\"async\" src=\"https:\/\/carnia.es\/wp-content\/uploads\/2020\/02\/distribucion-2-1-800x533.jpg\" alt=\"C\u00e0rnia Servicio a carnicer\u00edas, cadenas de distribuci\u00f3n y supermercados 3\">\n\t\t\t\t\t\t\t\t\t\t\t\t\t\t\t\t\t<\/figure>\n\t\t\t\t\t\t\t<\/div><!-- \/ slide-item -->\n\t\t\t\t\t\t\t\t\t\t\t\t\t\t\t\t\t\t\t\t\t\t\t\t<div class=\"slide-item\">\n\t\t\t\t\t\t\t\t<figure class=\"img\">\n\t\t\t\t\t\t\t\t\t<img decoding=\"async\" src=\"https:\/\/carnia.es\/wp-content\/uploads\/2020\/02\/distribucion-3-800x533.jpg\" alt=\"C\u00e0rnia realiza el sacrificio y cuarteo en el matadero de Mercabarna 4\">\n\t\t\t\t\t\t\t\t\t\t\t\t\t\t\t\t\t<\/figure>\n\t\t\t\t\t\t\t<\/div><!-- \/ slide-item -->\n\t\t\t\t\t\t\t\t\t\t\t\t\t\t\t\t\t\t\t\t\t\t\t\t<div class=\"slide-item\">\n\t\t\t\t\t\t\t\t<figure class=\"img\">\n\t\t\t\t\t\t\t\t\t<img decoding=\"async\" src=\"https:\/\/carnia.es\/wp-content\/uploads\/2020\/02\/distribucion-4-800x533.jpg\" alt=\"C\u00e0rnia Servicio a carnicer\u00edas, cadenas de distribuci\u00f3n y supermercados 1\">\n\t\t\t\t\t\t\t\t\t\t\t\t\t\t\t\t\t<\/figure>\n\t\t\t\t\t\t\t<\/div><!-- \/ slide-item -->\n\t\t\t\t\t\t\t\t\t\t\t\t\t\t\t\t\t\t\t\t\t\t\t\t<div class=\"slide-item\">\n\t\t\t\t\t\t\t\t<figure class=\"img\">\n\t\t\t\t\t\t\t\t\t<img decoding=\"async\" src=\"https:\/\/carnia.es\/wp-content\/uploads\/2020\/02\/distribucion-5-800x533.jpg\" alt=\"C\u00e0rnia Producto vacuno Sacrificio y venta a mayoristas 5\">\n\t\t\t\t\t\t\t\t\t\t\t\t\t\t\t\t\t<\/figure>\n\t\t\t\t\t\t\t<\/div><!-- \/ slide-item -->\n\t\t\t\t\t\t\t\t\t\t\t\t\t\t\t\t\t\t\t\t\t\t\t\t<div class=\"slide-item\">\n\t\t\t\t\t\t\t\t<figure class=\"img\">\n\t\t\t\t\t\t\t\t\t<img decoding=\"async\" src=\"https:\/\/carnia.es\/wp-content\/uploads\/2020\/02\/distribucion-6-800x533.jpg\" alt=\"C\u00e0rnia Servicio a carnicer\u00edas, cadenas de distribuci\u00f3n y supermercados.\">\n\t\t\t\t\t\t\t\t\t\t\t\t\t\t\t\t\t<\/figure>\n\t\t\t\t\t\t\t<\/div><!-- \/ slide-item -->\n\t\t\t\t\t\t\t\t\t\t\t\t\t\t\t<\/div><!-- \/ img-carousel -->\n\t\t\t<\/div><!-- \/ carousel-wrap -->\n\t\t\n\t\t<div class=\"container-fluid\">\n\t\t\t<div class=\"row\">\n\t\t\t\t<div class=\"col-lg-8\">\n\t\t\t\t\t\t\t\t\t\t\t\t\t\t\t<ul class=\"list\">\n\t\t\t\t\t\t<li>We supply butchers, distribution chains and supermarkets.<\/li><li>\r\nDressing, cutting, filleting and manufacturing of meat products.<\/li><li>\r\nImport\/export.<\/li><li>\r\nVacuum packing, skin films, MAP (modified atmosphere packaging), Gastronorm, IQF (individual quick freezing), EAP protective atmospheres.<\/li><li>\r\nQuality certification<\/li>\n\t\t\t\t\t<\/ul>\n\t\t\t\t\t\t\t\t\t\t\t\t\t\t\t<div class=\"partner-list\">\n\t\t\t\t\t\t\t\t\t\t\t\t\t\t\t\t\t\t\t\t\t<figure><img decoding=\"async\" src=\"https:\/\/carnia.es\/wp-content\/uploads\/2019\/12\/IFS.svg\" alt=\"\"><\/figure>\n\t\t\t\t\t\t\t\t\t\t\t\t\t\t\t\t\t\t\t\t\t\t\t\t\t\t\t\t<figure><img decoding=\"async\" src=\"https:\/\/carnia.es\/wp-content\/uploads\/2019\/12\/qc.svg\" alt=\"\"><\/figure>\n\t\t\t\t\t\t\t\t\t\t\t\t\t\t\t\t\t\t\t\t\t\t\t\t\t\t\t\t<figure><img decoding=\"async\" src=\"https:\/\/carnia.es\/wp-content\/uploads\/2019\/12\/halal.svg\" alt=\"\"><\/figure>\n\t\t\t\t\t\t\t\t\t\t\t\t\t\t\t\t\t\t\t\t\t\t\t\t\t\t\t\t<figure><img decoding=\"async\" src=\"https:\/\/carnia.es\/wp-content\/uploads\/2019\/12\/certicar.svg\" alt=\"\"><\/figure>\n\t\t\t\t\t\t\t\t\t\t\t\t\t\t\t\t\t\t\t\t\t\t\t\t\t\t\t\t<figure><img decoding=\"async\" src=\"https:\/\/carnia.es\/wp-content\/uploads\/2020\/01\/esvona-1.png\" alt=\"C\u00e0rnia trabaja con Esvona\"><\/figure>\n\t\t\t\t\t\t\t\t\t\t\t\t\t\t\t\t\t\t\t\t\t\t\t\t\t\t\t\t<figure><img decoding=\"async\" src=\"https:\/\/carnia.es\/wp-content\/uploads\/2019\/12\/cbpc-1.svg\" alt=\"\"><\/figure>\n\t\t\t\t\t\t\t\t\t\t\t\t\t\t\t\t\t\t<\/div>\n\t\t\t\t\t\t\t\t\t<\/div><!-- \/ col -->\n\t\t\t<\/div><!-- \/ row -->\n\t\t<\/div><!-- \/ container-fluid -->\n\t\t\n\t\t\t<\/div><!-- \/ service-info -->\n\n\n\n\n\n\t<div id=\"service-03\" class=\"section bg-gray service-info\">\n\t\t<div class=\"container-fluid\">\n\t\t\t\t\t\t\t<header class=\"service-head size2\">\n\t\t\t\t\t<h2>Meat products for catering services<\/h2>\n\t\t\t\t<\/header>\n\t\t\t\t\t<\/div><!-- \/ container-fluid -->\n\n\t\t\t\t\t<div class=\"carousel-wrap\">\n\t\t\t\t<div class=\"img-carousel\">\n\t\t\t\t\t\t\t\t\t\t\t\t\t\t\t\t\t\t<div class=\"slide-item\">\n\t\t\t\t\t\t\t\t<figure class=\"img\">\n\t\t\t\t\t\t\t\t\t<img decoding=\"async\" src=\"https:\/\/carnia.es\/wp-content\/uploads\/2019\/12\/lamb-ribs-3.jpg\" alt=\"lamb-ribs c\u00e0rnia\">\n\t\t\t\t\t\t\t\t\t\t\t\t\t\t\t\t\t<\/figure>\n\t\t\t\t\t\t\t<\/div><!-- \/ slide-item -->\n\t\t\t\t\t\t\t\t\t\t\t\t\t\t\t\t\t\t\t\t\t\t\t\t<div class=\"slide-item\">\n\t\t\t\t\t\t\t\t<figure class=\"img\">\n\t\t\t\t\t\t\t\t\t<img decoding=\"async\" src=\"https:\/\/carnia.es\/wp-content\/uploads\/2019\/12\/mini-tournedo-2-5-800x533.jpg\" alt=\"mini-tournedo- c\u00e0rnia\">\n\t\t\t\t\t\t\t\t\t\t\t\t\t\t\t\t\t<\/figure>\n\t\t\t\t\t\t\t<\/div><!-- \/ slide-item -->\n\t\t\t\t\t\t\t\t\t\t\t\t\t\t\t\t\t\t\t\t\t\t\t\t<div class=\"slide-item\">\n\t\t\t\t\t\t\t\t<figure class=\"img\">\n\t\t\t\t\t\t\t\t\t<img decoding=\"async\" src=\"https:\/\/carnia.es\/wp-content\/uploads\/2019\/12\/hamburguesa-1-800x533.jpg\" alt=\"hamburguesa c\u00e0rnia 22\">\n\t\t\t\t\t\t\t\t\t\t\t\t\t\t\t\t\t<\/figure>\n\t\t\t\t\t\t\t<\/div><!-- \/ slide-item -->\n\t\t\t\t\t\t\t\t\t\t\t\t\t\t\t\t\t\t\t\t\t\t\t\t<div class=\"slide-item\">\n\t\t\t\t\t\t\t\t<figure class=\"img\">\n\t\t\t\t\t\t\t\t\t<img decoding=\"async\" src=\"https:\/\/carnia.es\/wp-content\/uploads\/2019\/12\/pinchos-2.jpg\" alt=\"pinchos c\u00e0rnia 22\">\n\t\t\t\t\t\t\t\t\t\t\t\t\t\t\t\t\t<\/figure>\n\t\t\t\t\t\t\t<\/div><!-- \/ slide-item -->\n\t\t\t\t\t\t\t\t\t\t\t\t\t\t\t<\/div><!-- \/ img-carousel -->\n\t\t\t<\/div><!-- \/ carousel-wrap -->\n\t\t\n\t\t<div class=\"container-fluid\">\n\t\t\t<div class=\"row\">\n\t\t\t\t<div class=\"col-lg-8\">\n\t\t\t\t\t<p>We supply the catering trade: bars, hotels, restaurants, institutions and HoReCa\/food service channel clients.<\/p>\n<p>Combining quality and tradition with the latest industrial processes and technology is a challenge that staff at the CGC catering department face every day.<\/p>\n<p>We make our meat products with the care and creativity, complying with the strict hygiene standards required by the HoReCa industry and adapting them to each customer\u2019s specific needs.<\/p>\n\t\t\t\t\t\t\t\t\t\t<ul class=\"list\">\n\t\t\t\t\t\t<li>Poultry and game<\/li><li>\r\nWhite and Iberian pigs<\/li><li>\r\nLamb, kid and suckling lamb<\/li><li>\r\nBeef and veal<\/li><li>\r\nImported meats<\/li><li>\r\n60-day dry-aged matured meat<\/li>\n\t\t\t\t\t<\/ul>\n\t\t\t\t\t\t\t\t\t\t\t\t\t\t<\/div><!-- \/ col -->\n\t\t\t<\/div><!-- \/ row -->\n\t\t<\/div><!-- \/ container-fluid -->\n\t\t\n\t\t\t<\/div><!-- \/ service-info -->\n\n\n\n\n\n\t<div id=\"service-04\" class=\"section bg-gray-02 service-info\">\n\t\t<div class=\"container-fluid\">\n\t\t\t\t\t\t\t<header class=\"service-head size2\">\n\t\t\t\t\t<h2>Transport<\/h2>\n\t\t\t\t<\/header>\n\t\t\t\t\t<\/div><!-- \/ container-fluid -->\n\n\t\t\t\t\t<div class=\"carousel-wrap\">\n\t\t\t\t<div class=\"img-carousel\">\n\t\t\t\t\t\t\t\t\t\t\t\t\t\t\t\t\t\t<div class=\"slide-item\">\n\t\t\t\t\t\t\t\t<figure class=\"img\">\n\t\t\t\t\t\t\t\t\t<img decoding=\"async\" src=\"https:\/\/carnia.es\/wp-content\/uploads\/2020\/02\/transporte-2-800x533.jpg\" alt=\"C\u00e0rnia ofrece servicio puerta a puerta para nuestros clientes un trato directo y personalizado 5\">\n\t\t\t\t\t\t\t\t\t\t\t\t\t\t\t\t\t<\/figure>\n\t\t\t\t\t\t\t<\/div><!-- \/ slide-item -->\n\t\t\t\t\t\t\t\t\t\t\t\t\t\t\t\t\t\t\t\t\t\t\t\t<div class=\"slide-item\">\n\t\t\t\t\t\t\t\t<figure class=\"img\">\n\t\t\t\t\t\t\t\t\t<img decoding=\"async\" src=\"https:\/\/carnia.es\/wp-content\/uploads\/2020\/02\/transporte-3-800x533.jpg\" alt=\"C\u00e0rnia ofrece servicio puerta a puerta para nuestros clientes un trato directo y personalizado 3\">\n\t\t\t\t\t\t\t\t\t\t\t\t\t\t\t\t\t<\/figure>\n\t\t\t\t\t\t\t<\/div><!-- \/ slide-item -->\n\t\t\t\t\t\t\t\t\t\t\t\t\t\t\t\t\t\t\t\t\t\t\t\t<div class=\"slide-item\">\n\t\t\t\t\t\t\t\t<figure class=\"img\">\n\t\t\t\t\t\t\t\t\t<img decoding=\"async\" src=\"https:\/\/carnia.es\/wp-content\/uploads\/2019\/12\/furgos-800x533.jpg\" alt=\"Flota Transporte C\u00e0rnia\">\n\t\t\t\t\t\t\t\t\t\t\t\t\t\t\t\t\t<\/figure>\n\t\t\t\t\t\t\t<\/div><!-- \/ slide-item -->\n\t\t\t\t\t\t\t\t\t\t\t\t\t\t\t\t\t\t\t\t\t\t\t\t<div class=\"slide-item\">\n\t\t\t\t\t\t\t\t<figure class=\"img\">\n\t\t\t\t\t\t\t\t\t<img decoding=\"async\" src=\"https:\/\/carnia.es\/wp-content\/uploads\/2020\/02\/transporte-4-1-800x533.jpg\" alt=\"C\u00e0rnia ofrece servicio puerta a puerta para nuestros clientes un trato directo y personalizado.\">\n\t\t\t\t\t\t\t\t\t\t\t\t\t\t\t\t\t<\/figure>\n\t\t\t\t\t\t\t<\/div><!-- \/ slide-item -->\n\t\t\t\t\t\t\t\t\t\t\t\t\t\t\t<\/div><!-- \/ img-carousel -->\n\t\t\t<\/div><!-- \/ carousel-wrap -->\n\t\t\n\t\t<div class=\"container-fluid\">\n\t\t\t<div class=\"row\">\n\t\t\t\t<div class=\"col-lg-8\">\n\t\t\t\t\t<p> Every day, we make more than 800 deliveries all over Spain in our own fleet of 40 refrigerated vehicles and with the help of various logistics companies. <\/p>\n<p> Our delivery staff\u2019s door-to-door service ensures our customers direct, personalised attention. Service in Spain and abroad.<\/p>\n\t\t\t\t\t\t\t\t\t\t\t\t\t\t<\/div><!-- \/ col -->\n\t\t\t<\/div><!-- \/ row -->\n\t\t<\/div><!-- \/ container-fluid -->\n\t\t\n\t\t\t<\/div><!-- \/ service-info -->\n\n\n","protected":false},"excerpt":{"rendered":"","protected":false},"author":2,"featured_media":0,"parent":0,"menu_order":0,"comment_status":"closed","ping_status":"closed","template":"","meta":{"_acf_changed":false,"footnotes":""},"class_list":["post-804","page","type-page","status-publish","hentry"],"acf":[],"yoast_head":"<!-- This site is optimized with the Yoast SEO plugin v27.3 - https:\/\/yoast.com\/product\/yoast-seo-wordpress\/ -->\n<title>Services - Companyia General C\u00e0rnia<\/title>\n<meta name=\"robots\" content=\"index, follow, max-snippet:-1, max-image-preview:large, max-video-preview:-1\" \/>\n<link rel=\"canonical\" href=\"https:\/\/carnia.es\/en\/services\/\" \/>\n<meta property=\"og:locale\" content=\"en_US\" \/>\n<meta property=\"og:type\" content=\"article\" \/>\n<meta property=\"og:title\" content=\"Services - Companyia General C\u00e0rnia\" \/>\n<meta property=\"og:url\" content=\"https:\/\/carnia.es\/en\/services\/\" \/>\n<meta property=\"og:site_name\" content=\"Companyia General C\u00e0rnia\" \/>\n<meta property=\"article:modified_time\" content=\"2021-07-26T06:47:42+00:00\" \/>\n<meta name=\"twitter:card\" content=\"summary_large_image\" \/>\n<script type=\"application\/ld+json\" class=\"yoast-schema-graph\">{\"@context\":\"https:\\\/\\\/schema.org\",\"@graph\":[{\"@type\":\"WebPage\",\"@id\":\"https:\\\/\\\/carnia.es\\\/en\\\/services\\\/\",\"url\":\"https:\\\/\\\/carnia.es\\\/en\\\/services\\\/\",\"name\":\"Services - Companyia General C\u00e0rnia\",\"isPartOf\":{\"@id\":\"https:\\\/\\\/carnia.es\\\/en\\\/#website\"},\"datePublished\":\"2019-09-30T10:14:56+00:00\",\"dateModified\":\"2021-07-26T06:47:42+00:00\",\"breadcrumb\":{\"@id\":\"https:\\\/\\\/carnia.es\\\/en\\\/services\\\/#breadcrumb\"},\"inLanguage\":\"en-US\",\"potentialAction\":[{\"@type\":\"ReadAction\",\"target\":[\"https:\\\/\\\/carnia.es\\\/en\\\/services\\\/\"]}]},{\"@type\":\"BreadcrumbList\",\"@id\":\"https:\\\/\\\/carnia.es\\\/en\\\/services\\\/#breadcrumb\",\"itemListElement\":[{\"@type\":\"ListItem\",\"position\":1,\"name\":\"Home\",\"item\":\"https:\\\/\\\/carnia.es\\\/en\\\/\"},{\"@type\":\"ListItem\",\"position\":2,\"name\":\"Services\"}]},{\"@type\":\"WebSite\",\"@id\":\"https:\\\/\\\/carnia.es\\\/en\\\/#website\",\"url\":\"https:\\\/\\\/carnia.es\\\/en\\\/\",\"name\":\"Companyia General C\u00e0rnia\",\"description\":\"100 a\u00f1os de experiencia en el sector c\u00e1rnico\",\"publisher\":{\"@id\":\"https:\\\/\\\/carnia.es\\\/en\\\/#organization\"},\"potentialAction\":[{\"@type\":\"SearchAction\",\"target\":{\"@type\":\"EntryPoint\",\"urlTemplate\":\"https:\\\/\\\/carnia.es\\\/en\\\/?s={search_term_string}\"},\"query-input\":{\"@type\":\"PropertyValueSpecification\",\"valueRequired\":true,\"valueName\":\"search_term_string\"}}],\"inLanguage\":\"en-US\"},{\"@type\":\"Organization\",\"@id\":\"https:\\\/\\\/carnia.es\\\/en\\\/#organization\",\"name\":\"Companyia General C\u00e0rnia\",\"url\":\"https:\\\/\\\/carnia.es\\\/en\\\/\",\"logo\":{\"@type\":\"ImageObject\",\"inLanguage\":\"en-US\",\"@id\":\"https:\\\/\\\/carnia.es\\\/en\\\/#\\\/schema\\\/logo\\\/image\\\/\",\"url\":\"https:\\\/\\\/carnia.es\\\/wp-content\\\/uploads\\\/2019\\\/09\\\/logo-1.svg\",\"contentUrl\":\"https:\\\/\\\/carnia.es\\\/wp-content\\\/uploads\\\/2019\\\/09\\\/logo-1.svg\",\"width\":160,\"height\":45,\"caption\":\"Companyia General C\u00e0rnia\"},\"image\":{\"@id\":\"https:\\\/\\\/carnia.es\\\/en\\\/#\\\/schema\\\/logo\\\/image\\\/\"}}]}<\/script>\n<!-- \/ Yoast SEO plugin. -->","yoast_head_json":{"title":"Services - Companyia General C\u00e0rnia","robots":{"index":"index","follow":"follow","max-snippet":"max-snippet:-1","max-image-preview":"max-image-preview:large","max-video-preview":"max-video-preview:-1"},"canonical":"https:\/\/carnia.es\/en\/services\/","og_locale":"en_US","og_type":"article","og_title":"Services - Companyia General C\u00e0rnia","og_url":"https:\/\/carnia.es\/en\/services\/","og_site_name":"Companyia General C\u00e0rnia","article_modified_time":"2021-07-26T06:47:42+00:00","twitter_card":"summary_large_image","schema":{"@context":"https:\/\/schema.org","@graph":[{"@type":"WebPage","@id":"https:\/\/carnia.es\/en\/services\/","url":"https:\/\/carnia.es\/en\/services\/","name":"Services - Companyia General C\u00e0rnia","isPartOf":{"@id":"https:\/\/carnia.es\/en\/#website"},"datePublished":"2019-09-30T10:14:56+00:00","dateModified":"2021-07-26T06:47:42+00:00","breadcrumb":{"@id":"https:\/\/carnia.es\/en\/services\/#breadcrumb"},"inLanguage":"en-US","potentialAction":[{"@type":"ReadAction","target":["https:\/\/carnia.es\/en\/services\/"]}]},{"@type":"BreadcrumbList","@id":"https:\/\/carnia.es\/en\/services\/#breadcrumb","itemListElement":[{"@type":"ListItem","position":1,"name":"Home","item":"https:\/\/carnia.es\/en\/"},{"@type":"ListItem","position":2,"name":"Services"}]},{"@type":"WebSite","@id":"https:\/\/carnia.es\/en\/#website","url":"https:\/\/carnia.es\/en\/","name":"Companyia General C\u00e0rnia","description":"100 a\u00f1os de experiencia en el sector c\u00e1rnico","publisher":{"@id":"https:\/\/carnia.es\/en\/#organization"},"potentialAction":[{"@type":"SearchAction","target":{"@type":"EntryPoint","urlTemplate":"https:\/\/carnia.es\/en\/?s={search_term_string}"},"query-input":{"@type":"PropertyValueSpecification","valueRequired":true,"valueName":"search_term_string"}}],"inLanguage":"en-US"},{"@type":"Organization","@id":"https:\/\/carnia.es\/en\/#organization","name":"Companyia General C\u00e0rnia","url":"https:\/\/carnia.es\/en\/","logo":{"@type":"ImageObject","inLanguage":"en-US","@id":"https:\/\/carnia.es\/en\/#\/schema\/logo\/image\/","url":"https:\/\/carnia.es\/wp-content\/uploads\/2019\/09\/logo-1.svg","contentUrl":"https:\/\/carnia.es\/wp-content\/uploads\/2019\/09\/logo-1.svg","width":160,"height":45,"caption":"Companyia General C\u00e0rnia"},"image":{"@id":"https:\/\/carnia.es\/en\/#\/schema\/logo\/image\/"}}]}},"_links":{"self":[{"href":"https:\/\/carnia.es\/en\/wp-json\/wp\/v2\/pages\/804","targetHints":{"allow":["GET"]}}],"collection":[{"href":"https:\/\/carnia.es\/en\/wp-json\/wp\/v2\/pages"}],"about":[{"href":"https:\/\/carnia.es\/en\/wp-json\/wp\/v2\/types\/page"}],"author":[{"embeddable":true,"href":"https:\/\/carnia.es\/en\/wp-json\/wp\/v2\/users\/2"}],"replies":[{"embeddable":true,"href":"https:\/\/carnia.es\/en\/wp-json\/wp\/v2\/comments?post=804"}],"version-history":[{"count":11,"href":"https:\/\/carnia.es\/en\/wp-json\/wp\/v2\/pages\/804\/revisions"}],"predecessor-version":[{"id":7378,"href":"https:\/\/carnia.es\/en\/wp-json\/wp\/v2\/pages\/804\/revisions\/7378"}],"wp:attachment":[{"href":"https:\/\/carnia.es\/en\/wp-json\/wp\/v2\/media?parent=804"}],"curies":[{"name":"wp","href":"https:\/\/api.w.org\/{rel}","templated":true}]}}