{"id":786,"date":"2019-09-26T09:24:09","date_gmt":"2019-09-26T09:24:09","guid":{"rendered":"https:\/\/carnia.es\/new\/?page_id=786"},"modified":"2020-05-14T14:39:30","modified_gmt":"2020-05-14T14:39:30","slug":"legal-advice","status":"publish","type":"page","link":"https:\/\/carnia.es\/en\/legal-advice\/","title":{"rendered":"Legal Advice"},"content":{"rendered":"<div class=\"text-wrapper\"><div class=\"container-fluid\">\n<p><strong>1.-INFORMACI\u00d3N GENERAL<br><\/strong><br>COMPANYIA GENERAL CARNIA, S.A. (en adelante COMPANYIA GENERAL CARNIA) es una compa\u00f1\u00eda que se dedica al sacrificio, producci\u00f3n y comercializaci\u00f3n de productos c\u00e1rnicos, con NIF n\u00famero A62009485 Contactar con COMPANYIA GENERAL CARNIA de la siguiente manera:<\/p>\n<\/div><\/div>\n\n<div class=\"text-wrapper\"><div class=\"container-fluid\">\n<p><strong>Correo Ordinaro<\/strong>:<\/p>\n<\/div><\/div>\n\n<div class=\"text-wrapper\"><div class=\"container-fluid\">\n<p>C\/ Longitudinal 5, n\u00ba 93 (Mercabarna)<br>08004-Barcelona<br>Espa\u00f1a<\/p>\n<\/div><\/div>\n\n<div class=\"text-wrapper\"><div class=\"container-fluid\">\n<p><strong>Correo electr\u00f3nico<\/strong>: info@cgcarnia.com<\/p>\n<\/div><\/div>\n\n<div class=\"text-wrapper\"><div class=\"container-fluid\">\n<p><strong>Tel<\/strong>&nbsp;: (+34) 93 556 48 08<\/p>\n<\/div><\/div>\n\n<div class=\"text-wrapper\"><div class=\"container-fluid\">\n<p><strong>2.-CONDICIONES DEL ACCESO<\/strong><\/p>\n<\/div><\/div>\n\n<div class=\"text-wrapper\"><div class=\"container-fluid\">\n<p>El usuario de la web, mediante su acceso y navegaci\u00f3n por la misma, se obliga a utilizarla de conformidad con la legislaci\u00f3n vigente en cada momento, de las condiciones de navegaci\u00f3n establecidas en la misma, a las condiciones establecidas en el presente Aviso Legal, as\u00ed como de acuerdo con la moral, las buenas costumbres generalmente aceptadas y el orden p\u00fablico.\u00a0El usuario responder\u00e1 ante la COMPANY\u00cdA GENERAL C\u00c1RNIA y\/o terceros, de cualesquier da\u00f1o y perjuicio que pudieran causarse como consecuencia del incumplimiento de esta obligaci\u00f3n.<br>El acceso y navegaci\u00f3n por la presente web implica aceptar y conocer las advertencias legales que aqu\u00ed se recogen.\u00a0El mero acceso no implica el establecimiento de ning\u00fan tipo de relaci\u00f3n entre la COMPANY\u00cdA GENERAL C\u00c1RNIA y el usuario.<\/p>\n<\/div><\/div>\n\n<div class=\"text-wrapper\"><div class=\"container-fluid\">\n<p>En el presente aviso legal se podr\u00e1 realizar, en cualquier momento, las modificaciones que la COMPANY\u00cdA GENERAL C\u00c1RNIA considere necesarias, con independencia de su finalidad, siempre y cuando respete la normativa aplicable.<br>La COMPANY\u00cdA GENERAL C\u00c1RNIA podr\u00e1 prohibir el acceso a la presente web a cualquier usuario que realice conductas il\u00edcitas.<\/p>\n<\/div><\/div>\n\n<div class=\"text-wrapper\"><div class=\"container-fluid\">\n<p>El usuario de la presente web deber\u00e1 abstenerse, en todo caso, de suprimir, alterar, eludir o manipular cualquier dispositivo de protecci\u00f3n o sistema de seguridad que pueda estar instalado en la misma.El usuario de la web, mediante su acceso y navegaci\u00f3n por la misma, se obliga a utilizarla de conformidad con la legislaci\u00f3n vigente en cada momento y de las condiciones de navegaci\u00f3n establecidas en el presente Aviso Legal, la moral y las buenas costumbres generalmente aceptadas y el orden p\u00fablico.<\/p>\n<\/div><\/div>\n\n<div class=\"text-wrapper\"><div class=\"container-fluid\">\n<p>El usuario responder\u00e1 frente COMPANYIA GENERAL CARNIA y\/o frente a terceros, de cualquier da\u00f1o y perjuicio que puedan causarse como consecuencia del incumplimiento de la referida obligaci\u00f3n.<\/p>\n<\/div><\/div>\n\n<div class=\"text-wrapper\"><div class=\"container-fluid\">\n<p>El acceso y navegaci\u00f3n por la presente web implica aceptar y conocer las advertencias legales que aqu\u00ed se recogen. El simple acceso no implica el establecimiento de ning\u00fan tipo de relaci\u00f3n entre COMPANYIA GENERAL CARNIA y el usuario. En el presente aviso legal se podr\u00e1 realizar, en cualquier momento, las modificaciones que COMPANYIA GENERAL CARNIA considere necesario, con independencia de su finalidad , siempre y cuando respete la normativa aplicable. COMPANYIA GENERAL CARNIA podr\u00e1 prohibir el acceso a la presente web a cualquier usuario que realice conductas ilegales.<\/p>\n<\/div><\/div>\n\n<div class=\"text-wrapper\"><div class=\"container-fluid\">\n<p>El usuario de la presente web tendr\u00e1 que abstenerse, en todo caso, de suprimir, alterar, eludir o manipular cualquier dispositivo de protecci\u00f3n o sistema de seguridad que puedan estar instaladas en la misma.<\/p>\n<\/div><\/div>\n\n<div class=\"text-wrapper\"><div class=\"container-fluid\">\n<p><strong>3.- PROPIEDAD INTELECTUAL E INDUSTRIAL<\/strong><\/p>\n<\/div><\/div>\n\n<div class=\"text-wrapper\"><div class=\"container-fluid\">\n<p><strong>\u00a9 2018\u00a0COMPANY\u00cdA GENERAL C\u00c1RNIA, SA\u00a0<\/strong>\u00a0\u00a0Todos los derechos reservados.<br>Todos los contenidos presentes en la web, entendiendo estos a t\u00edtulo enunciativo y no limitativo, los textos, im\u00e1genes, fotograf\u00edas, sonidos, ficheros, logotipos, c\u00f3digos fuente, combinaciones de colores, o cualquier otro elemento, as\u00ed como\u00a0la estructura y dise\u00f1o, la selecci\u00f3n y forma de presentaci\u00f3n de los materiales incluidos en la misma web y los programas de ordenador necesarios para su funcionamiento, acceso y utilizaci\u00f3n se encuentran sujetos a los derechos de propiedad intelectual e industrial pertenecientes a la COMPANY\u00cdA GENERAL C\u00c1RNIA o a terceros.\u00a0En este sentido, se establece que el usuario podr\u00e1 utilizarlos \u00fanicamente para su uso personal y privado y se compromete a no utilizarlos con fines comerciales ni a su explotaci\u00f3n, distribuci\u00f3n, reproducci\u00f3n, comunicaci\u00f3n p\u00fablica, utilizaci\u00f3n t\u00e9cnica de ingenier\u00eda inversa, o a modificarlos, alterarlos sin la correspondiente autorizaci\u00f3n previa por escrito del titular, exceptuando los casos en que legalmente est\u00e9 permitido.<\/p>\n<\/div><\/div>\n\n<div class=\"text-wrapper\"><div class=\"container-fluid\">\n<p>Todas las publicaciones, marcas, nombres comerciales o signos distintivos de cualquier clase que aparecen en la presente web son propiedad de la COMPANY\u00cdA GENERAL C\u00c1RNIA o de terceros, sin que pueda entenderse que el uso o acceso a la web atribuya al usuario ning\u00fan derecho sobre las citadas publicaciones, marcas, nombres comerciales y\/o signos distintivos ni sobre ninguno de los contenidos que figuran.<\/p>\n<\/div><\/div>\n\n<div class=\"text-wrapper\"><div class=\"container-fluid\">\n<p><strong>4.- POL\u00cdTICA PRIVACIDAD DE LOS DATOS PERSONALES<\/strong><\/p>\n<\/div><\/div>\n\n<div class=\"text-wrapper\"><div class=\"container-fluid\">\n<p>Por el presente, en el supuesto de la inclusi\u00f3n de sus datos de car\u00e1cter personal en el \u201cFORMULARIO DE CONTACTO\u201d ofrecido en la Web\u00a0de\u00a0COMPANY\u00cdA GENERAL C\u00c1RNIA\u00a0a efectos de dar cumplimiento a los principios de transparencia e informaci\u00f3n previstos en el Reglamento Europeo de Protecci\u00f3n de Datos, le informamos sobre las garant\u00edas que ofrece\u00a0COMPANY\u00cdA GENERAL C\u00c1RNIA,\u00a0en el tratamiento de los datos de car\u00e1cter personal.\u00a0En este sentido, hemos realizado y mantenemos actualizado el correspondiente registro de tratamiento sobre los datos obtenidos en el presente portal, cuya finalidad es responder sobre las preguntas que se nos formulen y\/o informar puntualmente de nuestros productos.\u00a0Todos\u00a0los interesados podr\u00e1n ejercitar los derechos de acceso, rectificaci\u00f3n, limitaci\u00f3n, oposici\u00f3n, portabilidad y supresi\u00f3n de los datos.\u00a0Estos derechos deber\u00e1n ejercitarse por el usuario mediante una solicitud dirigida\u00a0al correo\u00a0electr\u00f3nico \u00a0protecciodedades@cgcarnia.com. En\u00a0la solicitud deber\u00e1n figurar: el nombre completo del usuario, n\u00famero del Documento Nacional de Identidad o del Pasaporte y descripci\u00f3n del derecho ejercitado, comprometi\u00e9ndose COMPANY\u00cdA GENERAL C\u00c1RNIA\u00a0a contestar en el plazo legal previsto, el ejercicio del derecho.\u00a0COMPANY\u00cdA GENERAL C\u00c1RNIA\u00a0adoptar\u00e1 las medidas de seguridad necesarias para evitar la alteraci\u00f3n, p\u00e9rdida, tratamiento o acceso no autorizados de las bases de datos en las que incluya los datos facilitados por los usuarios, as\u00ed mismo se compromete a notificar dentro del plazo establecido de cualquier intromisi\u00f3n que afecta al tratamiento.\u00a0En relaci\u00f3n a los datos obtenidos en el presente portal no ser\u00e1n cedidos a terceras empresas.\u00a0En el supuesto de que la compa\u00f1\u00eda designe un Delegado de Protecci\u00f3n de Datos ser\u00e1 indicado en el presente aviso de privacidad, en este sentido COMPANY\u00cdA GENERAL C\u00c1RNIA\u00a0se reserva el derecho de modificar en un futuro la presente pol\u00edtica\u00a0de privacidad.\u00a0Asimismo, en el supuesto de querer obtener m\u00e1s informaci\u00f3n no dude en contactar con nosotros a trav\u00e9s del correo electr\u00f3nico\u00a0protecciodedades@cgcarnia.com y ampliaremos la informaci\u00f3n que considere oportuno.<\/p>\n<\/div><\/div>\n\n<div class=\"text-wrapper\"><div class=\"container-fluid\">\n<p><strong>5.- LIMITACI\u00d3N DE RESPONSABILIDAD<\/strong><\/p>\n<\/div><\/div>\n\n<div class=\"text-wrapper\"><div class=\"container-fluid\">\n<p>El uso de la presente web se realiza por cuenta y riesgo del usuario.\u00a0La COMPANY\u00cdA GENERAL C\u00c1RNIA no se responsabiliza del mal uso que el usuario pueda hacer de esta web.<br>La COMPANY\u00cdA GENERAL C\u00c1RNIA no se responsabilizar\u00e1 de los errores y omisiones que pudiera contener la presente p\u00e1gina web ni tampoco ser\u00e1 ni podr\u00e1 considerarse responsable por cualquier da\u00f1o derivado del uso de la web ni por cualquier actuaci\u00f3n realizada en base a la informaci\u00f3n que aparece.<\/p>\n<\/div><\/div>\n\n<div class=\"text-wrapper\"><div class=\"container-fluid\">\n<p>La COMPANY\u00cdA GENERAL C\u00c1RNIA no garantiza la ausencia de virus u otros elementos lesivos que puedan ocasionar da\u00f1os o alteraciones t\u00e9cnicas en los sistemas inform\u00e1ticos, documentos electr\u00f3nicos o ficheros del usuario.\u00a0En consecuencia, la COMPANY\u00cdA GENERAL C\u00c1RNIA no responde por los da\u00f1os y perjuicios que los referidos elementos puedan ocasionar al usuario o a terceros.<\/p>\n<\/div><\/div>\n\n<div class=\"text-wrapper\"><div class=\"container-fluid\">\n<p><strong>6.- RESOLUCI\u00d3N DE CONTROVERSIAS<\/strong><\/p>\n<\/div><\/div>\n\n<div class=\"text-wrapper\"><div class=\"container-fluid\">\n<p>Cualquier cuesti\u00f3n litigiosa o, en general, controversia que pueda suceder en relaci\u00f3n con el uso de esta web deber\u00e1 resolverse conforme a la legislaci\u00f3n Espa\u00f1ola por los Juzgados y Tribunales de Barcelona, a los que las partes se someten de forma expresa y renunciando al propio fuero que pudiera corresponder, si no se soluciona de mutuo acuerdo.<\/p>\n<\/div><\/div>","protected":false},"excerpt":{"rendered":"<p>1.-INFORMACI\u00d3N GENERALCOMPANYIA GENERAL CARNIA, S.A. (en adelante COMPANYIA GENERAL CARNIA) es una compa\u00f1\u00eda que se dedica al sacrificio, producci\u00f3n y comercializaci\u00f3n de productos c\u00e1rnicos, con NIF n\u00famero A62009485 Contactar con COMPANYIA GENERAL CARNIA de la siguiente manera: Correo Ordinaro: C\/ Longitudinal 5, n\u00ba 93 (Mercabarna)08004-BarcelonaEspa\u00f1a Correo electr\u00f3nico: info@cgcarnia.com Tel&nbsp;: (+34) 93 556 48 08 2.-CONDICIONES<\/p>\n","protected":false},"author":2,"featured_media":0,"parent":0,"menu_order":0,"comment_status":"closed","ping_status":"closed","template":"","meta":{"_acf_changed":false,"footnotes":""},"class_list":["post-786","page","type-page","status-publish","hentry"],"acf":[],"yoast_head":"<!-- This site is optimized with the Yoast SEO plugin v27.3 - https:\/\/yoast.com\/product\/yoast-seo-wordpress\/ -->\n<title>Legal Advice - Companyia General C\u00e0rnia<\/title>\n<meta name=\"robots\" content=\"index, follow, max-snippet:-1, max-image-preview:large, max-video-preview:-1\" \/>\n<link rel=\"canonical\" href=\"https:\/\/carnia.es\/en\/legal-advice\/\" \/>\n<meta property=\"og:locale\" content=\"en_US\" \/>\n<meta property=\"og:type\" content=\"article\" \/>\n<meta property=\"og:title\" content=\"Legal Advice - Companyia General C\u00e0rnia\" \/>\n<meta property=\"og:description\" content=\"1.-INFORMACI\u00d3N GENERALCOMPANYIA GENERAL CARNIA, S.A. (en adelante COMPANYIA GENERAL CARNIA) es una compa\u00f1\u00eda que se dedica al sacrificio, producci\u00f3n y comercializaci\u00f3n de productos c\u00e1rnicos, con NIF n\u00famero A62009485 Contactar con COMPANYIA GENERAL CARNIA de la siguiente manera: Correo Ordinaro: C\/ Longitudinal 5, n\u00ba 93 (Mercabarna)08004-BarcelonaEspa\u00f1a Correo electr\u00f3nico: info@cgcarnia.com Tel&nbsp;: (+34) 93 556 48 08 2.-CONDICIONES\" \/>\n<meta property=\"og:url\" content=\"https:\/\/carnia.es\/en\/legal-advice\/\" \/>\n<meta property=\"og:site_name\" content=\"Companyia General C\u00e0rnia\" \/>\n<meta property=\"article:modified_time\" content=\"2020-05-14T14:39:30+00:00\" \/>\n<meta name=\"twitter:card\" content=\"summary_large_image\" \/>\n<meta name=\"twitter:label1\" content=\"Est. reading time\" \/>\n\t<meta name=\"twitter:data1\" content=\"7 minutes\" \/>\n<script type=\"application\/ld+json\" class=\"yoast-schema-graph\">{\"@context\":\"https:\\\/\\\/schema.org\",\"@graph\":[{\"@type\":\"WebPage\",\"@id\":\"https:\\\/\\\/carnia.es\\\/en\\\/legal-advice\\\/\",\"url\":\"https:\\\/\\\/carnia.es\\\/en\\\/legal-advice\\\/\",\"name\":\"Legal Advice - Companyia General C\u00e0rnia\",\"isPartOf\":{\"@id\":\"https:\\\/\\\/carnia.es\\\/en\\\/#website\"},\"datePublished\":\"2019-09-26T09:24:09+00:00\",\"dateModified\":\"2020-05-14T14:39:30+00:00\",\"breadcrumb\":{\"@id\":\"https:\\\/\\\/carnia.es\\\/en\\\/legal-advice\\\/#breadcrumb\"},\"inLanguage\":\"en-US\",\"potentialAction\":[{\"@type\":\"ReadAction\",\"target\":[\"https:\\\/\\\/carnia.es\\\/en\\\/legal-advice\\\/\"]}]},{\"@type\":\"BreadcrumbList\",\"@id\":\"https:\\\/\\\/carnia.es\\\/en\\\/legal-advice\\\/#breadcrumb\",\"itemListElement\":[{\"@type\":\"ListItem\",\"position\":1,\"name\":\"Home\",\"item\":\"https:\\\/\\\/carnia.es\\\/en\\\/\"},{\"@type\":\"ListItem\",\"position\":2,\"name\":\"Legal Advice\"}]},{\"@type\":\"WebSite\",\"@id\":\"https:\\\/\\\/carnia.es\\\/en\\\/#website\",\"url\":\"https:\\\/\\\/carnia.es\\\/en\\\/\",\"name\":\"Companyia General C\u00e0rnia\",\"description\":\"100 a\u00f1os de experiencia en el sector c\u00e1rnico\",\"publisher\":{\"@id\":\"https:\\\/\\\/carnia.es\\\/en\\\/#organization\"},\"potentialAction\":[{\"@type\":\"SearchAction\",\"target\":{\"@type\":\"EntryPoint\",\"urlTemplate\":\"https:\\\/\\\/carnia.es\\\/en\\\/?s={search_term_string}\"},\"query-input\":{\"@type\":\"PropertyValueSpecification\",\"valueRequired\":true,\"valueName\":\"search_term_string\"}}],\"inLanguage\":\"en-US\"},{\"@type\":\"Organization\",\"@id\":\"https:\\\/\\\/carnia.es\\\/en\\\/#organization\",\"name\":\"Companyia General C\u00e0rnia\",\"url\":\"https:\\\/\\\/carnia.es\\\/en\\\/\",\"logo\":{\"@type\":\"ImageObject\",\"inLanguage\":\"en-US\",\"@id\":\"https:\\\/\\\/carnia.es\\\/en\\\/#\\\/schema\\\/logo\\\/image\\\/\",\"url\":\"https:\\\/\\\/carnia.es\\\/wp-content\\\/uploads\\\/2019\\\/09\\\/logo-1.svg\",\"contentUrl\":\"https:\\\/\\\/carnia.es\\\/wp-content\\\/uploads\\\/2019\\\/09\\\/logo-1.svg\",\"width\":160,\"height\":45,\"caption\":\"Companyia General C\u00e0rnia\"},\"image\":{\"@id\":\"https:\\\/\\\/carnia.es\\\/en\\\/#\\\/schema\\\/logo\\\/image\\\/\"}}]}<\/script>\n<!-- \/ Yoast SEO plugin. -->","yoast_head_json":{"title":"Legal Advice - Companyia General C\u00e0rnia","robots":{"index":"index","follow":"follow","max-snippet":"max-snippet:-1","max-image-preview":"max-image-preview:large","max-video-preview":"max-video-preview:-1"},"canonical":"https:\/\/carnia.es\/en\/legal-advice\/","og_locale":"en_US","og_type":"article","og_title":"Legal Advice - Companyia General C\u00e0rnia","og_description":"1.-INFORMACI\u00d3N GENERALCOMPANYIA GENERAL CARNIA, S.A. (en adelante COMPANYIA GENERAL CARNIA) es una compa\u00f1\u00eda que se dedica al sacrificio, producci\u00f3n y comercializaci\u00f3n de productos c\u00e1rnicos, con NIF n\u00famero A62009485 Contactar con COMPANYIA GENERAL CARNIA de la siguiente manera: Correo Ordinaro: C\/ Longitudinal 5, n\u00ba 93 (Mercabarna)08004-BarcelonaEspa\u00f1a Correo electr\u00f3nico: info@cgcarnia.com Tel&nbsp;: (+34) 93 556 48 08 2.-CONDICIONES","og_url":"https:\/\/carnia.es\/en\/legal-advice\/","og_site_name":"Companyia General C\u00e0rnia","article_modified_time":"2020-05-14T14:39:30+00:00","twitter_card":"summary_large_image","twitter_misc":{"Est. reading time":"7 minutes"},"schema":{"@context":"https:\/\/schema.org","@graph":[{"@type":"WebPage","@id":"https:\/\/carnia.es\/en\/legal-advice\/","url":"https:\/\/carnia.es\/en\/legal-advice\/","name":"Legal Advice - Companyia General C\u00e0rnia","isPartOf":{"@id":"https:\/\/carnia.es\/en\/#website"},"datePublished":"2019-09-26T09:24:09+00:00","dateModified":"2020-05-14T14:39:30+00:00","breadcrumb":{"@id":"https:\/\/carnia.es\/en\/legal-advice\/#breadcrumb"},"inLanguage":"en-US","potentialAction":[{"@type":"ReadAction","target":["https:\/\/carnia.es\/en\/legal-advice\/"]}]},{"@type":"BreadcrumbList","@id":"https:\/\/carnia.es\/en\/legal-advice\/#breadcrumb","itemListElement":[{"@type":"ListItem","position":1,"name":"Home","item":"https:\/\/carnia.es\/en\/"},{"@type":"ListItem","position":2,"name":"Legal Advice"}]},{"@type":"WebSite","@id":"https:\/\/carnia.es\/en\/#website","url":"https:\/\/carnia.es\/en\/","name":"Companyia General C\u00e0rnia","description":"100 a\u00f1os de experiencia en el sector c\u00e1rnico","publisher":{"@id":"https:\/\/carnia.es\/en\/#organization"},"potentialAction":[{"@type":"SearchAction","target":{"@type":"EntryPoint","urlTemplate":"https:\/\/carnia.es\/en\/?s={search_term_string}"},"query-input":{"@type":"PropertyValueSpecification","valueRequired":true,"valueName":"search_term_string"}}],"inLanguage":"en-US"},{"@type":"Organization","@id":"https:\/\/carnia.es\/en\/#organization","name":"Companyia General C\u00e0rnia","url":"https:\/\/carnia.es\/en\/","logo":{"@type":"ImageObject","inLanguage":"en-US","@id":"https:\/\/carnia.es\/en\/#\/schema\/logo\/image\/","url":"https:\/\/carnia.es\/wp-content\/uploads\/2019\/09\/logo-1.svg","contentUrl":"https:\/\/carnia.es\/wp-content\/uploads\/2019\/09\/logo-1.svg","width":160,"height":45,"caption":"Companyia General C\u00e0rnia"},"image":{"@id":"https:\/\/carnia.es\/en\/#\/schema\/logo\/image\/"}}]}},"_links":{"self":[{"href":"https:\/\/carnia.es\/en\/wp-json\/wp\/v2\/pages\/786","targetHints":{"allow":["GET"]}}],"collection":[{"href":"https:\/\/carnia.es\/en\/wp-json\/wp\/v2\/pages"}],"about":[{"href":"https:\/\/carnia.es\/en\/wp-json\/wp\/v2\/types\/page"}],"author":[{"embeddable":true,"href":"https:\/\/carnia.es\/en\/wp-json\/wp\/v2\/users\/2"}],"replies":[{"embeddable":true,"href":"https:\/\/carnia.es\/en\/wp-json\/wp\/v2\/comments?post=786"}],"version-history":[{"count":3,"href":"https:\/\/carnia.es\/en\/wp-json\/wp\/v2\/pages\/786\/revisions"}],"predecessor-version":[{"id":5307,"href":"https:\/\/carnia.es\/en\/wp-json\/wp\/v2\/pages\/786\/revisions\/5307"}],"wp:attachment":[{"href":"https:\/\/carnia.es\/en\/wp-json\/wp\/v2\/media?parent=786"}],"curies":[{"name":"wp","href":"https:\/\/api.w.org\/{rel}","templated":true}]}}