{"id":768,"date":"2019-09-26T09:45:58","date_gmt":"2019-09-26T09:45:58","guid":{"rendered":"https:\/\/carnia.es\/new\/home\/"},"modified":"2020-11-30T08:18:24","modified_gmt":"2020-11-30T08:18:24","slug":"home","status":"publish","type":"page","link":"https:\/\/carnia.es\/en\/","title":{"rendered":"Inicio"},"content":{"rendered":"    <div id=\"block_5d8ca6246bfc8\" class=\"section bg-gray slider-section main-slider\">\n        <div class=\"container-fluid\">\n                            <div class=\"slider-block\">\n\n        \t        \n                                                    <div class=\"slide-item\">\n                                <div class=\"img-hold\">\n                                    <figure class=\"img\">\n                                        <picture>\n                                                                                            <source media=\"(max-width: 767px)\" srcset=\"https:\/\/carnia.es\/wp-content\/uploads\/2019\/12\/slider_restauracion-1-1000x491.jpg\">\n                                                                                        <img decoding=\"async\" src=\"https:\/\/carnia.es\/wp-content\/uploads\/2019\/12\/slider_restauracion-1600x785.jpg\" alt=\"\">\n                                        <\/picture>                                    \n                                    <\/figure>\n                                <\/div>\n                            <\/div><!-- \/ slide-item -->\n                        \n                    \n                                                    <div class=\"slide-item\">\n                                <div class=\"img-hold\">\n                                    <figure class=\"img\">\n                                        <picture>\n                                                                                            <source media=\"(max-width: 767px)\" srcset=\"https:\/\/carnia.es\/wp-content\/uploads\/2020\/01\/slider-distribucion-2200x1080-1000x491.jpg\">\n                                                                                        <img decoding=\"async\" src=\"https:\/\/carnia.es\/wp-content\/uploads\/2020\/01\/slider-distribucion-2200x1080-1600x785.jpg\" alt=\"C\u00e0rnia Producto vacuno Sacrificio y venta a mayoristas 6\">\n                                        <\/picture>                                    \n                                    <\/figure>\n                                <\/div>\n                            <\/div><!-- \/ slide-item -->\n                        \n                    \n                                                    <div class=\"slide-item\">\n                                <div class=\"img-hold\">\n                                    <figure class=\"img\">\n                                        <picture>\n                                                                                            <source media=\"(max-width: 767px)\" srcset=\"https:\/\/carnia.es\/wp-content\/uploads\/2019\/12\/slider-matadero-1-1000x491.jpg\">\n                                                                                        <img decoding=\"async\" src=\"https:\/\/carnia.es\/wp-content\/uploads\/2019\/12\/slider-matadero-1600x785.jpg\" alt=\"C\u00e0rnia matadero\">\n                                        <\/picture>                                    \n                                    <\/figure>\n                                <\/div>\n                            <\/div><!-- \/ slide-item -->\n                        \n                    \n                                                    <div class=\"slide-item\">\n                                <div class=\"img-hold\">\n                                    <figure class=\"img\">\n                                        <picture>\n                                                                                            <source media=\"(max-width: 767px)\" srcset=\"https:\/\/carnia.es\/wp-content\/uploads\/2019\/12\/slider-ganaderia-1000x491.jpg\">\n                                                                                        <img decoding=\"async\" src=\"https:\/\/carnia.es\/wp-content\/uploads\/2019\/12\/slider-ganaderia-1600x785.jpg\" alt=\"C\u00e0rnia ganaderia\">\n                                        <\/picture>                                    \n                                    <\/figure>\n                                <\/div>\n                            <\/div><!-- \/ slide-item -->\n                        \n                    \n                <\/div><!-- \/ slider-block -->\n            \n                            <div class=\"descr\">\n                    <div class=\"row\">\n                        <div class=\"col-md-8\">\n                            <p>Our company works in livestock farming and the processing, sale and distribution of lamb, beef and other kinds of meat. Our meat is of the highest quality meat and we adhere strictly to animal welfare and environmental standards and good livestock farming practices.<\/p>\n                        <\/div><!-- \/ col -->\n                                                    <div class=\"col-md-4 text-md-right\">\n                                <a href=\"https:\/\/player.vimeo.com\/video\/396449477?dnt=1&amp;app_id=122963\" data-fancybox class=\"btn btn-outline-danger btn-play-video\">View video<\/a>\n                            <\/div><!-- \/ col -->\n                                            <\/div><!-- \/ row -->\n                <\/div><!-- \/ descr -->\n            \n        <\/div>\n    <\/div><!-- \/ slider-section -->\n\n\n\n\n<div id=\"block_5d8ca941706f7\" class=\"section mission-info\">\n    <div class=\"container-fluid\">\n        <div class=\"row\">\n                        <div class=\"col-lg-4\">\n                <h2>Mission and values<\/h2>\n            <\/div><!-- \/ col -->\n                        <div class=\"col-lg-8\">\n                <h3> How we work <\/h3>\n<p>We follow the highest standards in processing and storing our meat, drawing on decades of experience while still adapting to our customers\u2019 changing needs.<\/p>\n<h3>Healthy products and a healthy environment <\/h3>\n<p>We are committed to providing people with healthy, environmentally friendly products and are particularly involved in initiatives to reduce food waste.<\/p>\n<h3>The team  <\/h3>\n<p>Everyone who works at C\u00e0rnia plays a vital role in our company. We guarantee good working conditions and opportunities for career growth and promotion. <\/p>\n            <\/div><!-- \/ col -->\n        <\/div><!-- \/ row -->\n    <\/div><!-- \/ container-fluid -->\n<\/div><!-- \/ mission-info -->\n\n\n\n\t<div id=\"block_5d8cb8cb5d4ce\" class=\"section bg-gray news-section\">\n        <div class=\"container-fluid\">\n            <div class=\"news-slider\">\n\n            \n                <div class=\"slide-item\">\n                    <div class=\"row\">\n                        <div class=\"col-lg-6 order-lg-2\">\n                                                        \n                                \n                                                                            <div class=\"news-slideshow\">\n                                                                                            <div class=\"slide\">\n                                                    <a href=\"https:\/\/carnia.es\/wp-content\/uploads\/2019\/09\/img-001.jpg\" data-fancybox=\"gallery\" class=\"img\">\n                                                        <img decoding=\"async\" src=\"https:\/\/carnia.es\/wp-content\/uploads\/2019\/09\/img-001-600x334.jpg\" alt=\"\">\n                                                    <\/a>\n                                                <\/div>\n                                                                                            <div class=\"slide\">\n                                                    <a href=\"https:\/\/carnia.es\/wp-content\/uploads\/2019\/09\/CA\u0301RNIA-2018-imatge-10-1.jpg\" data-fancybox=\"gallery\" class=\"img\">\n                                                        <img decoding=\"async\" src=\"https:\/\/carnia.es\/wp-content\/uploads\/2019\/09\/CA\u0301RNIA-2018-imatge-10-1-600x401.jpg\" alt=\"\">\n                                                    <\/a>\n                                                <\/div>\n                                                                                    <\/div><!-- \/ news-slideshow -->\n                                    \n                                \n                            \n                        <\/div><!-- \/ col -->\n\n\n                                                    <!-- <div class=\"col-lg-6 order-lg-2\"> -->\n                                <!-- <figure class=\"img\"> -->\n                                                                    <!-- <\/figure> -->\n                            <!-- <\/div> -->\n                        <!-- \/ col -->\n                        \n\n                        <div class=\"col-lg-6\">\n                            <div class=\"descr\">\n                                                                <div class=\"meta\">\n                                                                        <span class=\"ttl-str\">Fairs and events<\/span> \/\n                                                                        <time datetime=\"2020-03-01\">01.03.2020<\/time><\/div>\n                                <h2><a href=\"https:\/\/carnia.es\/en\/news\/alimentaria-barcelona-19-del-3-al-8-de-abril\/\">C\u00e0rnia en Alimentaria 2020<\/a><\/h2>\n                                <p>Con una gama de casi 2.000 productos, con pleno dominio de la cadena de valor y el mejor servicio a restauradores, distribuidores y clientes internacionales, estaremos m\u00e1s que&#8230;.<\/p>\n                            <\/div><!-- \/ descr -->\n                        <\/div><!-- \/ col -->\n                    <\/div><!-- \/ row -->\n                <\/div><!-- \/ slide-item -->\n\n                            \n            <\/div><!-- \/ news-slider -->\n        <\/div><!-- \/ container-fluid -->\n    <\/div><!-- \/ news-section -->\n\n\n\n\t<div id=\"block_5d8cbfda52f9d\" class=\"section bg-red events-section\">\n\t\t<div class=\"container-fluid\">\n\t\t\t<header class=\"heading\">\n\t\t\t\t<h2>News<\/h2>\n\t\t\t\t<a href=\"https:\/\/carnia.es\/en\/news\/\" class=\"link-more\">View all<\/a>\n\t\t\t<\/header>\n\n\t\t\t\n\t\t\t\t<a class=\"event-item\" href=\"https:\/\/carnia.es\/en\/news\/del-20-al-26-de-marzo-de-2022-una-delegacion-de-altos-directivos-de-carnia-esta-visitando-diversas-empresas-importadoras-en-cuba-para-presentarles-nuestra-gama-de-productos\/\">\n\t\t\t\t\t<div class=\"event-meta\">\n\t\t\t\t\t\t\t\t\t\t\t\t\t\t\t\t\t\t<time datetime=\"2022-03-28\">28.03.2022<\/time>\n\t\t\t\t\t<\/div>\n\t\t\t\t\t<div class=\"descr\">\n\t\t\t\t\t\t<p>Delegaci\u00f3n de C\u00e0rnia en Cuba<\/p>\n\t\t\t\t\t<\/div>\n\t\t\t\t<\/a><!-- \/ event-item -->\n\n\t\t\t\n\t\t\t\t<a class=\"event-item\" href=\"https:\/\/carnia.es\/en\/news\/companyia-general-carnia-completa-la-integracion-de-ica-foods\/\">\n\t\t\t\t\t<div class=\"event-meta\">\n\t\t\t\t\t\t\t\t\t\t\t\t\t\t\t\t\t\t\t<span class=\"ttl-str\">Corporativo<\/span>\n\t\t\t\t\t\t\t\t\t\t\t\t<time datetime=\"2021-09-21\">21.09.2021<\/time>\n\t\t\t\t\t<\/div>\n\t\t\t\t\t<div class=\"descr\">\n\t\t\t\t\t\t<p>Companyia General C\u00e0rnia completa la integraci\u00f3n de ICA Foods<\/p>\n\t\t\t\t\t<\/div>\n\t\t\t\t<\/a><!-- \/ event-item -->\n\n\t\t\t\n\t\t\t\t<a class=\"event-item\" href=\"https:\/\/carnia.es\/en\/news\/acquisition-hermanos-elvira\/\">\n\t\t\t\t\t<div class=\"event-meta\">\n\t\t\t\t\t\t\t\t\t\t\t\t\t\t\t\t\t\t<time datetime=\"2021-09-10\">10.09.2021<\/time>\n\t\t\t\t\t<\/div>\n\t\t\t\t\t<div class=\"descr\">\n\t\t\t\t\t\t<p>Companyia General C\u00e0rnia acquires Ganados Hermanos Elvira S.L.<\/p>\n\t\t\t\t\t<\/div>\n\t\t\t\t<\/a><!-- \/ event-item -->\n\n\t\t\t\t\t\t\n\t\t<\/div><!-- \/ container-fluid -->\n\t<\/div><!-- \/ events-section -->\n\n\n\n\t\n\t<div class=\"media-section\">\n\t\t<figure class=\"img\">\n\t\t\t<img decoding=\"async\" src=\"https:\/\/carnia.es\/wp-content\/uploads\/2020\/02\/distribucion-3-1.jpg\" alt=\"https:\/\/carnia.es\/wp-content\/uploads\/2020\/02\/distribucion-3-1.jpg\">\n\t\t<\/figure>\n\t\t<div class=\"descr\">\n\t\t\t\t\t\t<a class=\"btn-play\" data-fancybox href=\"https:\/\/player.vimeo.com\/video\/396449477?dnt=1&amp;app_id=122963\">Companyia General C\u00e0rnia<\/a>\n\t\t<\/div>\n\t<\/div><!-- \/ media-section -->\n\n","protected":false},"excerpt":{"rendered":"","protected":false},"author":2,"featured_media":0,"parent":0,"menu_order":0,"comment_status":"closed","ping_status":"closed","template":"","meta":{"_acf_changed":false,"footnotes":""},"class_list":["post-768","page","type-page","status-publish","hentry"],"acf":[],"yoast_head":"<!-- This site is optimized with the Yoast SEO plugin v27.3 - https:\/\/yoast.com\/product\/yoast-seo-wordpress\/ -->\n<title>Companyia General C\u00e0rnia - 100 a\u00f1os de experiencia en el sector c\u00e1rnico<\/title>\n<meta name=\"description\" content=\"Servimos carnes de la mejor calidad, siempre con el m\u00e1ximo respeto por el animal, el medio ambiente y el oficio de ganadero.\" \/>\n<meta name=\"robots\" content=\"index, follow, max-snippet:-1, max-image-preview:large, max-video-preview:-1\" \/>\n<link rel=\"canonical\" href=\"https:\/\/carnia.es\/en\/\" \/>\n<meta property=\"og:locale\" content=\"en_US\" \/>\n<meta property=\"og:type\" content=\"article\" \/>\n<meta property=\"og:title\" content=\"Companyia General C\u00e0rnia - 100 a\u00f1os de experiencia en el sector c\u00e1rnico\" \/>\n<meta property=\"og:description\" content=\"Servimos carnes de la mejor calidad, siempre con el m\u00e1ximo respeto por el animal, el medio ambiente y el oficio de ganadero.\" \/>\n<meta property=\"og:url\" content=\"https:\/\/carnia.es\/en\/\" \/>\n<meta property=\"og:site_name\" content=\"Companyia General C\u00e0rnia\" \/>\n<meta property=\"article:modified_time\" content=\"2020-11-30T08:18:24+00:00\" \/>\n<meta name=\"twitter:card\" content=\"summary_large_image\" \/>\n<script type=\"application\/ld+json\" class=\"yoast-schema-graph\">{\"@context\":\"https:\\\/\\\/schema.org\",\"@graph\":[{\"@type\":\"WebPage\",\"@id\":\"https:\\\/\\\/carnia.es\\\/en\\\/\",\"url\":\"https:\\\/\\\/carnia.es\\\/en\\\/\",\"name\":\"Companyia General C\u00e0rnia - 100 a\u00f1os de experiencia en el sector c\u00e1rnico\",\"isPartOf\":{\"@id\":\"https:\\\/\\\/carnia.es\\\/en\\\/#website\"},\"datePublished\":\"2019-09-26T09:45:58+00:00\",\"dateModified\":\"2020-11-30T08:18:24+00:00\",\"description\":\"Servimos carnes de la mejor calidad, siempre con el m\u00e1ximo respeto por el animal, el medio ambiente y el oficio de ganadero.\",\"breadcrumb\":{\"@id\":\"https:\\\/\\\/carnia.es\\\/en\\\/#breadcrumb\"},\"inLanguage\":\"en-US\",\"potentialAction\":[{\"@type\":\"ReadAction\",\"target\":[\"https:\\\/\\\/carnia.es\\\/en\\\/\"]}]},{\"@type\":\"BreadcrumbList\",\"@id\":\"https:\\\/\\\/carnia.es\\\/en\\\/#breadcrumb\",\"itemListElement\":[{\"@type\":\"ListItem\",\"position\":1,\"name\":\"Home\",\"item\":\"https:\\\/\\\/carnia.es\\\/en\\\/\"},{\"@type\":\"ListItem\",\"position\":2,\"name\":\"Inicio\"}]},{\"@type\":\"WebSite\",\"@id\":\"https:\\\/\\\/carnia.es\\\/en\\\/#website\",\"url\":\"https:\\\/\\\/carnia.es\\\/en\\\/\",\"name\":\"Companyia General C\u00e0rnia\",\"description\":\"100 a\u00f1os de experiencia en el sector c\u00e1rnico\",\"publisher\":{\"@id\":\"https:\\\/\\\/carnia.es\\\/en\\\/#organization\"},\"potentialAction\":[{\"@type\":\"SearchAction\",\"target\":{\"@type\":\"EntryPoint\",\"urlTemplate\":\"https:\\\/\\\/carnia.es\\\/en\\\/?s={search_term_string}\"},\"query-input\":{\"@type\":\"PropertyValueSpecification\",\"valueRequired\":true,\"valueName\":\"search_term_string\"}}],\"inLanguage\":\"en-US\"},{\"@type\":\"Organization\",\"@id\":\"https:\\\/\\\/carnia.es\\\/en\\\/#organization\",\"name\":\"Companyia General C\u00e0rnia\",\"url\":\"https:\\\/\\\/carnia.es\\\/en\\\/\",\"logo\":{\"@type\":\"ImageObject\",\"inLanguage\":\"en-US\",\"@id\":\"https:\\\/\\\/carnia.es\\\/en\\\/#\\\/schema\\\/logo\\\/image\\\/\",\"url\":\"https:\\\/\\\/carnia.es\\\/wp-content\\\/uploads\\\/2019\\\/09\\\/logo-1.svg\",\"contentUrl\":\"https:\\\/\\\/carnia.es\\\/wp-content\\\/uploads\\\/2019\\\/09\\\/logo-1.svg\",\"width\":160,\"height\":45,\"caption\":\"Companyia General C\u00e0rnia\"},\"image\":{\"@id\":\"https:\\\/\\\/carnia.es\\\/en\\\/#\\\/schema\\\/logo\\\/image\\\/\"}}]}<\/script>\n<!-- \/ Yoast SEO plugin. -->","yoast_head_json":{"title":"Companyia General C\u00e0rnia - 100 a\u00f1os de experiencia en el sector c\u00e1rnico","description":"Servimos carnes de la mejor calidad, siempre con el m\u00e1ximo respeto por el animal, el medio ambiente y el oficio de ganadero.","robots":{"index":"index","follow":"follow","max-snippet":"max-snippet:-1","max-image-preview":"max-image-preview:large","max-video-preview":"max-video-preview:-1"},"canonical":"https:\/\/carnia.es\/en\/","og_locale":"en_US","og_type":"article","og_title":"Companyia General C\u00e0rnia - 100 a\u00f1os de experiencia en el sector c\u00e1rnico","og_description":"Servimos carnes de la mejor calidad, siempre con el m\u00e1ximo respeto por el animal, el medio ambiente y el oficio de ganadero.","og_url":"https:\/\/carnia.es\/en\/","og_site_name":"Companyia General C\u00e0rnia","article_modified_time":"2020-11-30T08:18:24+00:00","twitter_card":"summary_large_image","schema":{"@context":"https:\/\/schema.org","@graph":[{"@type":"WebPage","@id":"https:\/\/carnia.es\/en\/","url":"https:\/\/carnia.es\/en\/","name":"Companyia General C\u00e0rnia - 100 a\u00f1os de experiencia en el sector c\u00e1rnico","isPartOf":{"@id":"https:\/\/carnia.es\/en\/#website"},"datePublished":"2019-09-26T09:45:58+00:00","dateModified":"2020-11-30T08:18:24+00:00","description":"Servimos carnes de la mejor calidad, siempre con el m\u00e1ximo respeto por el animal, el medio ambiente y el oficio de ganadero.","breadcrumb":{"@id":"https:\/\/carnia.es\/en\/#breadcrumb"},"inLanguage":"en-US","potentialAction":[{"@type":"ReadAction","target":["https:\/\/carnia.es\/en\/"]}]},{"@type":"BreadcrumbList","@id":"https:\/\/carnia.es\/en\/#breadcrumb","itemListElement":[{"@type":"ListItem","position":1,"name":"Home","item":"https:\/\/carnia.es\/en\/"},{"@type":"ListItem","position":2,"name":"Inicio"}]},{"@type":"WebSite","@id":"https:\/\/carnia.es\/en\/#website","url":"https:\/\/carnia.es\/en\/","name":"Companyia General C\u00e0rnia","description":"100 a\u00f1os de experiencia en el sector c\u00e1rnico","publisher":{"@id":"https:\/\/carnia.es\/en\/#organization"},"potentialAction":[{"@type":"SearchAction","target":{"@type":"EntryPoint","urlTemplate":"https:\/\/carnia.es\/en\/?s={search_term_string}"},"query-input":{"@type":"PropertyValueSpecification","valueRequired":true,"valueName":"search_term_string"}}],"inLanguage":"en-US"},{"@type":"Organization","@id":"https:\/\/carnia.es\/en\/#organization","name":"Companyia General C\u00e0rnia","url":"https:\/\/carnia.es\/en\/","logo":{"@type":"ImageObject","inLanguage":"en-US","@id":"https:\/\/carnia.es\/en\/#\/schema\/logo\/image\/","url":"https:\/\/carnia.es\/wp-content\/uploads\/2019\/09\/logo-1.svg","contentUrl":"https:\/\/carnia.es\/wp-content\/uploads\/2019\/09\/logo-1.svg","width":160,"height":45,"caption":"Companyia General C\u00e0rnia"},"image":{"@id":"https:\/\/carnia.es\/en\/#\/schema\/logo\/image\/"}}]}},"_links":{"self":[{"href":"https:\/\/carnia.es\/en\/wp-json\/wp\/v2\/pages\/768","targetHints":{"allow":["GET"]}}],"collection":[{"href":"https:\/\/carnia.es\/en\/wp-json\/wp\/v2\/pages"}],"about":[{"href":"https:\/\/carnia.es\/en\/wp-json\/wp\/v2\/types\/page"}],"author":[{"embeddable":true,"href":"https:\/\/carnia.es\/en\/wp-json\/wp\/v2\/users\/2"}],"replies":[{"embeddable":true,"href":"https:\/\/carnia.es\/en\/wp-json\/wp\/v2\/comments?post=768"}],"version-history":[{"count":11,"href":"https:\/\/carnia.es\/en\/wp-json\/wp\/v2\/pages\/768\/revisions"}],"predecessor-version":[{"id":5898,"href":"https:\/\/carnia.es\/en\/wp-json\/wp\/v2\/pages\/768\/revisions\/5898"}],"wp:attachment":[{"href":"https:\/\/carnia.es\/en\/wp-json\/wp\/v2\/media?parent=768"}],"curies":[{"name":"wp","href":"https:\/\/api.w.org\/{rel}","templated":true}]}}