{"id":744,"date":"2019-09-26T14:02:40","date_gmt":"2019-09-26T14:02:40","guid":{"rendered":"https:\/\/carnia.es\/new\/historia\/"},"modified":"2020-05-08T15:30:21","modified_gmt":"2020-05-08T15:30:21","slug":"history","status":"publish","type":"page","link":"https:\/\/carnia.es\/en\/history\/","title":{"rendered":"History"},"content":{"rendered":"<header class=\"text-wrapper\"><div class=\"container-fluid\">\n<h1 class=\"is-style-page-title wp-block-heading\">Companyia General C\u00e0rnia, more than 100 years\u2019 experience in the meat industry.<\/h1>\n<\/div><\/header>\n\n\n\t<div id=\"\" class=\"section bg-gray history\">\n\t\t<div class=\"container-fluid\">\n\t\t\t<div class=\"history-grid\">\n\n\t\t\t\t\n\t\t\t\t\t<div class=\"grid-item\">\n\t\t\t\t\t\t<figure class=\"history-item\">\n\t\t\t\t\t\t\t<div class=\"img-hold\">\n\t\t\t\t\t\t\t\t\t\t\t\t\t\t\t\t\t<img decoding=\"async\" src=\"https:\/\/carnia.es\/wp-content\/uploads\/2019\/12\/historia_1-1000x667.jpg\" alt=\"\">\n\t\t\t\t\t\t\t\t\t\t\t\t\t\t\t\t\t\t\t\t\t\t\t<\/div>\n\t\t\t\t\t\t\t\t\t\t\t\t\t\t\t<figcaption>\n\t\t\t\t\t\t\t\t\t<h3>1920<\/h3>\n<p>In the early the 1920s, our grandparents ran butcher\u2019s stalls at La Boquer\u00eda and El Ninot markets in Barcelona.<\/p>\n\t\t\t\t\t\t\t\t<\/figcaption>\n\t\t\t\t\t\t\t\t\t\t\t\t\t<\/figure><!-- \/ history-item -->\n\t\t\t\t\t<\/div>\n\n\t\t\t\t\n\t\t\t\t\t<div class=\"grid-item\">\n\t\t\t\t\t\t<figure class=\"history-item\">\n\t\t\t\t\t\t\t<div class=\"img-hold\">\n\t\t\t\t\t\t\t\t\t\t\t\t\t\t\t\t\t<img decoding=\"async\" src=\"https:\/\/carnia.es\/wp-content\/uploads\/2020\/01\/historia-acreditada-1-1-1000x1333.jpg\" alt=\"Historia de C\u00e0rnia 2\">\n\t\t\t\t\t\t\t\t\t\t\t\t\t\t\t\t\t\t\t\t\t\t\t<\/div>\n\t\t\t\t\t\t\t\t\t\t\t\t\t\t\t<figcaption>\n\t\t\t\t\t\t\t\t\t<h3>1979<\/h3>\n<p>We stopped processing our livestock at the old abattoir in the centre of Barcelona and began a new era at the city\u2019s modern wholesale food market: Mercabarna.<\/p>\n\t\t\t\t\t\t\t\t<\/figcaption>\n\t\t\t\t\t\t\t\t\t\t\t\t\t<\/figure><!-- \/ history-item -->\n\t\t\t\t\t<\/div>\n\n\t\t\t\t\n\t\t\t\t\t<div class=\"grid-item\">\n\t\t\t\t\t\t<figure class=\"history-item\">\n\t\t\t\t\t\t\t<div class=\"img-hold\">\n\t\t\t\t\t\t\t\t\t\t\t\t\t\t\t\t\t<img decoding=\"async\" src=\"https:\/\/carnia.es\/wp-content\/uploads\/2020\/01\/historia-acreditada-2-1-1000x1000.jpg\" alt=\"Historia de C\u00e0rnia 1\">\n\t\t\t\t\t\t\t\t\t\t\t\t\t\t\t\t\t\t\t\t\t\t\t<\/div>\n\t\t\t\t\t\t\t\t\t\t\t\t\t\t\t<figcaption>\n\t\t\t\t\t\t\t\t\t<h3>2000<\/h3>\n<p>Another new era was beginning. We moved into the 21st century by building a modern cutting room. Carns Salas and Carnes Tonijuan merged to create the Companyia General C\u00e0rnia, seeking to provide a full range of services to supermarkets and major distribution chains.<\/p>\n\t\t\t\t\t\t\t\t<\/figcaption>\n\t\t\t\t\t\t\t\t\t\t\t\t\t<\/figure><!-- \/ history-item -->\n\t\t\t\t\t<\/div>\n\n\t\t\t\t\n\t\t\t\t\t<div class=\"grid-item\">\n\t\t\t\t\t\t<figure class=\"history-item\">\n\t\t\t\t\t\t\t<div class=\"img-hold\">\n\t\t\t\t\t\t\t\t\t\t\t\t\t\t\t\t\t<img decoding=\"async\" src=\"https:\/\/carnia.es\/wp-content\/uploads\/2019\/12\/puigbo_carnia-1000x667.jpg\" alt=\"\">\n\t\t\t\t\t\t\t\t\t\t\t\t\t\t\t\t\t\t\t\t\t\t\t<\/div>\n\t\t\t\t\t\t\t\t\t\t\t\t\t\t\t<figcaption>\n\t\t\t\t\t\t\t\t\t<h3>2004<\/h3>\n<p>We acquired the Carns Puigb\u00f2 company, which provided an exclusive service to hotels and restaurants in the province of Barcelona. This expanded our distribution and supply network throughout Catalonia.<\/p>\n\t\t\t\t\t\t\t\t<\/figcaption>\n\t\t\t\t\t\t\t\t\t\t\t\t\t<\/figure><!-- \/ history-item -->\n\t\t\t\t\t<\/div>\n\n\t\t\t\t\n\t\t\t\t\t<div class=\"grid-item\">\n\t\t\t\t\t\t<figure class=\"history-item\">\n\t\t\t\t\t\t\t<div class=\"img-hold\">\n\t\t\t\t\t\t\t\t\t\t\t\t\t\t\t\t\t<img decoding=\"async\" src=\"https:\/\/carnia.es\/wp-content\/uploads\/2020\/02\/historia-4-1000x667.jpg\" alt=\"C\u00e0rnia Servicio a carnicer\u00edas, cadenas de distribuci\u00f3n y supermercados 2\">\n\t\t\t\t\t\t\t\t\t\t\t\t\t\t\t\t\t\t\t\t\t\t\t<\/div>\n\t\t\t\t\t\t\t\t\t\t\t\t\t\t\t<figcaption>\n\t\t\t\t\t\t\t\t\t<h3>2005<\/h3>\n<p>After acquiring new facilities in Montcada i Reixach, we expanded our operations and began managing meat supplies for major distribution companies.<\/p>\n\t\t\t\t\t\t\t\t<\/figcaption>\n\t\t\t\t\t\t\t\t\t\t\t\t\t<\/figure><!-- \/ history-item -->\n\t\t\t\t\t<\/div>\n\n\t\t\t\t\n\t\t\t\t\t<div class=\"grid-item\">\n\t\t\t\t\t\t<figure class=\"history-item\">\n\t\t\t\t\t\t\t<div class=\"img-hold\">\n\t\t\t\t\t\t\t\t\t\t\t\t\t\t\t\t\t<img decoding=\"async\" src=\"https:\/\/carnia.es\/wp-content\/uploads\/2019\/12\/pirinat-1000x667.jpg\" alt=\"\">\n\t\t\t\t\t\t\t\t\t\t\t\t\t\t\t\t\t\t\t\t\t\t\t<\/div>\n\t\t\t\t\t\t\t\t\t\t\t\t\t\t\t<figcaption>\n\t\t\t\t\t\t\t\t\t<h3>2013<\/h3>\n<p>At C\u00e0rnia, we are committed to health, sustainability and the environment. We started working with the Pirinat project, a group of young organic livestock producers in the county of Ripoll\u00e8s.<\/p>\n\t\t\t\t\t\t\t\t<\/figcaption>\n\t\t\t\t\t\t\t\t\t\t\t\t\t<\/figure><!-- \/ history-item -->\n\t\t\t\t\t<\/div>\n\n\t\t\t\t\n\t\t\t\t\t<div class=\"grid-item\">\n\t\t\t\t\t\t<figure class=\"history-item\">\n\t\t\t\t\t\t\t<div class=\"img-hold\">\n\t\t\t\t\t\t\t\t\t\t\t\t\t\t\t\t\t<img decoding=\"async\" src=\"https:\/\/carnia.es\/wp-content\/uploads\/2019\/12\/catalana_pareja-1000x667.jpg\" alt=\"\">\n\t\t\t\t\t\t\t\t\t\t\t\t\t\t\t\t\t\t\t\t\t\t\t<\/div>\n\t\t\t\t\t\t\t\t\t\t\t\t\t\t\t<figcaption>\n\t\t\t\t\t\t\t\t\t<h3>2016<\/h3>\n<p>We invited a new partner to join the company: Carns Catalana Pallej\u00e0. This Mercabarna-based meat company was founded in 1987 by a group of Catalan livestock farmers seeking to rear their own livestock and supply supermarkets and butchers directly, without middlemen, controlling the entire distribution chain.<\/p>\n\t\t\t\t\t\t\t\t<\/figcaption>\n\t\t\t\t\t\t\t\t\t\t\t\t\t<\/figure><!-- \/ history-item -->\n\t\t\t\t\t<\/div>\n\n\t\t\t\t\n\t\t\t\t\t<div class=\"grid-item\">\n\t\t\t\t\t\t<figure class=\"history-item\">\n\t\t\t\t\t\t\t<div class=\"img-hold\">\n\t\t\t\t\t\t\t\t\t\t\t\t\t\t\t\t\t<img decoding=\"async\" src=\"https:\/\/carnia.es\/wp-content\/uploads\/2019\/09\/nuevas-instalaciones-1000x667.jpg\" alt=\"\">\n\t\t\t\t\t\t\t\t\t\t\t\t\t\t\t\t\t\t\t\t\t\t\t<\/div>\n\t\t\t\t\t\t\t\t\t\t\t\t\t\t\t<figcaption>\n\t\t\t\t\t\t\t\t\t<h3>2018<\/h3>\n<p>We acquired a 21,000 m2 plot at Mercabarna to build new facilities through a public tender. By unifying our production centres we have streamlined the services we provide our clients, who now include butchers, supermarkets, institutions, bars, restaurants, and major national and international distributors.<\/p>\n\t\t\t\t\t\t\t\t<\/figcaption>\n\t\t\t\t\t\t\t\t\t\t\t\t\t<\/figure><!-- \/ history-item -->\n\t\t\t\t\t<\/div>\n\n\t\t\t\t\n\t\t\t<\/div>\n\t\t<\/div>\n\t<\/div><!-- \/ history -->\n\n","protected":false},"excerpt":{"rendered":"<p>Companyia General C\u00e0rnia, more than 100 years\u2019 experience in the meat industry.<\/p>\n","protected":false},"author":2,"featured_media":0,"parent":0,"menu_order":0,"comment_status":"closed","ping_status":"closed","template":"","meta":{"_acf_changed":false,"footnotes":""},"class_list":["post-744","page","type-page","status-publish","hentry"],"acf":[],"yoast_head":"<!-- This site is optimized with the Yoast SEO plugin v27.3 - https:\/\/yoast.com\/product\/yoast-seo-wordpress\/ -->\n<title>History - Companyia General C\u00e0rnia<\/title>\n<meta name=\"robots\" content=\"index, follow, max-snippet:-1, max-image-preview:large, max-video-preview:-1\" \/>\n<link rel=\"canonical\" href=\"https:\/\/carnia.es\/en\/history\/\" \/>\n<meta property=\"og:locale\" content=\"en_US\" \/>\n<meta property=\"og:type\" content=\"article\" \/>\n<meta property=\"og:title\" content=\"History - Companyia General C\u00e0rnia\" \/>\n<meta property=\"og:description\" content=\"Companyia General C\u00e0rnia, more than 100 years\u2019 experience in the meat industry.\" \/>\n<meta property=\"og:url\" content=\"https:\/\/carnia.es\/en\/history\/\" \/>\n<meta property=\"og:site_name\" content=\"Companyia General C\u00e0rnia\" \/>\n<meta property=\"article:modified_time\" content=\"2020-05-08T15:30:21+00:00\" \/>\n<meta name=\"twitter:card\" content=\"summary_large_image\" \/>\n<script type=\"application\/ld+json\" class=\"yoast-schema-graph\">{\"@context\":\"https:\\\/\\\/schema.org\",\"@graph\":[{\"@type\":\"WebPage\",\"@id\":\"https:\\\/\\\/carnia.es\\\/en\\\/history\\\/\",\"url\":\"https:\\\/\\\/carnia.es\\\/en\\\/history\\\/\",\"name\":\"History - Companyia General C\u00e0rnia\",\"isPartOf\":{\"@id\":\"https:\\\/\\\/carnia.es\\\/en\\\/#website\"},\"datePublished\":\"2019-09-26T14:02:40+00:00\",\"dateModified\":\"2020-05-08T15:30:21+00:00\",\"breadcrumb\":{\"@id\":\"https:\\\/\\\/carnia.es\\\/en\\\/history\\\/#breadcrumb\"},\"inLanguage\":\"en-US\",\"potentialAction\":[{\"@type\":\"ReadAction\",\"target\":[\"https:\\\/\\\/carnia.es\\\/en\\\/history\\\/\"]}]},{\"@type\":\"BreadcrumbList\",\"@id\":\"https:\\\/\\\/carnia.es\\\/en\\\/history\\\/#breadcrumb\",\"itemListElement\":[{\"@type\":\"ListItem\",\"position\":1,\"name\":\"Home\",\"item\":\"https:\\\/\\\/carnia.es\\\/en\\\/\"},{\"@type\":\"ListItem\",\"position\":2,\"name\":\"History\"}]},{\"@type\":\"WebSite\",\"@id\":\"https:\\\/\\\/carnia.es\\\/en\\\/#website\",\"url\":\"https:\\\/\\\/carnia.es\\\/en\\\/\",\"name\":\"Companyia General C\u00e0rnia\",\"description\":\"100 a\u00f1os de experiencia en el sector c\u00e1rnico\",\"publisher\":{\"@id\":\"https:\\\/\\\/carnia.es\\\/en\\\/#organization\"},\"potentialAction\":[{\"@type\":\"SearchAction\",\"target\":{\"@type\":\"EntryPoint\",\"urlTemplate\":\"https:\\\/\\\/carnia.es\\\/en\\\/?s={search_term_string}\"},\"query-input\":{\"@type\":\"PropertyValueSpecification\",\"valueRequired\":true,\"valueName\":\"search_term_string\"}}],\"inLanguage\":\"en-US\"},{\"@type\":\"Organization\",\"@id\":\"https:\\\/\\\/carnia.es\\\/en\\\/#organization\",\"name\":\"Companyia General C\u00e0rnia\",\"url\":\"https:\\\/\\\/carnia.es\\\/en\\\/\",\"logo\":{\"@type\":\"ImageObject\",\"inLanguage\":\"en-US\",\"@id\":\"https:\\\/\\\/carnia.es\\\/en\\\/#\\\/schema\\\/logo\\\/image\\\/\",\"url\":\"https:\\\/\\\/carnia.es\\\/wp-content\\\/uploads\\\/2019\\\/09\\\/logo-1.svg\",\"contentUrl\":\"https:\\\/\\\/carnia.es\\\/wp-content\\\/uploads\\\/2019\\\/09\\\/logo-1.svg\",\"width\":160,\"height\":45,\"caption\":\"Companyia General C\u00e0rnia\"},\"image\":{\"@id\":\"https:\\\/\\\/carnia.es\\\/en\\\/#\\\/schema\\\/logo\\\/image\\\/\"}}]}<\/script>\n<!-- \/ Yoast SEO plugin. -->","yoast_head_json":{"title":"History - Companyia General C\u00e0rnia","robots":{"index":"index","follow":"follow","max-snippet":"max-snippet:-1","max-image-preview":"max-image-preview:large","max-video-preview":"max-video-preview:-1"},"canonical":"https:\/\/carnia.es\/en\/history\/","og_locale":"en_US","og_type":"article","og_title":"History - Companyia General C\u00e0rnia","og_description":"Companyia General C\u00e0rnia, more than 100 years\u2019 experience in the meat industry.","og_url":"https:\/\/carnia.es\/en\/history\/","og_site_name":"Companyia General C\u00e0rnia","article_modified_time":"2020-05-08T15:30:21+00:00","twitter_card":"summary_large_image","schema":{"@context":"https:\/\/schema.org","@graph":[{"@type":"WebPage","@id":"https:\/\/carnia.es\/en\/history\/","url":"https:\/\/carnia.es\/en\/history\/","name":"History - Companyia General C\u00e0rnia","isPartOf":{"@id":"https:\/\/carnia.es\/en\/#website"},"datePublished":"2019-09-26T14:02:40+00:00","dateModified":"2020-05-08T15:30:21+00:00","breadcrumb":{"@id":"https:\/\/carnia.es\/en\/history\/#breadcrumb"},"inLanguage":"en-US","potentialAction":[{"@type":"ReadAction","target":["https:\/\/carnia.es\/en\/history\/"]}]},{"@type":"BreadcrumbList","@id":"https:\/\/carnia.es\/en\/history\/#breadcrumb","itemListElement":[{"@type":"ListItem","position":1,"name":"Home","item":"https:\/\/carnia.es\/en\/"},{"@type":"ListItem","position":2,"name":"History"}]},{"@type":"WebSite","@id":"https:\/\/carnia.es\/en\/#website","url":"https:\/\/carnia.es\/en\/","name":"Companyia General C\u00e0rnia","description":"100 a\u00f1os de experiencia en el sector c\u00e1rnico","publisher":{"@id":"https:\/\/carnia.es\/en\/#organization"},"potentialAction":[{"@type":"SearchAction","target":{"@type":"EntryPoint","urlTemplate":"https:\/\/carnia.es\/en\/?s={search_term_string}"},"query-input":{"@type":"PropertyValueSpecification","valueRequired":true,"valueName":"search_term_string"}}],"inLanguage":"en-US"},{"@type":"Organization","@id":"https:\/\/carnia.es\/en\/#organization","name":"Companyia General C\u00e0rnia","url":"https:\/\/carnia.es\/en\/","logo":{"@type":"ImageObject","inLanguage":"en-US","@id":"https:\/\/carnia.es\/en\/#\/schema\/logo\/image\/","url":"https:\/\/carnia.es\/wp-content\/uploads\/2019\/09\/logo-1.svg","contentUrl":"https:\/\/carnia.es\/wp-content\/uploads\/2019\/09\/logo-1.svg","width":160,"height":45,"caption":"Companyia General C\u00e0rnia"},"image":{"@id":"https:\/\/carnia.es\/en\/#\/schema\/logo\/image\/"}}]}},"_links":{"self":[{"href":"https:\/\/carnia.es\/en\/wp-json\/wp\/v2\/pages\/744","targetHints":{"allow":["GET"]}}],"collection":[{"href":"https:\/\/carnia.es\/en\/wp-json\/wp\/v2\/pages"}],"about":[{"href":"https:\/\/carnia.es\/en\/wp-json\/wp\/v2\/types\/page"}],"author":[{"embeddable":true,"href":"https:\/\/carnia.es\/en\/wp-json\/wp\/v2\/users\/2"}],"replies":[{"embeddable":true,"href":"https:\/\/carnia.es\/en\/wp-json\/wp\/v2\/comments?post=744"}],"version-history":[{"count":7,"href":"https:\/\/carnia.es\/en\/wp-json\/wp\/v2\/pages\/744\/revisions"}],"predecessor-version":[{"id":5236,"href":"https:\/\/carnia.es\/en\/wp-json\/wp\/v2\/pages\/744\/revisions\/5236"}],"wp:attachment":[{"href":"https:\/\/carnia.es\/en\/wp-json\/wp\/v2\/media?parent=744"}],"curies":[{"name":"wp","href":"https:\/\/api.w.org\/{rel}","templated":true}]}}