{"id":741,"date":"2019-09-30T07:29:25","date_gmt":"2019-09-30T07:29:25","guid":{"rendered":"https:\/\/carnia.es\/new\/empresas\/"},"modified":"2023-01-25T16:55:52","modified_gmt":"2023-01-25T16:55:52","slug":"company","status":"publish","type":"page","link":"https:\/\/carnia.es\/en\/company\/","title":{"rendered":"Company"},"content":{"rendered":"\n\t\n\t\t<div id=\"block_daaf108faf72cfeaf73b0a6861c923e2\" class=\"section bg-gray section-offset about-section\">\n\t\t\t\t\t\t\t<figure class=\"full-img\">\n\t\t\t\t\t<picture>\n\t\t\t\t\t\t\t\t\t\t\t\t\t<source media=\"(max-width: 767px)\" srcset=\"https:\/\/carnia.es\/wp-content\/uploads\/2020\/10\/Fa\u00e7ana-tamany-mig-1000x666.jpg\">\n\t\t\t\t\t\t\t\t\t\t\t\t<img decoding=\"async\" src=\"https:\/\/carnia.es\/wp-content\/uploads\/2020\/10\/Fa\u00e7ana-tamany-mig-1600x1066.jpg\" alt=\"facilities\">\n\t\t\t\t\t<\/picture>\t\t\t\t\t\n\t\t\t\t<\/figure>\n\t\t\t\t\t\t\t\t\t\t<div class=\"container-fluid\">\n\t\t\t\t\t<div class=\"row\">\n\t\t\t\t\t\t<div class=\"col-md-7\">\n\t\t\t\t\t\t\t<p>Somos una gran compa\u00f1\u00eda c\u00e1rnica con una larga experiencia a nuestras espaldas y una mirada permanente en los nuevos retos del sector.<\/p>\n\t\t\t\t\t\t<\/div>\n\t\t\t\t\t<\/div><!-- \/ row -->\n\t\t\t\t<\/div><!-- \/ container-fluid -->\n\t\t\t\t\t<\/div><!-- \/ about-section -->\n\n\t\t<div class=\"section shareholders-section\">\n\t\t\t<div class=\"container-fluid\">\n\t\t\t\t<div class=\"row\">\n\t\t\t\t\t\t\t\t\t\t<div class=\"col-lg-4\">\n\t\t\t\t\t\t<h1>Accionistas<\/h1>\n\t\t\t\t\t<\/div>\n\t\t\t\t\t\t\t\t\t\t\t\t\t\t\t\t<div class=\"col-lg-8\">\n\t\t\t\t\t\t\t<ul class=\"shareholder-list\">\n\t\t\t\t\t\t\t\t\t\t\t\t\t\t\t\t\t\n\t\t\t\t\t\t\t\t\t<li>Carnes Tonijuan, S.A.<\/li>\n\t\t\t\t\t\t\t\t\t\t\t\t\t\t\t\t\t\n\t\t\t\t\t\t\t\t\t<li>Carns Salas S.A.<\/li>\n\t\t\t\t\t\t\t\t\t\t\t\t\t\t\t\t\t\n\t\t\t\t\t\t\t\t\t<li>Carns Catalana Pallej\u00e0<\/li>\n\t\t\t\t\t\t\t\t\t\t\t\t\t\t\t<\/ul>\n\t\t\t\t\t\t<\/div><!-- \/ col -->\n\t\t\t\t\t\t\t\t\t<\/div><!-- \/ row -->\n\t\t\t<\/div><!-- \/ container-fluid -->\n\t\t<\/div><!-- \/ shareholders-section -->\n\n\t\n\n\n\n\t<div id=\"block_cd287da17b9a8ed415e92724fe5f896d\"  class=\"section bg-gray group-info\">\n\t\t\t\t\t<div class=\"container-fluid\">\n\t\t\t\t<header class=\"service-head\">\n\t\t\t\t\t<h2>Group companies<\/h2>\n\t\t\t\t<\/header>\n\t\t\t<\/div><!-- \/ container-fluid -->\n\t\t\t\t<div class=\"group-carousel-wrap\">\n\t\t\t<div class=\"frm\">\n\t\t\t\t<div class=\"group-carousel\">\n\n\t\t\t\t\t\t\t\t\t\t\t\t\t\t\t\t\t\t<div class=\"slide-item\">\n\t\t\t\t\t\t\t\t\t\t\t\t\t\t\t\t\t<a href=\"http:\/\/www.pirinat.cat\" target=\"_blank\">\n\t\t\t\t\t\t\t\t\t\t<figure>\n\t\t\t\t\t\t\t\t\t\t\t<img decoding=\"async\" src=\"https:\/\/carnia.es\/wp-content\/uploads\/2019\/12\/logo_pirinat-800x443.jpg\" alt=\"\">\n\t\t\t\t\t\t\t\t\t\t<\/figure>\n\t\t\t\t\t\t\t\t\t\t<p>www.pirinat.cat<\/p>\t\t\t\t\t\t\t\t\t<\/a>\n\t\t\t\t\t\t\t\t\t\t\t\t\t\t\t<\/div><!-- \/ slide-item -->\n\t\t\t\t\t\t\t\t\t\t\t\t\t\t\t\t\t\t\t\t\t\t\t\t<div class=\"slide-item\">\n\t\t\t\t\t\t\t\t\t\t\t\t\t\t\t\t\t<a href=\"http:\/\/www.pcq.es\" target=\"_blank\">\n\t\t\t\t\t\t\t\t\t\t<figure>\n\t\t\t\t\t\t\t\t\t\t\t<img decoding=\"async\" src=\"https:\/\/carnia.es\/wp-content\/uploads\/2019\/12\/Logo_PCQ-800x443.jpg\" alt=\"\">\n\t\t\t\t\t\t\t\t\t\t<\/figure>\n\t\t\t\t\t\t\t\t\t\t<p>www.pcq.es<\/p>\t\t\t\t\t\t\t\t\t<\/a>\n\t\t\t\t\t\t\t\t\t\t\t\t\t\t\t<\/div><!-- \/ slide-item -->\n\t\t\t\t\t\t\t\t\t\t\t\t\t\t\t\t\t\t\t\t\t\t\t\t<div class=\"slide-item\">\n\t\t\t\t\t\t\t\t\t\t\t\t\t\t\t\t\t<a href=\"http:\/\/www.miretycia.com\" target=\"_blank\">\n\t\t\t\t\t\t\t\t\t\t<figure>\n\t\t\t\t\t\t\t\t\t\t\t<img decoding=\"async\" src=\"https:\/\/carnia.es\/wp-content\/uploads\/2019\/12\/logo_miret-2-800x443.jpg\" alt=\"logo_miret\">\n\t\t\t\t\t\t\t\t\t\t<\/figure>\n\t\t\t\t\t\t\t\t\t\t<p>www.miretycia.com<\/p>\t\t\t\t\t\t\t\t\t<\/a>\n\t\t\t\t\t\t\t\t\t\t\t\t\t\t\t<\/div><!-- \/ slide-item -->\n\t\t\t\t\t\t\t\t\t\t\t\n\t\t\t\t<\/div><!-- \/ group-carousel -->\n\t\t\t<\/div>\n\t\t<\/div><!-- \/ group-carousel-wrap -->\n\t<\/div><!-- \/ group-info -->\n","protected":false},"excerpt":{"rendered":"","protected":false},"author":2,"featured_media":0,"parent":0,"menu_order":0,"comment_status":"closed","ping_status":"closed","template":"","meta":{"_acf_changed":false,"footnotes":""},"class_list":["post-741","page","type-page","status-publish","hentry"],"acf":[],"yoast_head":"<!-- This site is optimized with the Yoast SEO plugin v27.3 - https:\/\/yoast.com\/product\/yoast-seo-wordpress\/ -->\n<title>Company - Companyia General C\u00e0rnia<\/title>\n<meta name=\"robots\" content=\"index, follow, max-snippet:-1, max-image-preview:large, max-video-preview:-1\" \/>\n<link rel=\"canonical\" href=\"https:\/\/carnia.es\/en\/company\/\" \/>\n<meta property=\"og:locale\" content=\"en_US\" \/>\n<meta property=\"og:type\" content=\"article\" \/>\n<meta property=\"og:title\" content=\"Company - Companyia General C\u00e0rnia\" \/>\n<meta property=\"og:url\" content=\"https:\/\/carnia.es\/en\/company\/\" \/>\n<meta property=\"og:site_name\" content=\"Companyia General C\u00e0rnia\" \/>\n<meta property=\"article:modified_time\" content=\"2023-01-25T16:55:52+00:00\" \/>\n<meta name=\"twitter:card\" content=\"summary_large_image\" \/>\n<script type=\"application\/ld+json\" class=\"yoast-schema-graph\">{\"@context\":\"https:\\\/\\\/schema.org\",\"@graph\":[{\"@type\":\"WebPage\",\"@id\":\"https:\\\/\\\/carnia.es\\\/en\\\/company\\\/\",\"url\":\"https:\\\/\\\/carnia.es\\\/en\\\/company\\\/\",\"name\":\"Company - Companyia General C\u00e0rnia\",\"isPartOf\":{\"@id\":\"https:\\\/\\\/carnia.es\\\/en\\\/#website\"},\"datePublished\":\"2019-09-30T07:29:25+00:00\",\"dateModified\":\"2023-01-25T16:55:52+00:00\",\"breadcrumb\":{\"@id\":\"https:\\\/\\\/carnia.es\\\/en\\\/company\\\/#breadcrumb\"},\"inLanguage\":\"en-US\",\"potentialAction\":[{\"@type\":\"ReadAction\",\"target\":[\"https:\\\/\\\/carnia.es\\\/en\\\/company\\\/\"]}]},{\"@type\":\"BreadcrumbList\",\"@id\":\"https:\\\/\\\/carnia.es\\\/en\\\/company\\\/#breadcrumb\",\"itemListElement\":[{\"@type\":\"ListItem\",\"position\":1,\"name\":\"Home\",\"item\":\"https:\\\/\\\/carnia.es\\\/en\\\/\"},{\"@type\":\"ListItem\",\"position\":2,\"name\":\"Company\"}]},{\"@type\":\"WebSite\",\"@id\":\"https:\\\/\\\/carnia.es\\\/en\\\/#website\",\"url\":\"https:\\\/\\\/carnia.es\\\/en\\\/\",\"name\":\"Companyia General C\u00e0rnia\",\"description\":\"100 a\u00f1os de experiencia en el sector c\u00e1rnico\",\"publisher\":{\"@id\":\"https:\\\/\\\/carnia.es\\\/en\\\/#organization\"},\"potentialAction\":[{\"@type\":\"SearchAction\",\"target\":{\"@type\":\"EntryPoint\",\"urlTemplate\":\"https:\\\/\\\/carnia.es\\\/en\\\/?s={search_term_string}\"},\"query-input\":{\"@type\":\"PropertyValueSpecification\",\"valueRequired\":true,\"valueName\":\"search_term_string\"}}],\"inLanguage\":\"en-US\"},{\"@type\":\"Organization\",\"@id\":\"https:\\\/\\\/carnia.es\\\/en\\\/#organization\",\"name\":\"Companyia General C\u00e0rnia\",\"url\":\"https:\\\/\\\/carnia.es\\\/en\\\/\",\"logo\":{\"@type\":\"ImageObject\",\"inLanguage\":\"en-US\",\"@id\":\"https:\\\/\\\/carnia.es\\\/en\\\/#\\\/schema\\\/logo\\\/image\\\/\",\"url\":\"https:\\\/\\\/carnia.es\\\/wp-content\\\/uploads\\\/2019\\\/09\\\/logo-1.svg\",\"contentUrl\":\"https:\\\/\\\/carnia.es\\\/wp-content\\\/uploads\\\/2019\\\/09\\\/logo-1.svg\",\"width\":160,\"height\":45,\"caption\":\"Companyia General C\u00e0rnia\"},\"image\":{\"@id\":\"https:\\\/\\\/carnia.es\\\/en\\\/#\\\/schema\\\/logo\\\/image\\\/\"}}]}<\/script>\n<!-- \/ Yoast SEO plugin. -->","yoast_head_json":{"title":"Company - Companyia General C\u00e0rnia","robots":{"index":"index","follow":"follow","max-snippet":"max-snippet:-1","max-image-preview":"max-image-preview:large","max-video-preview":"max-video-preview:-1"},"canonical":"https:\/\/carnia.es\/en\/company\/","og_locale":"en_US","og_type":"article","og_title":"Company - Companyia General C\u00e0rnia","og_url":"https:\/\/carnia.es\/en\/company\/","og_site_name":"Companyia General C\u00e0rnia","article_modified_time":"2023-01-25T16:55:52+00:00","twitter_card":"summary_large_image","schema":{"@context":"https:\/\/schema.org","@graph":[{"@type":"WebPage","@id":"https:\/\/carnia.es\/en\/company\/","url":"https:\/\/carnia.es\/en\/company\/","name":"Company - Companyia General C\u00e0rnia","isPartOf":{"@id":"https:\/\/carnia.es\/en\/#website"},"datePublished":"2019-09-30T07:29:25+00:00","dateModified":"2023-01-25T16:55:52+00:00","breadcrumb":{"@id":"https:\/\/carnia.es\/en\/company\/#breadcrumb"},"inLanguage":"en-US","potentialAction":[{"@type":"ReadAction","target":["https:\/\/carnia.es\/en\/company\/"]}]},{"@type":"BreadcrumbList","@id":"https:\/\/carnia.es\/en\/company\/#breadcrumb","itemListElement":[{"@type":"ListItem","position":1,"name":"Home","item":"https:\/\/carnia.es\/en\/"},{"@type":"ListItem","position":2,"name":"Company"}]},{"@type":"WebSite","@id":"https:\/\/carnia.es\/en\/#website","url":"https:\/\/carnia.es\/en\/","name":"Companyia General C\u00e0rnia","description":"100 a\u00f1os de experiencia en el sector c\u00e1rnico","publisher":{"@id":"https:\/\/carnia.es\/en\/#organization"},"potentialAction":[{"@type":"SearchAction","target":{"@type":"EntryPoint","urlTemplate":"https:\/\/carnia.es\/en\/?s={search_term_string}"},"query-input":{"@type":"PropertyValueSpecification","valueRequired":true,"valueName":"search_term_string"}}],"inLanguage":"en-US"},{"@type":"Organization","@id":"https:\/\/carnia.es\/en\/#organization","name":"Companyia General C\u00e0rnia","url":"https:\/\/carnia.es\/en\/","logo":{"@type":"ImageObject","inLanguage":"en-US","@id":"https:\/\/carnia.es\/en\/#\/schema\/logo\/image\/","url":"https:\/\/carnia.es\/wp-content\/uploads\/2019\/09\/logo-1.svg","contentUrl":"https:\/\/carnia.es\/wp-content\/uploads\/2019\/09\/logo-1.svg","width":160,"height":45,"caption":"Companyia General C\u00e0rnia"},"image":{"@id":"https:\/\/carnia.es\/en\/#\/schema\/logo\/image\/"}}]}},"_links":{"self":[{"href":"https:\/\/carnia.es\/en\/wp-json\/wp\/v2\/pages\/741","targetHints":{"allow":["GET"]}}],"collection":[{"href":"https:\/\/carnia.es\/en\/wp-json\/wp\/v2\/pages"}],"about":[{"href":"https:\/\/carnia.es\/en\/wp-json\/wp\/v2\/types\/page"}],"author":[{"embeddable":true,"href":"https:\/\/carnia.es\/en\/wp-json\/wp\/v2\/users\/2"}],"replies":[{"embeddable":true,"href":"https:\/\/carnia.es\/en\/wp-json\/wp\/v2\/comments?post=741"}],"version-history":[{"count":7,"href":"https:\/\/carnia.es\/en\/wp-json\/wp\/v2\/pages\/741\/revisions"}],"predecessor-version":[{"id":19120,"href":"https:\/\/carnia.es\/en\/wp-json\/wp\/v2\/pages\/741\/revisions\/19120"}],"wp:attachment":[{"href":"https:\/\/carnia.es\/en\/wp-json\/wp\/v2\/media?parent=741"}],"curies":[{"name":"wp","href":"https:\/\/api.w.org\/{rel}","templated":true}]}}