{"id":723,"date":"2019-09-30T08:51:28","date_gmt":"2019-09-30T08:51:28","guid":{"rendered":"https:\/\/carnia.es\/new\/compromiso\/"},"modified":"2021-09-29T16:16:28","modified_gmt":"2021-09-29T16:16:28","slug":"our-promise","status":"publish","type":"page","link":"https:\/\/carnia.es\/en\/our-promise\/","title":{"rendered":"Our promise"},"content":{"rendered":"\n\t<div id=\"block_6152d5cb8adb1\" class=\"section bg-gray service-info responsibility-section\">\n\t\t\t\t<div class=\"carousel-wrap\">\n\t\t\t<div class=\"img-carousel\">\n\t\t\t\t\t\t\t\t\t\t\t\t<div class=\"slide-item\">\n\t\t\t\t\t<figure class=\"img\">\n\t\t\t\t\t\t<img decoding=\"async\" src=\"https:\/\/carnia.es\/wp-content\/uploads\/2021\/09\/MG_5676-800x533.jpg\" alt=\"\">\n\t\t\t\t\t\t\t\t\t\t\t<\/figure>\n\t\t\t\t<\/div><!-- \/ slide-item -->\n\t\t\t\t\t\t\t\t\t\t\t\t\t\t\t\t<div class=\"slide-item\">\n\t\t\t\t\t<figure class=\"img\">\n\t\t\t\t\t\t<img decoding=\"async\" src=\"https:\/\/carnia.es\/wp-content\/uploads\/2021\/09\/camp-xais-optimitzat-800x534.jpg\" alt=\"\">\n\t\t\t\t\t\t\t\t\t\t\t<\/figure>\n\t\t\t\t<\/div><!-- \/ slide-item -->\n\t\t\t\t\t\t\t\t\t\t\t\t\t\t\t\t<div class=\"slide-item\">\n\t\t\t\t\t<figure class=\"img\">\n\t\t\t\t\t\t<img decoding=\"async\" src=\"https:\/\/carnia.es\/wp-content\/uploads\/2021\/09\/vaques-pirineus-800x533.jpg\" alt=\"\">\n\t\t\t\t\t\t\t\t\t\t\t<\/figure>\n\t\t\t\t<\/div><!-- \/ slide-item -->\n\t\t\t\t\t\t\t\t\t\t\t\t\t\t\t\t<div class=\"slide-item\">\n\t\t\t\t\t<figure class=\"img\">\n\t\t\t\t\t\t<img decoding=\"async\" src=\"https:\/\/carnia.es\/wp-content\/uploads\/2021\/09\/xai-optimitzat-800x600.jpg\" alt=\"\">\n\t\t\t\t\t\t\t\t\t\t\t<\/figure>\n\t\t\t\t<\/div><!-- \/ slide-item -->\n\t\t\t\t\t\t\t\t\t\t\t\t\t\t\t\t<div class=\"slide-item\">\n\t\t\t\t\t<figure class=\"img\">\n\t\t\t\t\t\t<img decoding=\"async\" src=\"https:\/\/carnia.es\/wp-content\/uploads\/2021\/09\/PDR-Logo-v2-9-e1629290075897-768x749-1.png\" alt=\"Pla de desenvolupament regional\">\n\t\t\t\t\t\t\t\t\t\t\t<\/figure>\n\t\t\t\t<\/div><!-- \/ slide-item -->\n\t\t\t\t\t\t\t\t\t\t\t<\/div><!-- \/ img-carousel -->\n\t\t<\/div><!-- \/ carousel-wrap -->\n\t\t\t\t\t\t<div class=\"container-fluid\">\n\t\t\t<div class=\"row\">\n\t\t\t\t<div class=\"col-lg-8\">\n\t\t\t\t\t<h1>Committed to our community<\/h1>\n<p>Companyia General C\u00e0rnia is participant in the \u201cPlan de Desenvolupament Rural de Catalunya\u201d (Catalonia\u2019s countryside development plan) as part of our commitment to our rural community. Together with the continued collaboration with the beef and lamb farmers in the territory, we take this participation as a tool to strengthen our rural social and economic environment, making it sustainable at the long term.<\/p>\n\t\t\t\t<\/div><!-- \/ col -->\n\t\t\t<\/div><!-- \/ row -->\n\t\t<\/div><!-- \/ container-fluid -->\n\t\t\t<\/div><!-- \/ service-info -->\n\n\n\n\t<div id=\"block_5d91cb025c2a6\" class=\"section bg-gray service-info responsibility-section\">\n\t\t\t\t<div class=\"carousel-wrap\">\n\t\t\t<div class=\"img-carousel\">\n\t\t\t\t\t\t\t\t\t\t\t\t<div class=\"slide-item\">\n\t\t\t\t\t<figure class=\"img\">\n\t\t\t\t\t\t<img decoding=\"async\" src=\"https:\/\/carnia.es\/wp-content\/uploads\/2020\/02\/compromiso-1-800x533.jpg\" alt=\"C\u00e0rnia Colabora en diversos proyectos solidarios\">\n\t\t\t\t\t\t\t\t\t\t\t<\/figure>\n\t\t\t\t<\/div><!-- \/ slide-item -->\n\t\t\t\t\t\t\t\t\t\t\t\t\t\t\t\t<div class=\"slide-item\">\n\t\t\t\t\t<figure class=\"img\">\n\t\t\t\t\t\t<img decoding=\"async\" src=\"https:\/\/carnia.es\/wp-content\/uploads\/2020\/02\/compromiso-2-800x533.jpg\" alt=\"Companya General C\u00e0rnia mantiene su compromiso con entidades sociales\">\n\t\t\t\t\t\t\t\t\t\t\t<\/figure>\n\t\t\t\t<\/div><!-- \/ slide-item -->\n\t\t\t\t\t\t\t\t\t\t\t\t\t\t\t\t<div class=\"slide-item\">\n\t\t\t\t\t<figure class=\"img\">\n\t\t\t\t\t\t<img decoding=\"async\" src=\"https:\/\/carnia.es\/wp-content\/uploads\/2020\/02\/compromiso-3-800x533.jpg\" alt=\"La Responsabilidad Social es uno de los principales valores de C\u00e0rnia.\">\n\t\t\t\t\t\t\t\t\t\t\t<\/figure>\n\t\t\t\t<\/div><!-- \/ slide-item -->\n\t\t\t\t\t\t\t\t\t\t\t<\/div><!-- \/ img-carousel -->\n\t\t<\/div><!-- \/ carousel-wrap -->\n\t\t\t\t\t\t<div class=\"container-fluid\">\n\t\t\t<div class=\"row\">\n\t\t\t\t<div class=\"col-lg-8\">\n\t\t\t\t\t<p>Social responsibility is one of C\u00e0rnia\u2019s main values.<\/p>\n<p>We support various social projects working to combat gender discrimination, child malnutrition and inequality of opportunity for children and teenagers.<\/p>\n<p>To help our female workers with their work-life balance during the early stages of motherhood, we subsidise a daycare service near our plant on the Mercabarna site.<\/p>\n\t\t\t\t<\/div><!-- \/ col -->\n\t\t\t<\/div><!-- \/ row -->\n\t\t<\/div><!-- \/ container-fluid -->\n\t\t\t<\/div><!-- \/ service-info -->\n\n\n\n\t<div id=\"block_5d91cf6fb88ff\"  class=\"section partner-section\">\n\t\t<div class=\"container-fluid\">\n\t\t\t<header class=\"service-head\">\n\t\t\t\t<h2>Collaborations<\/h2>\n\t\t\t<\/header>\n\t\t\t<div class=\"partners\">\n\t\t\t\t\t\t\t\t\t\t\t\t\t\t\t\t\t\t\t<a href=\"https:\/\/www.bancdelsaliments.org\/es\/\" class=\"partner-item\" target=\"_blank\">\n\t\t\t\t\t\t\t\t\t\t\t\t\t\t\t\t\t\t<figure>\n\t\t\t\t\t\t\t\t\t\t<img decoding=\"async\" src=\"https:\/\/carnia.es\/wp-content\/uploads\/2019\/09\/img-partner-13.png\" alt=\"\">\n\t\t\t\t\t\t\t\t\t<\/figure>\n\t\t\t\t\t\t\t\t\t\t\t\t\t\t\t\t\t\t\t\t\t\t\t\t\t\t\t<div class=\"descr\">\n\t\t\t\t\t\t\t\t\t<p>An organisation whose mission is to fight food waste and hunger by distributing food among people who need of it.<\/p>\t\t\t\t\t\t\t\t\t<span class=\"url\">www.bancdelsaliments.org<\/span>\t\t\t\t\t\t\t\t\t<\/div>\n\t\t\t\t\t\t\t\t\t\t\t\t\t\t\t\t\t<\/a><!-- \/ partner-item -->\n\t\t\t\t\t\t\t\t\t\t\t\t\t\t\t\t\t\t\t\t\t\t\t\t\t\t<a href=\"http:\/\/www.paremanel.org\" class=\"partner-item\" target=\"_blank\">\n\t\t\t\t\t\t\t\t\t\t\t\t\t\t\t\t\t\t<figure>\n\t\t\t\t\t\t\t\t\t\t<img decoding=\"async\" src=\"https:\/\/carnia.es\/wp-content\/uploads\/2019\/09\/img-partner-12.png\" alt=\"\">\n\t\t\t\t\t\t\t\t\t<\/figure>\n\t\t\t\t\t\t\t\t\t\t\t\t\t\t\t\t\t\t\t\t\t\t\t\t\t\t\t<div class=\"descr\">\n\t\t\t\t\t\t\t\t\t<p>A non-profit institution developing and leading social projects in the Verd\u00fan and Roquetas districts of Barcelona, helping vulnerable individuals and families.<\/p>\t\t\t\t\t\t\t\t\t<span class=\"url\">www.paremanel.org<\/span>\t\t\t\t\t\t\t\t\t<\/div>\n\t\t\t\t\t\t\t\t\t\t\t\t\t\t\t\t\t<\/a><!-- \/ partner-item -->\n\t\t\t\t\t\t\t\t\t\t\t\t\t\t\t\t\t\t\t\t\t\t\t\t\t\t<a href=\"http:\/\/www.peretarres.org\" class=\"partner-item\" target=\"_blank\">\n\t\t\t\t\t\t\t\t\t\t\t\t\t\t\t\t\t\t<figure>\n\t\t\t\t\t\t\t\t\t\t<img decoding=\"async\" src=\"https:\/\/carnia.es\/wp-content\/uploads\/2019\/09\/img-partner-11.png\" alt=\"\">\n\t\t\t\t\t\t\t\t\t<\/figure>\n\t\t\t\t\t\t\t\t\t\t\t\t\t\t\t\t\t\t\t\t\t\t\t\t\t\t\t<div class=\"descr\">\n\t\t\t\t\t\t\t\t\t<p>A non-profit organisation involved in social initiatives and spare-time education for children and teenagers. It particularly concentrates on fighting exclusion and promoting equality of opportunity for at-risk social groups.<\/p>\t\t\t\t\t\t\t\t\t<span class=\"url\">www.peretarres.org<\/span>\t\t\t\t\t\t\t\t\t<\/div>\n\t\t\t\t\t\t\t\t\t\t\t\t\t\t\t\t\t<\/a><!-- \/ partner-item -->\n\t\t\t\t\t\t\t\t\t\t\t\t\t\t\t\t\t\t\t\t\t\t\t\t\t\t<a href=\"http:\/\/www.simphonie.com\/es\/homepage\/\" class=\"partner-item\" target=\"_blank\">\n\t\t\t\t\t\t\t\t\t\t\t\t\t\t\t\t\t\t<figure>\n\t\t\t\t\t\t\t\t\t\t<img decoding=\"async\" src=\"https:\/\/carnia.es\/wp-content\/uploads\/2020\/01\/simphonie-2.png\" alt=\"C\u00e0rnia + simphonie\">\n\t\t\t\t\t\t\t\t\t<\/figure>\n\t\t\t\t\t\t\t\t\t\t\t\t\t\t\t\t\t\t\t\t\t\t\t\t\t\t\t<div class=\"descr\">\n\t\t\t\t\t\t\t\t\t<p>Simphonie schools grant quality education for children ranging from 4 months of life up to 3 years targeting work-life balance for their parents.<br \/>\r\n<\/p>\t\t\t\t\t\t\t\t\t<span class=\"url\">www.simphonie.com<\/span>\t\t\t\t\t\t\t\t\t<\/div>\n\t\t\t\t\t\t\t\t\t\t\t\t\t\t\t\t\t<\/a><!-- \/ partner-item -->\n\t\t\t\t\t\t\t\t\t\t\t\t\t\t\t\t\t\t\t\t\t\t\t\t\t\t<a href=\"http:\/\/www.iwecfoundation.org\" class=\"partner-item\" target=\"_blank\">\n\t\t\t\t\t\t\t\t\t\t\t\t\t\t\t\t\t\t<figure>\n\t\t\t\t\t\t\t\t\t\t<img decoding=\"async\" src=\"https:\/\/carnia.es\/wp-content\/uploads\/2019\/09\/img-partner-09.png\" alt=\"\">\n\t\t\t\t\t\t\t\t\t<\/figure>\n\t\t\t\t\t\t\t\t\t\t\t\t\t\t\t\t\t\t\t\t\t\t\t\t\t\t\t<div class=\"descr\">\n\t\t\t\t\t\t\t\t\t<p>A worldwide organisation consisting of more than 20 chambers of commerce, its mission is to connect and empower businesswomen, helping them develop their businesses and promote them internationally.<\/p>\t\t\t\t\t\t\t\t\t<span class=\"url\">www.iwecfoundation.org<\/span>\t\t\t\t\t\t\t\t\t<\/div>\n\t\t\t\t\t\t\t\t\t\t\t\t\t\t\t\t\t<\/a><!-- \/ partner-item -->\n\t\t\t\t\t\t\t\t\t\t\t\t\t\t\t\t\t\t\t\t\t\t\t\t\t\t<a href=\"http:\/\/www.grupset.org\" class=\"partner-item\" target=\"_blank\">\n\t\t\t\t\t\t\t\t\t\t\t\t\t\t\t\t\t\t<figure>\n\t\t\t\t\t\t\t\t\t\t<img decoding=\"async\" src=\"https:\/\/carnia.es\/wp-content\/uploads\/2019\/09\/img-partner-10.png\" alt=\"\">\n\t\t\t\t\t\t\t\t\t<\/figure>\n\t\t\t\t\t\t\t\t\t\t\t\t\t\t\t\t\t\t\t\t\t\t\t\t\t\t\t<div class=\"descr\">\n\t\t\t\t\t\t\t\t\t<p>An association of business and professional women whose main aim is to provide a voice to express the opinions and concerns of civil society as well as providing visibility for women in the business world. It participates very actively in the struggle for gender equality and the combating of workplace discrimination.<\/p>\t\t\t\t\t\t\t\t\t<span class=\"url\">www.grupset.org<\/span>\t\t\t\t\t\t\t\t\t<\/div>\n\t\t\t\t\t\t\t\t\t\t\t\t\t\t\t\t\t<\/a><!-- \/ partner-item -->\n\t\t\t\t\t\t\t\t\t\t\t\t\t\t<\/div><!-- \/ partners -->\n\t\t<\/div><!-- \/ container-fluid -->\n\t<\/div><!-- \/ partner-section -->\n","protected":false},"excerpt":{"rendered":"","protected":false},"author":2,"featured_media":0,"parent":0,"menu_order":0,"comment_status":"closed","ping_status":"closed","template":"","meta":{"_acf_changed":false,"footnotes":""},"class_list":["post-723","page","type-page","status-publish","hentry"],"acf":[],"yoast_head":"<!-- This site is optimized with the Yoast SEO plugin v27.3 - https:\/\/yoast.com\/product\/yoast-seo-wordpress\/ -->\n<title>Our promise - Companyia General C\u00e0rnia<\/title>\n<meta name=\"robots\" content=\"index, follow, max-snippet:-1, max-image-preview:large, max-video-preview:-1\" \/>\n<link rel=\"canonical\" href=\"https:\/\/carnia.es\/en\/our-promise\/\" \/>\n<meta property=\"og:locale\" content=\"en_US\" \/>\n<meta property=\"og:type\" content=\"article\" \/>\n<meta property=\"og:title\" content=\"Our promise - Companyia General C\u00e0rnia\" \/>\n<meta property=\"og:url\" content=\"https:\/\/carnia.es\/en\/our-promise\/\" \/>\n<meta property=\"og:site_name\" content=\"Companyia General C\u00e0rnia\" \/>\n<meta property=\"article:modified_time\" content=\"2021-09-29T16:16:28+00:00\" \/>\n<meta name=\"twitter:card\" content=\"summary_large_image\" \/>\n<script type=\"application\/ld+json\" class=\"yoast-schema-graph\">{\"@context\":\"https:\\\/\\\/schema.org\",\"@graph\":[{\"@type\":\"WebPage\",\"@id\":\"https:\\\/\\\/carnia.es\\\/en\\\/our-promise\\\/\",\"url\":\"https:\\\/\\\/carnia.es\\\/en\\\/our-promise\\\/\",\"name\":\"Our promise - Companyia General C\u00e0rnia\",\"isPartOf\":{\"@id\":\"https:\\\/\\\/carnia.es\\\/en\\\/#website\"},\"datePublished\":\"2019-09-30T08:51:28+00:00\",\"dateModified\":\"2021-09-29T16:16:28+00:00\",\"breadcrumb\":{\"@id\":\"https:\\\/\\\/carnia.es\\\/en\\\/our-promise\\\/#breadcrumb\"},\"inLanguage\":\"en-US\",\"potentialAction\":[{\"@type\":\"ReadAction\",\"target\":[\"https:\\\/\\\/carnia.es\\\/en\\\/our-promise\\\/\"]}]},{\"@type\":\"BreadcrumbList\",\"@id\":\"https:\\\/\\\/carnia.es\\\/en\\\/our-promise\\\/#breadcrumb\",\"itemListElement\":[{\"@type\":\"ListItem\",\"position\":1,\"name\":\"Home\",\"item\":\"https:\\\/\\\/carnia.es\\\/en\\\/\"},{\"@type\":\"ListItem\",\"position\":2,\"name\":\"Our promise\"}]},{\"@type\":\"WebSite\",\"@id\":\"https:\\\/\\\/carnia.es\\\/en\\\/#website\",\"url\":\"https:\\\/\\\/carnia.es\\\/en\\\/\",\"name\":\"Companyia General C\u00e0rnia\",\"description\":\"100 a\u00f1os de experiencia en el sector c\u00e1rnico\",\"publisher\":{\"@id\":\"https:\\\/\\\/carnia.es\\\/en\\\/#organization\"},\"potentialAction\":[{\"@type\":\"SearchAction\",\"target\":{\"@type\":\"EntryPoint\",\"urlTemplate\":\"https:\\\/\\\/carnia.es\\\/en\\\/?s={search_term_string}\"},\"query-input\":{\"@type\":\"PropertyValueSpecification\",\"valueRequired\":true,\"valueName\":\"search_term_string\"}}],\"inLanguage\":\"en-US\"},{\"@type\":\"Organization\",\"@id\":\"https:\\\/\\\/carnia.es\\\/en\\\/#organization\",\"name\":\"Companyia General C\u00e0rnia\",\"url\":\"https:\\\/\\\/carnia.es\\\/en\\\/\",\"logo\":{\"@type\":\"ImageObject\",\"inLanguage\":\"en-US\",\"@id\":\"https:\\\/\\\/carnia.es\\\/en\\\/#\\\/schema\\\/logo\\\/image\\\/\",\"url\":\"https:\\\/\\\/carnia.es\\\/wp-content\\\/uploads\\\/2019\\\/09\\\/logo-1.svg\",\"contentUrl\":\"https:\\\/\\\/carnia.es\\\/wp-content\\\/uploads\\\/2019\\\/09\\\/logo-1.svg\",\"width\":160,\"height\":45,\"caption\":\"Companyia General C\u00e0rnia\"},\"image\":{\"@id\":\"https:\\\/\\\/carnia.es\\\/en\\\/#\\\/schema\\\/logo\\\/image\\\/\"}}]}<\/script>\n<!-- \/ Yoast SEO plugin. -->","yoast_head_json":{"title":"Our promise - Companyia General C\u00e0rnia","robots":{"index":"index","follow":"follow","max-snippet":"max-snippet:-1","max-image-preview":"max-image-preview:large","max-video-preview":"max-video-preview:-1"},"canonical":"https:\/\/carnia.es\/en\/our-promise\/","og_locale":"en_US","og_type":"article","og_title":"Our promise - Companyia General C\u00e0rnia","og_url":"https:\/\/carnia.es\/en\/our-promise\/","og_site_name":"Companyia General C\u00e0rnia","article_modified_time":"2021-09-29T16:16:28+00:00","twitter_card":"summary_large_image","schema":{"@context":"https:\/\/schema.org","@graph":[{"@type":"WebPage","@id":"https:\/\/carnia.es\/en\/our-promise\/","url":"https:\/\/carnia.es\/en\/our-promise\/","name":"Our promise - Companyia General C\u00e0rnia","isPartOf":{"@id":"https:\/\/carnia.es\/en\/#website"},"datePublished":"2019-09-30T08:51:28+00:00","dateModified":"2021-09-29T16:16:28+00:00","breadcrumb":{"@id":"https:\/\/carnia.es\/en\/our-promise\/#breadcrumb"},"inLanguage":"en-US","potentialAction":[{"@type":"ReadAction","target":["https:\/\/carnia.es\/en\/our-promise\/"]}]},{"@type":"BreadcrumbList","@id":"https:\/\/carnia.es\/en\/our-promise\/#breadcrumb","itemListElement":[{"@type":"ListItem","position":1,"name":"Home","item":"https:\/\/carnia.es\/en\/"},{"@type":"ListItem","position":2,"name":"Our promise"}]},{"@type":"WebSite","@id":"https:\/\/carnia.es\/en\/#website","url":"https:\/\/carnia.es\/en\/","name":"Companyia General C\u00e0rnia","description":"100 a\u00f1os de experiencia en el sector c\u00e1rnico","publisher":{"@id":"https:\/\/carnia.es\/en\/#organization"},"potentialAction":[{"@type":"SearchAction","target":{"@type":"EntryPoint","urlTemplate":"https:\/\/carnia.es\/en\/?s={search_term_string}"},"query-input":{"@type":"PropertyValueSpecification","valueRequired":true,"valueName":"search_term_string"}}],"inLanguage":"en-US"},{"@type":"Organization","@id":"https:\/\/carnia.es\/en\/#organization","name":"Companyia General C\u00e0rnia","url":"https:\/\/carnia.es\/en\/","logo":{"@type":"ImageObject","inLanguage":"en-US","@id":"https:\/\/carnia.es\/en\/#\/schema\/logo\/image\/","url":"https:\/\/carnia.es\/wp-content\/uploads\/2019\/09\/logo-1.svg","contentUrl":"https:\/\/carnia.es\/wp-content\/uploads\/2019\/09\/logo-1.svg","width":160,"height":45,"caption":"Companyia General C\u00e0rnia"},"image":{"@id":"https:\/\/carnia.es\/en\/#\/schema\/logo\/image\/"}}]}},"_links":{"self":[{"href":"https:\/\/carnia.es\/en\/wp-json\/wp\/v2\/pages\/723","targetHints":{"allow":["GET"]}}],"collection":[{"href":"https:\/\/carnia.es\/en\/wp-json\/wp\/v2\/pages"}],"about":[{"href":"https:\/\/carnia.es\/en\/wp-json\/wp\/v2\/types\/page"}],"author":[{"embeddable":true,"href":"https:\/\/carnia.es\/en\/wp-json\/wp\/v2\/users\/2"}],"replies":[{"embeddable":true,"href":"https:\/\/carnia.es\/en\/wp-json\/wp\/v2\/comments?post=723"}],"version-history":[{"count":13,"href":"https:\/\/carnia.es\/en\/wp-json\/wp\/v2\/pages\/723\/revisions"}],"predecessor-version":[{"id":9863,"href":"https:\/\/carnia.es\/en\/wp-json\/wp\/v2\/pages\/723\/revisions\/9863"}],"wp:attachment":[{"href":"https:\/\/carnia.es\/en\/wp-json\/wp\/v2\/media?parent=723"}],"curies":[{"name":"wp","href":"https:\/\/api.w.org\/{rel}","templated":true}]}}