{"id":5271,"date":"2020-03-23T16:03:49","date_gmt":"2020-03-23T16:03:49","guid":{"rendered":"https:\/\/carnia.es\/politica-de-cookies\/"},"modified":"2020-05-08T16:30:15","modified_gmt":"2020-05-08T16:30:15","slug":"cookies-policy","status":"publish","type":"page","link":"https:\/\/carnia.es\/en\/cookies-policy\/","title":{"rendered":"Cookies Policy"},"content":{"rendered":"<div class=\"text-wrapper\"><div class=\"container-fluid\">\n<p><strong>Pol\u00edtica de Cookies de COMPANYIA GENERAL C\u00c0RNIA, S.A.<\/strong><\/p>\n<\/div><\/div>\n\n<div class=\"text-wrapper\"><div class=\"container-fluid\">\n<p><strong>I.- INTRODUCCI\u00d3N<\/strong><\/p>\n<\/div><\/div>\n\n<div class=\"text-wrapper\"><div class=\"container-fluid\">\n<p>Esta web utiliza cookies propias i de terceros para mejorar la experiencia del usuario y ofrecer contenidos adaptados a sus intereses, mediante la personalizaci\u00f3n de espacios publicitarios.<\/p>\n<\/div><\/div>\n\n<div class=\"text-wrapper\"><div class=\"container-fluid\">\n<p>Con el registro en la WEB y\/o la mera navegaci\u00f3n (con el navegador habilitado para aceptar cookies), el usuario acepta la instalaci\u00f3n de cookies, salvo que se oponga, seg\u00fan se detalla en esta pol\u00edtica de cookies.<\/p>\n<\/div><\/div>\n\n<div class=\"text-wrapper\"><div class=\"container-fluid\">\n<p>Nuestra pol\u00edtica de cookies est\u00e1 sujeta a actualizaciones peri\u00f3dicas. Su prop\u00f3sito \u00e9s de ayudar a comprender el uso que hacemos de las cookies, la finalidad de las cookies utilizadas, as\u00ed como las opciones que tiene el usuario para gestionarlas.<\/p>\n<\/div><\/div>\n\n<div class=\"text-wrapper\"><div class=\"container-fluid\">\n<p>Los usuarios pueden acceder a \u00e9sta informaci\u00f3n en todo momento a trav\u00e9s del link habilitado en la web. Asimismo, podr\u00e1 modificar sus preferencias sobre la aceptaci\u00f3n de cookies a trav\u00e9s de las opciones de su navegador.<\/p>\n<\/div><\/div>\n\n<div class=\"text-wrapper\"><div class=\"container-fluid\">\n<p><strong>II.- \u00bfQUE ES UNA COOKIE?<\/strong><\/p>\n<\/div><\/div>\n\n<div class=\"text-wrapper\"><div class=\"container-fluid\">\n<p>Una cookie es un peque\u00f1o archivo de texto que en lugar web almacena en el navegador del usuario. Las cookies facilitan el uso y la navegaci\u00f3n por la p\u00e1gina web y son esenciales para el funcionamiento de internet, aportando innumerables ventajas en la prestaci\u00f3n de servicios interactivos.<\/p>\n<\/div><\/div>\n\n<div class=\"text-wrapper\"><div class=\"container-fluid\">\n<p><strong>III.- COOKIES UTILIZADAS<\/strong><\/p>\n<\/div><\/div>\n\n<div class=\"text-wrapper\"><div class=\"container-fluid\">\n<p>Nuestra p\u00e1gina web no tiene memoria para retener informaci\u00f3n sobre los usuarios, en este sentido, cuando finalizas la navegaci\u00f3n por nuestra p\u00e1gina web, cierras el navegador o accedes a otra p\u00e1gina web, no se te reconocer\u00e1 como el mismo usuario. Las cookies tambi\u00e9n aseguran que cuando vuelvas a visitar nuestra web, esta te reconozca como usuario pudiendo aplicar las preferencias que determinaste la primera vez que accediste a nuestra web.<\/p>\n<\/div><\/div>\n\n<div class=\"text-wrapper\"><div class=\"container-fluid\">\n<p>Existen diferentes tipos de cookies y se utilizan para diferentes prop\u00f3sitos. Las cookies se pueden diferenciar por funci\u00f3n, duraci\u00f3n y quien las almacena en una p\u00e1gina web.<\/p>\n<\/div><\/div>\n\n<div class=\"text-wrapper\"><div class=\"container-fluid\">\n<p>Nuestra p\u00e1gina web utiliza los siguientes tipos de cookies:<\/p>\n<\/div><\/div>\n\n<div class=\"text-wrapper\"><div class=\"container-fluid\">\n<p><strong>\u00b7 Cookies t\u00e9cnicas:<\/strong> utilizamos cookies t\u00e9cnicas para mostrarte nuestra pagina web, hacer que funcione correctamente. Estas cookies t\u00e9cnicas son absolutamente necesarias para que nuestra p\u00e1gina web funcione correctamente.<\/p>\n<\/div><\/div>\n\n<div class=\"text-wrapper\"><div class=\"container-fluid\">\n<p>\u00b7 <strong>Cookies funcionales<\/strong>: tambi\u00e9n utilizamos cookies funcionales para recordar tus preferencias y para ayudarte a utilizar nuestra p\u00e1gina web de forma eficientes y efectiva. Por ejemplo, recordamos tu idioma preferido, tus b\u00fasquedas. Estas cookies funcionales no son estrictamente necesarias para el funcionamiento de nuestra p\u00e1gina web, pero le a\u00f1aden funcionalidad y mejoran tu experiencia como usuario.<\/p>\n<\/div><\/div>\n\n<div class=\"text-wrapper\"><div class=\"container-fluid\">\n<p>\u00b7 <strong>Cookies anal\u00edticas<\/strong>: utilizamos cookies anal\u00edticas para entender como utilizan la p\u00e1gina nuestros usuarios, detectar que funcionas y que no, optimizar y mejorar la p\u00e1gina web y asegurarnos de que nuestros usuarios siguen considerando nuestra p\u00e1gina web interesante y relevante. Los datos que recogemos incluyen las p\u00e1ginas web que has visitado, p\u00e1ginas de referencia\/salida, en las que has entrado y salido, el tipos de plataforma que utilizas, informaci\u00f3n de fecha\/hora y de datos con el numero de clics que has hecho en una p\u00e1gina determinada, movimientos del rat\u00f3n y desplazamientos, palabras de b\u00fasqueda que utilizas, y texto que escribes cuando utilizas nuestra p\u00e1gina web.<\/p>\n<\/div><\/div>\n\n<div class=\"text-wrapper\"><div class=\"container-fluid\">\n<p>Las cookies que utilizamos tienen una vida \u00fatil variable. La vida \u00fatil m\u00e1xima que establecemos en una de ellas es de 5 a\u00f1os desde la \u00faltima visita a nuestra p\u00e1gina web. Puedes borrar todas las cookies de tu navegador en cualquier momento. Le recomendamos que consulte la ayuda de su navegador para informase de las diferentes opciones sobre c\u00f3mo gestionar las cookies.<\/p>\n<\/div><\/div>","protected":false},"excerpt":{"rendered":"<p>Pol\u00edtica de Cookies de COMPANYIA GENERAL C\u00c0RNIA, S.A. I.- INTRODUCCI\u00d3N Esta web utiliza cookies propias i de terceros para mejorar la experiencia del usuario y ofrecer contenidos adaptados a sus intereses, mediante la personalizaci\u00f3n de espacios publicitarios. Con el registro en la WEB y\/o la mera navegaci\u00f3n (con el navegador habilitado para aceptar cookies), el<\/p>\n","protected":false},"author":2,"featured_media":0,"parent":0,"menu_order":0,"comment_status":"closed","ping_status":"closed","template":"","meta":{"_acf_changed":false,"footnotes":""},"class_list":["post-5271","page","type-page","status-publish","hentry"],"acf":[],"yoast_head":"<!-- This site is optimized with the Yoast SEO plugin v27.3 - https:\/\/yoast.com\/product\/yoast-seo-wordpress\/ -->\n<title>Cookies Policy - Companyia General C\u00e0rnia<\/title>\n<meta name=\"robots\" content=\"index, follow, max-snippet:-1, max-image-preview:large, max-video-preview:-1\" \/>\n<link rel=\"canonical\" href=\"https:\/\/carnia.es\/en\/cookies-policy\/\" \/>\n<meta property=\"og:locale\" content=\"en_US\" \/>\n<meta property=\"og:type\" content=\"article\" \/>\n<meta property=\"og:title\" content=\"Cookies Policy - Companyia General C\u00e0rnia\" \/>\n<meta property=\"og:description\" content=\"Pol\u00edtica de Cookies de COMPANYIA GENERAL C\u00c0RNIA, S.A. I.- INTRODUCCI\u00d3N Esta web utiliza cookies propias i de terceros para mejorar la experiencia del usuario y ofrecer contenidos adaptados a sus intereses, mediante la personalizaci\u00f3n de espacios publicitarios. Con el registro en la WEB y\/o la mera navegaci\u00f3n (con el navegador habilitado para aceptar cookies), el\" \/>\n<meta property=\"og:url\" content=\"https:\/\/carnia.es\/en\/cookies-policy\/\" \/>\n<meta property=\"og:site_name\" content=\"Companyia General C\u00e0rnia\" \/>\n<meta property=\"article:modified_time\" content=\"2020-05-08T16:30:15+00:00\" \/>\n<meta name=\"twitter:card\" content=\"summary_large_image\" \/>\n<meta name=\"twitter:label1\" content=\"Est. reading time\" \/>\n\t<meta name=\"twitter:data1\" content=\"3 minutes\" \/>\n<script type=\"application\/ld+json\" class=\"yoast-schema-graph\">{\"@context\":\"https:\\\/\\\/schema.org\",\"@graph\":[{\"@type\":\"WebPage\",\"@id\":\"https:\\\/\\\/carnia.es\\\/en\\\/cookies-policy\\\/\",\"url\":\"https:\\\/\\\/carnia.es\\\/en\\\/cookies-policy\\\/\",\"name\":\"Cookies Policy - Companyia General C\u00e0rnia\",\"isPartOf\":{\"@id\":\"https:\\\/\\\/carnia.es\\\/en\\\/#website\"},\"datePublished\":\"2020-03-23T16:03:49+00:00\",\"dateModified\":\"2020-05-08T16:30:15+00:00\",\"breadcrumb\":{\"@id\":\"https:\\\/\\\/carnia.es\\\/en\\\/cookies-policy\\\/#breadcrumb\"},\"inLanguage\":\"en-US\",\"potentialAction\":[{\"@type\":\"ReadAction\",\"target\":[\"https:\\\/\\\/carnia.es\\\/en\\\/cookies-policy\\\/\"]}]},{\"@type\":\"BreadcrumbList\",\"@id\":\"https:\\\/\\\/carnia.es\\\/en\\\/cookies-policy\\\/#breadcrumb\",\"itemListElement\":[{\"@type\":\"ListItem\",\"position\":1,\"name\":\"Home\",\"item\":\"https:\\\/\\\/carnia.es\\\/en\\\/\"},{\"@type\":\"ListItem\",\"position\":2,\"name\":\"Cookies Policy\"}]},{\"@type\":\"WebSite\",\"@id\":\"https:\\\/\\\/carnia.es\\\/en\\\/#website\",\"url\":\"https:\\\/\\\/carnia.es\\\/en\\\/\",\"name\":\"Companyia General C\u00e0rnia\",\"description\":\"100 a\u00f1os de experiencia en el sector c\u00e1rnico\",\"publisher\":{\"@id\":\"https:\\\/\\\/carnia.es\\\/en\\\/#organization\"},\"potentialAction\":[{\"@type\":\"SearchAction\",\"target\":{\"@type\":\"EntryPoint\",\"urlTemplate\":\"https:\\\/\\\/carnia.es\\\/en\\\/?s={search_term_string}\"},\"query-input\":{\"@type\":\"PropertyValueSpecification\",\"valueRequired\":true,\"valueName\":\"search_term_string\"}}],\"inLanguage\":\"en-US\"},{\"@type\":\"Organization\",\"@id\":\"https:\\\/\\\/carnia.es\\\/en\\\/#organization\",\"name\":\"Companyia General C\u00e0rnia\",\"url\":\"https:\\\/\\\/carnia.es\\\/en\\\/\",\"logo\":{\"@type\":\"ImageObject\",\"inLanguage\":\"en-US\",\"@id\":\"https:\\\/\\\/carnia.es\\\/en\\\/#\\\/schema\\\/logo\\\/image\\\/\",\"url\":\"https:\\\/\\\/carnia.es\\\/wp-content\\\/uploads\\\/2019\\\/09\\\/logo-1.svg\",\"contentUrl\":\"https:\\\/\\\/carnia.es\\\/wp-content\\\/uploads\\\/2019\\\/09\\\/logo-1.svg\",\"width\":160,\"height\":45,\"caption\":\"Companyia General C\u00e0rnia\"},\"image\":{\"@id\":\"https:\\\/\\\/carnia.es\\\/en\\\/#\\\/schema\\\/logo\\\/image\\\/\"}}]}<\/script>\n<!-- \/ Yoast SEO plugin. -->","yoast_head_json":{"title":"Cookies Policy - Companyia General C\u00e0rnia","robots":{"index":"index","follow":"follow","max-snippet":"max-snippet:-1","max-image-preview":"max-image-preview:large","max-video-preview":"max-video-preview:-1"},"canonical":"https:\/\/carnia.es\/en\/cookies-policy\/","og_locale":"en_US","og_type":"article","og_title":"Cookies Policy - Companyia General C\u00e0rnia","og_description":"Pol\u00edtica de Cookies de COMPANYIA GENERAL C\u00c0RNIA, S.A. I.- INTRODUCCI\u00d3N Esta web utiliza cookies propias i de terceros para mejorar la experiencia del usuario y ofrecer contenidos adaptados a sus intereses, mediante la personalizaci\u00f3n de espacios publicitarios. Con el registro en la WEB y\/o la mera navegaci\u00f3n (con el navegador habilitado para aceptar cookies), el","og_url":"https:\/\/carnia.es\/en\/cookies-policy\/","og_site_name":"Companyia General C\u00e0rnia","article_modified_time":"2020-05-08T16:30:15+00:00","twitter_card":"summary_large_image","twitter_misc":{"Est. reading time":"3 minutes"},"schema":{"@context":"https:\/\/schema.org","@graph":[{"@type":"WebPage","@id":"https:\/\/carnia.es\/en\/cookies-policy\/","url":"https:\/\/carnia.es\/en\/cookies-policy\/","name":"Cookies Policy - Companyia General C\u00e0rnia","isPartOf":{"@id":"https:\/\/carnia.es\/en\/#website"},"datePublished":"2020-03-23T16:03:49+00:00","dateModified":"2020-05-08T16:30:15+00:00","breadcrumb":{"@id":"https:\/\/carnia.es\/en\/cookies-policy\/#breadcrumb"},"inLanguage":"en-US","potentialAction":[{"@type":"ReadAction","target":["https:\/\/carnia.es\/en\/cookies-policy\/"]}]},{"@type":"BreadcrumbList","@id":"https:\/\/carnia.es\/en\/cookies-policy\/#breadcrumb","itemListElement":[{"@type":"ListItem","position":1,"name":"Home","item":"https:\/\/carnia.es\/en\/"},{"@type":"ListItem","position":2,"name":"Cookies Policy"}]},{"@type":"WebSite","@id":"https:\/\/carnia.es\/en\/#website","url":"https:\/\/carnia.es\/en\/","name":"Companyia General C\u00e0rnia","description":"100 a\u00f1os de experiencia en el sector c\u00e1rnico","publisher":{"@id":"https:\/\/carnia.es\/en\/#organization"},"potentialAction":[{"@type":"SearchAction","target":{"@type":"EntryPoint","urlTemplate":"https:\/\/carnia.es\/en\/?s={search_term_string}"},"query-input":{"@type":"PropertyValueSpecification","valueRequired":true,"valueName":"search_term_string"}}],"inLanguage":"en-US"},{"@type":"Organization","@id":"https:\/\/carnia.es\/en\/#organization","name":"Companyia General C\u00e0rnia","url":"https:\/\/carnia.es\/en\/","logo":{"@type":"ImageObject","inLanguage":"en-US","@id":"https:\/\/carnia.es\/en\/#\/schema\/logo\/image\/","url":"https:\/\/carnia.es\/wp-content\/uploads\/2019\/09\/logo-1.svg","contentUrl":"https:\/\/carnia.es\/wp-content\/uploads\/2019\/09\/logo-1.svg","width":160,"height":45,"caption":"Companyia General C\u00e0rnia"},"image":{"@id":"https:\/\/carnia.es\/en\/#\/schema\/logo\/image\/"}}]}},"_links":{"self":[{"href":"https:\/\/carnia.es\/en\/wp-json\/wp\/v2\/pages\/5271","targetHints":{"allow":["GET"]}}],"collection":[{"href":"https:\/\/carnia.es\/en\/wp-json\/wp\/v2\/pages"}],"about":[{"href":"https:\/\/carnia.es\/en\/wp-json\/wp\/v2\/types\/page"}],"author":[{"embeddable":true,"href":"https:\/\/carnia.es\/en\/wp-json\/wp\/v2\/users\/2"}],"replies":[{"embeddable":true,"href":"https:\/\/carnia.es\/en\/wp-json\/wp\/v2\/comments?post=5271"}],"version-history":[{"count":1,"href":"https:\/\/carnia.es\/en\/wp-json\/wp\/v2\/pages\/5271\/revisions"}],"predecessor-version":[{"id":5272,"href":"https:\/\/carnia.es\/en\/wp-json\/wp\/v2\/pages\/5271\/revisions\/5272"}],"wp:attachment":[{"href":"https:\/\/carnia.es\/en\/wp-json\/wp\/v2\/media?parent=5271"}],"curies":[{"name":"wp","href":"https:\/\/api.w.org\/{rel}","templated":true}]}}