{"id":806,"date":"2019-10-01T07:29:52","date_gmt":"2019-10-01T07:29:52","guid":{"rendered":"https:\/\/carnia.es\/new\/trabaja-con-nosotros\/"},"modified":"2020-03-19T18:10:47","modified_gmt":"2020-03-19T18:10:47","slug":"trabaja-con-nosotros","status":"publish","type":"page","link":"https:\/\/carnia.es\/ca\/trabaja-con-nosotros\/","title":{"rendered":"Treballa amb nosaltres"},"content":{"rendered":"<div class=\"text-wrapper\"><div class=\"container-fluid\">\n<p class=\"has-medium-font-size\">C\u00e0rnia som una gran companyia d\u2019origen familiar, s\u00f2lida, solvent i en creixement continu que compta amb 400 professionals de 21 nacionalitats diferents.<\/p>\n<\/div><\/div>\n\n<div class=\"text-wrapper\"><div class=\"container-fluid\">\n<p class=\"has-medium-font-size\">Creiem i apostem per la promoci\u00f3 interna i la igualtat d\u2019oportunitats. Aix\u00f2 es tradueix en un 88% de plantilla amb contracte indefinit i una mitjana d\u2019antiguitat de 15 anys.<\/p>\n<\/div><\/div>\n\n<div class=\"text-wrapper\"><div class=\"container-fluid\">\n<p class=\"has-medium-font-size\">La nostra pol\u00edtica de conciliaci\u00f3 familiar i laboral inclou una jornada continuada de treball amb acc\u00e9s en transport a Mercabarna durant les 24 h del dia.<\/p>\n<\/div><\/div>\n\n<div class=\"text-wrapper\"><div class=\"container-fluid\">\n<p class=\"has-medium-font-size\">Si vols afegir-te al nostre equip, envia\u2019ns el teu CV a: <a href=\"mailto:rrhh@cgcarnia.com\">rrhh@cgcarnia.com<\/a><\/p>\n<\/div><\/div>","protected":false},"excerpt":{"rendered":"<p>C\u00e0rnia som una gran companyia d\u2019origen familiar, s\u00f2lida, solvent i en creixement continu que compta amb 400 professionals de 21 nacionalitats diferents. Creiem i apostem per la promoci\u00f3 interna i la igualtat d\u2019oportunitats. Aix\u00f2 es tradueix en un 88% de plantilla amb contracte indefinit i una mitjana d\u2019antiguitat de 15 anys. La nostra pol\u00edtica de<\/p>\n","protected":false},"author":2,"featured_media":0,"parent":0,"menu_order":0,"comment_status":"closed","ping_status":"closed","template":"","meta":{"_acf_changed":false,"footnotes":""},"class_list":["post-806","page","type-page","status-publish","hentry"],"acf":[],"yoast_head":"<!-- This site is optimized with the Yoast SEO plugin v27.3 - https:\/\/yoast.com\/product\/yoast-seo-wordpress\/ -->\n<title>Treballa amb nosaltres - Companyia General C\u00e0rnia<\/title>\n<meta name=\"robots\" content=\"index, follow, max-snippet:-1, max-image-preview:large, max-video-preview:-1\" \/>\n<link rel=\"canonical\" href=\"https:\/\/carnia.es\/ca\/trabaja-con-nosotros\/\" \/>\n<meta property=\"og:locale\" content=\"ca_ES\" \/>\n<meta property=\"og:type\" content=\"article\" \/>\n<meta property=\"og:title\" content=\"Treballa amb nosaltres - Companyia General C\u00e0rnia\" \/>\n<meta property=\"og:description\" content=\"C\u00e0rnia som una gran companyia d\u2019origen familiar, s\u00f2lida, solvent i en creixement continu que compta amb 400 professionals de 21 nacionalitats diferents. Creiem i apostem per la promoci\u00f3 interna i la igualtat d\u2019oportunitats. Aix\u00f2 es tradueix en un 88% de plantilla amb contracte indefinit i una mitjana d\u2019antiguitat de 15 anys. La nostra pol\u00edtica de\" \/>\n<meta property=\"og:url\" content=\"https:\/\/carnia.es\/ca\/trabaja-con-nosotros\/\" \/>\n<meta property=\"og:site_name\" content=\"Companyia General C\u00e0rnia\" \/>\n<meta property=\"article:modified_time\" content=\"2020-03-19T18:10:47+00:00\" \/>\n<meta name=\"twitter:card\" content=\"summary_large_image\" \/>\n<script type=\"application\/ld+json\" class=\"yoast-schema-graph\">{\"@context\":\"https:\\\/\\\/schema.org\",\"@graph\":[{\"@type\":\"WebPage\",\"@id\":\"https:\\\/\\\/carnia.es\\\/ca\\\/trabaja-con-nosotros\\\/\",\"url\":\"https:\\\/\\\/carnia.es\\\/ca\\\/trabaja-con-nosotros\\\/\",\"name\":\"Treballa amb nosaltres - Companyia General C\u00e0rnia\",\"isPartOf\":{\"@id\":\"https:\\\/\\\/carnia.es\\\/en\\\/#website\"},\"datePublished\":\"2019-10-01T07:29:52+00:00\",\"dateModified\":\"2020-03-19T18:10:47+00:00\",\"breadcrumb\":{\"@id\":\"https:\\\/\\\/carnia.es\\\/ca\\\/trabaja-con-nosotros\\\/#breadcrumb\"},\"inLanguage\":\"ca\",\"potentialAction\":[{\"@type\":\"ReadAction\",\"target\":[\"https:\\\/\\\/carnia.es\\\/ca\\\/trabaja-con-nosotros\\\/\"]}]},{\"@type\":\"BreadcrumbList\",\"@id\":\"https:\\\/\\\/carnia.es\\\/ca\\\/trabaja-con-nosotros\\\/#breadcrumb\",\"itemListElement\":[{\"@type\":\"ListItem\",\"position\":1,\"name\":\"Home\",\"item\":\"https:\\\/\\\/carnia.es\\\/ca\\\/\"},{\"@type\":\"ListItem\",\"position\":2,\"name\":\"Treballa amb nosaltres\"}]},{\"@type\":\"WebSite\",\"@id\":\"https:\\\/\\\/carnia.es\\\/en\\\/#website\",\"url\":\"https:\\\/\\\/carnia.es\\\/en\\\/\",\"name\":\"Companyia General C\u00e0rnia\",\"description\":\"100 a\u00f1os de experiencia en el sector c\u00e1rnico\",\"publisher\":{\"@id\":\"https:\\\/\\\/carnia.es\\\/en\\\/#organization\"},\"potentialAction\":[{\"@type\":\"SearchAction\",\"target\":{\"@type\":\"EntryPoint\",\"urlTemplate\":\"https:\\\/\\\/carnia.es\\\/en\\\/?s={search_term_string}\"},\"query-input\":{\"@type\":\"PropertyValueSpecification\",\"valueRequired\":true,\"valueName\":\"search_term_string\"}}],\"inLanguage\":\"ca\"},{\"@type\":\"Organization\",\"@id\":\"https:\\\/\\\/carnia.es\\\/en\\\/#organization\",\"name\":\"Companyia General C\u00e0rnia\",\"url\":\"https:\\\/\\\/carnia.es\\\/en\\\/\",\"logo\":{\"@type\":\"ImageObject\",\"inLanguage\":\"ca\",\"@id\":\"https:\\\/\\\/carnia.es\\\/en\\\/#\\\/schema\\\/logo\\\/image\\\/\",\"url\":\"https:\\\/\\\/carnia.es\\\/wp-content\\\/uploads\\\/2019\\\/09\\\/logo-1.svg\",\"contentUrl\":\"https:\\\/\\\/carnia.es\\\/wp-content\\\/uploads\\\/2019\\\/09\\\/logo-1.svg\",\"width\":160,\"height\":45,\"caption\":\"Companyia General C\u00e0rnia\"},\"image\":{\"@id\":\"https:\\\/\\\/carnia.es\\\/en\\\/#\\\/schema\\\/logo\\\/image\\\/\"}}]}<\/script>\n<!-- \/ Yoast SEO plugin. -->","yoast_head_json":{"title":"Treballa amb nosaltres - Companyia General C\u00e0rnia","robots":{"index":"index","follow":"follow","max-snippet":"max-snippet:-1","max-image-preview":"max-image-preview:large","max-video-preview":"max-video-preview:-1"},"canonical":"https:\/\/carnia.es\/ca\/trabaja-con-nosotros\/","og_locale":"ca_ES","og_type":"article","og_title":"Treballa amb nosaltres - Companyia General C\u00e0rnia","og_description":"C\u00e0rnia som una gran companyia d\u2019origen familiar, s\u00f2lida, solvent i en creixement continu que compta amb 400 professionals de 21 nacionalitats diferents. Creiem i apostem per la promoci\u00f3 interna i la igualtat d\u2019oportunitats. Aix\u00f2 es tradueix en un 88% de plantilla amb contracte indefinit i una mitjana d\u2019antiguitat de 15 anys. La nostra pol\u00edtica de","og_url":"https:\/\/carnia.es\/ca\/trabaja-con-nosotros\/","og_site_name":"Companyia General C\u00e0rnia","article_modified_time":"2020-03-19T18:10:47+00:00","twitter_card":"summary_large_image","schema":{"@context":"https:\/\/schema.org","@graph":[{"@type":"WebPage","@id":"https:\/\/carnia.es\/ca\/trabaja-con-nosotros\/","url":"https:\/\/carnia.es\/ca\/trabaja-con-nosotros\/","name":"Treballa amb nosaltres - Companyia General C\u00e0rnia","isPartOf":{"@id":"https:\/\/carnia.es\/en\/#website"},"datePublished":"2019-10-01T07:29:52+00:00","dateModified":"2020-03-19T18:10:47+00:00","breadcrumb":{"@id":"https:\/\/carnia.es\/ca\/trabaja-con-nosotros\/#breadcrumb"},"inLanguage":"ca","potentialAction":[{"@type":"ReadAction","target":["https:\/\/carnia.es\/ca\/trabaja-con-nosotros\/"]}]},{"@type":"BreadcrumbList","@id":"https:\/\/carnia.es\/ca\/trabaja-con-nosotros\/#breadcrumb","itemListElement":[{"@type":"ListItem","position":1,"name":"Home","item":"https:\/\/carnia.es\/ca\/"},{"@type":"ListItem","position":2,"name":"Treballa amb nosaltres"}]},{"@type":"WebSite","@id":"https:\/\/carnia.es\/en\/#website","url":"https:\/\/carnia.es\/en\/","name":"Companyia General C\u00e0rnia","description":"100 a\u00f1os de experiencia en el sector c\u00e1rnico","publisher":{"@id":"https:\/\/carnia.es\/en\/#organization"},"potentialAction":[{"@type":"SearchAction","target":{"@type":"EntryPoint","urlTemplate":"https:\/\/carnia.es\/en\/?s={search_term_string}"},"query-input":{"@type":"PropertyValueSpecification","valueRequired":true,"valueName":"search_term_string"}}],"inLanguage":"ca"},{"@type":"Organization","@id":"https:\/\/carnia.es\/en\/#organization","name":"Companyia General C\u00e0rnia","url":"https:\/\/carnia.es\/en\/","logo":{"@type":"ImageObject","inLanguage":"ca","@id":"https:\/\/carnia.es\/en\/#\/schema\/logo\/image\/","url":"https:\/\/carnia.es\/wp-content\/uploads\/2019\/09\/logo-1.svg","contentUrl":"https:\/\/carnia.es\/wp-content\/uploads\/2019\/09\/logo-1.svg","width":160,"height":45,"caption":"Companyia General C\u00e0rnia"},"image":{"@id":"https:\/\/carnia.es\/en\/#\/schema\/logo\/image\/"}}]}},"_links":{"self":[{"href":"https:\/\/carnia.es\/ca\/wp-json\/wp\/v2\/pages\/806","targetHints":{"allow":["GET"]}}],"collection":[{"href":"https:\/\/carnia.es\/ca\/wp-json\/wp\/v2\/pages"}],"about":[{"href":"https:\/\/carnia.es\/ca\/wp-json\/wp\/v2\/types\/page"}],"author":[{"embeddable":true,"href":"https:\/\/carnia.es\/ca\/wp-json\/wp\/v2\/users\/2"}],"replies":[{"embeddable":true,"href":"https:\/\/carnia.es\/ca\/wp-json\/wp\/v2\/comments?post=806"}],"version-history":[{"count":5,"href":"https:\/\/carnia.es\/ca\/wp-json\/wp\/v2\/pages\/806\/revisions"}],"predecessor-version":[{"id":5104,"href":"https:\/\/carnia.es\/ca\/wp-json\/wp\/v2\/pages\/806\/revisions\/5104"}],"wp:attachment":[{"href":"https:\/\/carnia.es\/ca\/wp-json\/wp\/v2\/media?parent=806"}],"curies":[{"name":"wp","href":"https:\/\/api.w.org\/{rel}","templated":true}]}}