{"id":803,"date":"2019-09-30T10:14:56","date_gmt":"2019-09-30T10:14:56","guid":{"rendered":"https:\/\/carnia.es\/new\/servicios\/"},"modified":"2021-07-26T06:44:39","modified_gmt":"2021-07-26T06:44:39","slug":"serveis","status":"publish","type":"page","link":"https:\/\/carnia.es\/ca\/serveis\/","title":{"rendered":"Serveis"},"content":{"rendered":"\n\t<div class=\"section content-menu-wrap\">\n\t\t<div class=\"container-fluid\">\n\t\t\t<ul class=\"content-menu\">\n\t\t\t\t\t\t\t\t\t\t\t\t\t\t\t<li>\n\t\t\t\t\t\t\t<a href=\"#service-01\">\n\t\t\t\t\t\t\t\t\t\t\t\t\t\t\t\t\t<figure class=\"img\">\n\t\t\t\t\t\t\t\t\t\t<img decoding=\"async\" src=\"https:\/\/carnia.es\/wp-content\/uploads\/2019\/12\/img-service-01.jpg\" alt=\"\">\n\t\t\t\t\t\t\t\t\t<\/figure>\n\t\t\t\t\t\t\t\t\t\t\t\t\t\t\t\t<h3>Sacrificio y venta a mayoristas<\/h3>\n\t\t\t\t\t\t\t<\/a>\n\t\t\t\t\t\t<\/li>\n\t\t\t\t\t\t\t\t\t\t\t\t\t\t\t\t\t\t\t\t<li>\n\t\t\t\t\t\t\t<a href=\"#service-02\">\n\t\t\t\t\t\t\t\t\t\t\t\t\t\t\t\t\t<figure class=\"img\">\n\t\t\t\t\t\t\t\t\t\t<img decoding=\"async\" src=\"https:\/\/carnia.es\/wp-content\/uploads\/2019\/12\/img-service-02.jpg\" alt=\"\">\n\t\t\t\t\t\t\t\t\t<\/figure>\n\t\t\t\t\t\t\t\t\t\t\t\t\t\t\t\t<h3>Producci\u00f3n y venta detallistas<\/h3>\n\t\t\t\t\t\t\t<\/a>\n\t\t\t\t\t\t<\/li>\n\t\t\t\t\t\t\t\t\t\t\t\t\t\t\t\t\t\t\t\t<li>\n\t\t\t\t\t\t\t<a href=\"#service-03\">\n\t\t\t\t\t\t\t\t\t\t\t\t\t\t\t\t\t<figure class=\"img\">\n\t\t\t\t\t\t\t\t\t\t<img decoding=\"async\" src=\"https:\/\/carnia.es\/wp-content\/uploads\/2019\/12\/img-service-03.jpg\" alt=\"\">\n\t\t\t\t\t\t\t\t\t<\/figure>\n\t\t\t\t\t\t\t\t\t\t\t\t\t\t\t\t<h3>Preparados para la restauraci\u00f3n<\/h3>\n\t\t\t\t\t\t\t<\/a>\n\t\t\t\t\t\t<\/li>\n\t\t\t\t\t\t\t\t\t\t\t\t\t\t\t\t\t\t\t\t<li>\n\t\t\t\t\t\t\t<a href=\"#service-04\">\n\t\t\t\t\t\t\t\t\t\t\t\t\t\t\t\t\t<figure class=\"img\">\n\t\t\t\t\t\t\t\t\t\t<img decoding=\"async\" src=\"https:\/\/carnia.es\/wp-content\/uploads\/2019\/12\/img-service-04.jpg\" alt=\"\">\n\t\t\t\t\t\t\t\t\t<\/figure>\n\t\t\t\t\t\t\t\t\t\t\t\t\t\t\t\t<h3>Transporte<\/h3>\n\t\t\t\t\t\t\t<\/a>\n\t\t\t\t\t\t<\/li>\n\t\t\t\t\t\t\t\t\t\t\t\t<\/ul><!-- \/ content-menu -->\n\t\t<\/div><!-- \/ container-fluid -->\n\t<\/div><!-- \/ content-menu-wrap -->\n\n\n\n\n\t<div id=\"service-01\" class=\"section bg-gray-02 service-info\">\n\t\t<div class=\"container-fluid\">\n\t\t\t\t\t\t\t<header class=\"service-head size2\">\n\t\t\t\t\t<h1><strong>Sacrifici i venda a majoristes<\/strong><\/h1>\n<p>Bestiar ov\u00ed i bov\u00ed<\/p>\n\t\t\t\t<\/header>\n\t\t\t\t\t<\/div><!-- \/ container-fluid -->\n\n\t\t\t\t\t<div class=\"carousel-wrap\">\n\t\t\t\t<div class=\"img-carousel\">\n\t\t\t\t\t\t\t\t\t\t\t\t\t\t\t\t\t\t<div class=\"slide-item\">\n\t\t\t\t\t\t\t\t<figure class=\"img\">\n\t\t\t\t\t\t\t\t\t<img decoding=\"async\" src=\"https:\/\/carnia.es\/wp-content\/uploads\/2020\/02\/sacrificio-2-800x516.jpg\" alt=\"C\u00e0rnia realiza el sacrificio y cuarteo en el matadero de Mercabarna 2\">\n\t\t\t\t\t\t\t\t\t\t\t\t\t\t\t\t\t<\/figure>\n\t\t\t\t\t\t\t<\/div><!-- \/ slide-item -->\n\t\t\t\t\t\t\t\t\t\t\t\t\t\t\t\t\t\t\t\t\t\t\t\t<div class=\"slide-item\">\n\t\t\t\t\t\t\t\t<figure class=\"img\">\n\t\t\t\t\t\t\t\t\t<img decoding=\"async\" src=\"https:\/\/carnia.es\/wp-content\/uploads\/2020\/02\/sacrificio-3-800x533.jpg\" alt=\"C\u00e0rnia realiza el sacrificio y cuarteo en el matadero de Mercabarna 1\">\n\t\t\t\t\t\t\t\t\t\t\t\t\t\t\t\t\t<\/figure>\n\t\t\t\t\t\t\t<\/div><!-- \/ slide-item -->\n\t\t\t\t\t\t\t\t\t\t\t\t\t\t\t\t\t\t\t\t\t\t\t\t<div class=\"slide-item\">\n\t\t\t\t\t\t\t\t<figure class=\"img\">\n\t\t\t\t\t\t\t\t\t<img decoding=\"async\" src=\"https:\/\/carnia.es\/wp-content\/uploads\/2020\/02\/sacrificio-4-800x533.jpg\" alt=\"C\u00e0rnia realiza el sacrificio y cuarteo en el matadero de Mercabarna\">\n\t\t\t\t\t\t\t\t\t\t\t\t\t\t\t\t\t<\/figure>\n\t\t\t\t\t\t\t<\/div><!-- \/ slide-item -->\n\t\t\t\t\t\t\t\t\t\t\t\t\t\t\t<\/div><!-- \/ img-carousel -->\n\t\t\t<\/div><!-- \/ carousel-wrap -->\n\t\t\n\t\t<div class=\"container-fluid\">\n\t\t\t<div class=\"row\">\n\t\t\t\t<div class=\"col-lg-8\">\n\t\t\t\t\t<p>El sacrifici i esquarterat es fa a l&#8217;escorxador de Mercabarna, junt a les nostres instal<strong>\u00b7<\/strong>lacions.<\/p>\n<p>Comercialitzem carn procedent tant de la ramaderia ecol\u00f2gica com de la convencional.<\/p>\n<p>Els nostres animals s\u00f3n vedells mascles i femelles de races aut\u00f2ctones procedents de granges de proximitat. Estan alimentats a base de cereals i sacrificats amb menys de 12 mesos de vida.<\/p>\n<p>El xai i cabrit v\u00e9nen de les principals zones de producci\u00f3 de la pen\u00ednsula.<\/p>\n<p>Tamb\u00e9 comercialitzem carns procedents d&#8217;altres escorxadors amb diferents D.O. i certificats de qualitat.<\/p>\n\t\t\t\t\t\t\t\t\t\t\t\t\t\t\t<div class=\"partner-list\">\n\t\t\t\t\t\t\t\t\t\t\t\t\t\t\t\t\t\t\t\t\t<figure><img decoding=\"async\" src=\"https:\/\/carnia.es\/wp-content\/uploads\/2020\/01\/Ternera-gallega-2.png\" alt=\"C\u00e0rnia trabaja con Ternera Gallega 1\"><\/figure>\n\t\t\t\t\t\t\t\t\t\t\t\t\t\t\t\t\t\t\t\t\t\t\t\t\t\t\t\t<figure><img decoding=\"async\" src=\"https:\/\/carnia.es\/wp-content\/uploads\/2019\/12\/halal.svg\" alt=\"\"><\/figure>\n\t\t\t\t\t\t\t\t\t\t\t\t\t\t\t\t\t\t\t\t\t\t\t\t\t\t\t\t<figure><img decoding=\"async\" src=\"https:\/\/carnia.es\/wp-content\/uploads\/2019\/12\/ccpae.svg\" alt=\"\"><\/figure>\n\t\t\t\t\t\t\t\t\t\t\t\t\t\t\t\t\t\t\t\t\t\t\t\t\t\t\t\t<figure><img decoding=\"async\" src=\"https:\/\/carnia.es\/wp-content\/uploads\/2019\/12\/cbpc-1.svg\" alt=\"\"><\/figure>\n\t\t\t\t\t\t\t\t\t\t\t\t\t\t\t\t\t\t<\/div>\n\t\t\t\t\t\t\t\t\t<\/div><!-- \/ col -->\n\t\t\t<\/div><!-- \/ row -->\n\t\t<\/div><!-- \/ container-fluid -->\n\t\t\n\t\t\t<\/div><!-- \/ service-info -->\n\n\n\n\n\n\t<div id=\"service-02\" class=\"section bg-gray-02 service-info\">\n\t\t<div class=\"container-fluid\">\n\t\t\t\t\t\t\t<header class=\"service-head size2\">\n\t\t\t\t\t<h2>Producci\u00f3 i venda a distribu\u00efdors i detallistes<\/h2>\n<p>Vedella, xai i porc.<\/p>\n\t\t\t\t<\/header>\n\t\t\t\t\t<\/div><!-- \/ container-fluid -->\n\n\t\t\t\t\t<div class=\"carousel-wrap\">\n\t\t\t\t<div class=\"img-carousel\">\n\t\t\t\t\t\t\t\t\t\t\t\t\t\t\t\t\t\t<div class=\"slide-item\">\n\t\t\t\t\t\t\t\t<figure class=\"img\">\n\t\t\t\t\t\t\t\t\t<img decoding=\"async\" src=\"https:\/\/carnia.es\/wp-content\/uploads\/2020\/02\/distribucion-1-800x533.jpg\" alt=\"C\u00e0rnia venta a distribuidores y detallistas 2\">\n\t\t\t\t\t\t\t\t\t\t\t\t\t\t\t\t\t<\/figure>\n\t\t\t\t\t\t\t<\/div><!-- \/ slide-item -->\n\t\t\t\t\t\t\t\t\t\t\t\t\t\t\t\t\t\t\t\t\t\t\t\t<div class=\"slide-item\">\n\t\t\t\t\t\t\t\t<figure class=\"img\">\n\t\t\t\t\t\t\t\t\t<img decoding=\"async\" src=\"https:\/\/carnia.es\/wp-content\/uploads\/2020\/02\/distribucion-2-1-800x533.jpg\" alt=\"C\u00e0rnia Servicio a carnicer\u00edas, cadenas de distribuci\u00f3n y supermercados 3\">\n\t\t\t\t\t\t\t\t\t\t\t\t\t\t\t\t\t<\/figure>\n\t\t\t\t\t\t\t<\/div><!-- \/ slide-item -->\n\t\t\t\t\t\t\t\t\t\t\t\t\t\t\t\t\t\t\t\t\t\t\t\t<div class=\"slide-item\">\n\t\t\t\t\t\t\t\t<figure class=\"img\">\n\t\t\t\t\t\t\t\t\t<img decoding=\"async\" src=\"https:\/\/carnia.es\/wp-content\/uploads\/2020\/02\/distribucion-3-800x533.jpg\" alt=\"C\u00e0rnia realiza el sacrificio y cuarteo en el matadero de Mercabarna 4\">\n\t\t\t\t\t\t\t\t\t\t\t\t\t\t\t\t\t<\/figure>\n\t\t\t\t\t\t\t<\/div><!-- \/ slide-item -->\n\t\t\t\t\t\t\t\t\t\t\t\t\t\t\t\t\t\t\t\t\t\t\t\t<div class=\"slide-item\">\n\t\t\t\t\t\t\t\t<figure class=\"img\">\n\t\t\t\t\t\t\t\t\t<img decoding=\"async\" src=\"https:\/\/carnia.es\/wp-content\/uploads\/2020\/02\/distribucion-4-800x533.jpg\" alt=\"C\u00e0rnia Servicio a carnicer\u00edas, cadenas de distribuci\u00f3n y supermercados 1\">\n\t\t\t\t\t\t\t\t\t\t\t\t\t\t\t\t\t<\/figure>\n\t\t\t\t\t\t\t<\/div><!-- \/ slide-item -->\n\t\t\t\t\t\t\t\t\t\t\t\t\t\t\t\t\t\t\t\t\t\t\t\t<div class=\"slide-item\">\n\t\t\t\t\t\t\t\t<figure class=\"img\">\n\t\t\t\t\t\t\t\t\t<img decoding=\"async\" src=\"https:\/\/carnia.es\/wp-content\/uploads\/2020\/02\/distribucion-5-800x533.jpg\" alt=\"C\u00e0rnia Producto vacuno Sacrificio y venta a mayoristas 5\">\n\t\t\t\t\t\t\t\t\t\t\t\t\t\t\t\t\t<\/figure>\n\t\t\t\t\t\t\t<\/div><!-- \/ slide-item -->\n\t\t\t\t\t\t\t\t\t\t\t\t\t\t\t\t\t\t\t\t\t\t\t\t<div class=\"slide-item\">\n\t\t\t\t\t\t\t\t<figure class=\"img\">\n\t\t\t\t\t\t\t\t\t<img decoding=\"async\" src=\"https:\/\/carnia.es\/wp-content\/uploads\/2020\/02\/distribucion-6-800x533.jpg\" alt=\"C\u00e0rnia Servicio a carnicer\u00edas, cadenas de distribuci\u00f3n y supermercados.\">\n\t\t\t\t\t\t\t\t\t\t\t\t\t\t\t\t\t<\/figure>\n\t\t\t\t\t\t\t<\/div><!-- \/ slide-item -->\n\t\t\t\t\t\t\t\t\t\t\t\t\t\t\t<\/div><!-- \/ img-carousel -->\n\t\t\t<\/div><!-- \/ carousel-wrap -->\n\t\t\n\t\t<div class=\"container-fluid\">\n\t\t\t<div class=\"row\">\n\t\t\t\t<div class=\"col-lg-8\">\n\t\t\t\t\t\t\t\t\t\t\t\t\t\t\t<ul class=\"list\">\n\t\t\t\t\t\t<li>Servei a carnisseries, cadenes de distribuci\u00f3 i supermercats.<\/li><li>\r\nEspecejament, filetejat i fabrica de productes elaborats.<\/li><li>\r\nImport &#8211; Export.<\/li><li>\r\nEnvasats al buit, skin, MAP, Gastronorm, IQF\u2026<\/li><li>\r\nCertificats de qualitat.<\/li>\n\t\t\t\t\t<\/ul>\n\t\t\t\t\t\t\t\t\t\t\t\t\t\t\t<div class=\"partner-list\">\n\t\t\t\t\t\t\t\t\t\t\t\t\t\t\t\t\t\t\t\t\t<figure><img decoding=\"async\" src=\"https:\/\/carnia.es\/wp-content\/uploads\/2019\/12\/IFS.svg\" alt=\"\"><\/figure>\n\t\t\t\t\t\t\t\t\t\t\t\t\t\t\t\t\t\t\t\t\t\t\t\t\t\t\t\t<figure><img decoding=\"async\" src=\"https:\/\/carnia.es\/wp-content\/uploads\/2019\/12\/qc.svg\" alt=\"\"><\/figure>\n\t\t\t\t\t\t\t\t\t\t\t\t\t\t\t\t\t\t\t\t\t\t\t\t\t\t\t\t<figure><img decoding=\"async\" src=\"https:\/\/carnia.es\/wp-content\/uploads\/2019\/12\/halal.svg\" alt=\"\"><\/figure>\n\t\t\t\t\t\t\t\t\t\t\t\t\t\t\t\t\t\t\t\t\t\t\t\t\t\t\t\t<figure><img decoding=\"async\" src=\"https:\/\/carnia.es\/wp-content\/uploads\/2019\/12\/certicar.svg\" alt=\"\"><\/figure>\n\t\t\t\t\t\t\t\t\t\t\t\t\t\t\t\t\t\t\t\t\t\t\t\t\t\t\t\t<figure><img decoding=\"async\" src=\"https:\/\/carnia.es\/wp-content\/uploads\/2020\/01\/esvona-1.png\" alt=\"C\u00e0rnia trabaja con Esvona\"><\/figure>\n\t\t\t\t\t\t\t\t\t\t\t\t\t\t\t\t\t\t\t\t\t\t\t\t\t\t\t\t<figure><img decoding=\"async\" src=\"https:\/\/carnia.es\/wp-content\/uploads\/2019\/12\/cbpc-1.svg\" alt=\"\"><\/figure>\n\t\t\t\t\t\t\t\t\t\t\t\t\t\t\t\t\t\t<\/div>\n\t\t\t\t\t\t\t\t\t<\/div><!-- \/ col -->\n\t\t\t<\/div><!-- \/ row -->\n\t\t<\/div><!-- \/ container-fluid -->\n\t\t\n\t\t\t<\/div><!-- \/ service-info -->\n\n\n\n\n\n\t<div id=\"service-03\" class=\"section bg-gray service-info\">\n\t\t<div class=\"container-fluid\">\n\t\t\t\t\t\t\t<header class=\"service-head size2\">\n\t\t\t\t\t<h2>Preparats per a restauraci\u00f3<\/h2>\n\t\t\t\t<\/header>\n\t\t\t\t\t<\/div><!-- \/ container-fluid -->\n\n\t\t\t\t\t<div class=\"carousel-wrap\">\n\t\t\t\t<div class=\"img-carousel\">\n\t\t\t\t\t\t\t\t\t\t\t\t\t\t\t\t\t\t<div class=\"slide-item\">\n\t\t\t\t\t\t\t\t<figure class=\"img\">\n\t\t\t\t\t\t\t\t\t<img decoding=\"async\" src=\"https:\/\/carnia.es\/wp-content\/uploads\/2019\/12\/lamb-ribs-3.jpg\" alt=\"lamb-ribs c\u00e0rnia\">\n\t\t\t\t\t\t\t\t\t\t\t\t\t\t\t\t\t<\/figure>\n\t\t\t\t\t\t\t<\/div><!-- \/ slide-item -->\n\t\t\t\t\t\t\t\t\t\t\t\t\t\t\t\t\t\t\t\t\t\t\t\t<div class=\"slide-item\">\n\t\t\t\t\t\t\t\t<figure class=\"img\">\n\t\t\t\t\t\t\t\t\t<img decoding=\"async\" src=\"https:\/\/carnia.es\/wp-content\/uploads\/2019\/12\/mini-tournedo-2-5-800x533.jpg\" alt=\"mini-tournedo- c\u00e0rnia\">\n\t\t\t\t\t\t\t\t\t\t\t\t\t\t\t\t\t<\/figure>\n\t\t\t\t\t\t\t<\/div><!-- \/ slide-item -->\n\t\t\t\t\t\t\t\t\t\t\t\t\t\t\t\t\t\t\t\t\t\t\t\t<div class=\"slide-item\">\n\t\t\t\t\t\t\t\t<figure class=\"img\">\n\t\t\t\t\t\t\t\t\t<img decoding=\"async\" src=\"https:\/\/carnia.es\/wp-content\/uploads\/2019\/12\/hamburguesa-1-800x533.jpg\" alt=\"hamburguesa c\u00e0rnia 22\">\n\t\t\t\t\t\t\t\t\t\t\t\t\t\t\t\t\t<\/figure>\n\t\t\t\t\t\t\t<\/div><!-- \/ slide-item -->\n\t\t\t\t\t\t\t\t\t\t\t\t\t\t\t\t\t\t\t\t\t\t\t\t<div class=\"slide-item\">\n\t\t\t\t\t\t\t\t<figure class=\"img\">\n\t\t\t\t\t\t\t\t\t<img decoding=\"async\" src=\"https:\/\/carnia.es\/wp-content\/uploads\/2019\/12\/pinchos-2.jpg\" alt=\"pinchos c\u00e0rnia 22\">\n\t\t\t\t\t\t\t\t\t\t\t\t\t\t\t\t\t<\/figure>\n\t\t\t\t\t\t\t<\/div><!-- \/ slide-item -->\n\t\t\t\t\t\t\t\t\t\t\t\t\t\t\t<\/div><!-- \/ img-carousel -->\n\t\t\t<\/div><!-- \/ carousel-wrap -->\n\t\t\n\t\t<div class=\"container-fluid\">\n\t\t\t<div class=\"row\">\n\t\t\t\t<div class=\"col-lg-8\">\n\t\t\t\t\t<p>Aprovisionem i donem servei a tot tipus de establiments relacionats amb la restauraci\u00f3. Bars, hotels, restaurants, col<strong>\u00b7<\/strong>lectivitats i tota mena de clients del canal Horeca \/ Food service<\/p>\n<p>Conjugar la qualitat i la tradici\u00f3 amb els processos industrials i l&#8217;\u00faltima tecnologia, \u00e9s el repte quotidi\u00e0 dels professionals de l\u2019\u00e0rea de restauraci\u00f3 de CGC.<\/p>\n<p>Elaborem els nostres productes carnis amb la cura, creativitat i rigor sanitari que requereix el canal Horeca, adequant-los a les necessitats espec\u00edfiques de cada client.<\/p>\n\t\t\t\t\t\t\t\t\t\t<ul class=\"list\">\n\t\t\t\t\t\t<li>Aviram i ca\u00e7a.<\/li><li>\r\nPorc de capa blanca i porc ib\u00e8ric.<\/li><li>\r\nXai i cabrit.<\/li><li>\r\nVaca i vedella.<\/li><li>\r\nCarns d\u2019importaci\u00f3.<\/li><li>\r\nCarn madurada Dry Aged 60 dies.<\/li>\n\t\t\t\t\t<\/ul>\n\t\t\t\t\t\t\t\t\t\t\t\t\t\t<\/div><!-- \/ col -->\n\t\t\t<\/div><!-- \/ row -->\n\t\t<\/div><!-- \/ container-fluid -->\n\t\t\n\t\t\t<\/div><!-- \/ service-info -->\n\n\n\n\n\n\t<div id=\"service-04\" class=\"section bg-gray-02 service-info\">\n\t\t<div class=\"container-fluid\">\n\t\t\t\t\t\t\t<header class=\"service-head size2\">\n\t\t\t\t\t<h2>Transport<\/h2>\n\t\t\t\t<\/header>\n\t\t\t\t\t<\/div><!-- \/ container-fluid -->\n\n\t\t\t\t\t<div class=\"carousel-wrap\">\n\t\t\t\t<div class=\"img-carousel\">\n\t\t\t\t\t\t\t\t\t\t\t\t\t\t\t\t\t\t<div class=\"slide-item\">\n\t\t\t\t\t\t\t\t<figure class=\"img\">\n\t\t\t\t\t\t\t\t\t<img decoding=\"async\" src=\"https:\/\/carnia.es\/wp-content\/uploads\/2020\/02\/transporte-2-800x533.jpg\" alt=\"C\u00e0rnia ofrece servicio puerta a puerta para nuestros clientes un trato directo y personalizado 5\">\n\t\t\t\t\t\t\t\t\t\t\t\t\t\t\t\t\t<\/figure>\n\t\t\t\t\t\t\t<\/div><!-- \/ slide-item -->\n\t\t\t\t\t\t\t\t\t\t\t\t\t\t\t\t\t\t\t\t\t\t\t\t<div class=\"slide-item\">\n\t\t\t\t\t\t\t\t<figure class=\"img\">\n\t\t\t\t\t\t\t\t\t<img decoding=\"async\" src=\"https:\/\/carnia.es\/wp-content\/uploads\/2020\/02\/transporte-3-800x533.jpg\" alt=\"C\u00e0rnia ofrece servicio puerta a puerta para nuestros clientes un trato directo y personalizado 3\">\n\t\t\t\t\t\t\t\t\t\t\t\t\t\t\t\t\t<\/figure>\n\t\t\t\t\t\t\t<\/div><!-- \/ slide-item -->\n\t\t\t\t\t\t\t\t\t\t\t\t\t\t\t\t\t\t\t\t\t\t\t\t<div class=\"slide-item\">\n\t\t\t\t\t\t\t\t<figure class=\"img\">\n\t\t\t\t\t\t\t\t\t<img decoding=\"async\" src=\"https:\/\/carnia.es\/wp-content\/uploads\/2019\/12\/furgos-800x533.jpg\" alt=\"Flota Transporte C\u00e0rnia\">\n\t\t\t\t\t\t\t\t\t\t\t\t\t\t\t\t\t<\/figure>\n\t\t\t\t\t\t\t<\/div><!-- \/ slide-item -->\n\t\t\t\t\t\t\t\t\t\t\t\t\t\t\t\t\t\t\t\t\t\t\t\t<div class=\"slide-item\">\n\t\t\t\t\t\t\t\t<figure class=\"img\">\n\t\t\t\t\t\t\t\t\t<img decoding=\"async\" src=\"https:\/\/carnia.es\/wp-content\/uploads\/2020\/02\/transporte-4-1-800x533.jpg\" alt=\"C\u00e0rnia ofrece servicio puerta a puerta para nuestros clientes un trato directo y personalizado.\">\n\t\t\t\t\t\t\t\t\t\t\t\t\t\t\t\t\t<\/figure>\n\t\t\t\t\t\t\t<\/div><!-- \/ slide-item -->\n\t\t\t\t\t\t\t\t\t\t\t\t\t\t\t<\/div><!-- \/ img-carousel -->\n\t\t\t<\/div><!-- \/ carousel-wrap -->\n\t\t\n\t\t<div class=\"container-fluid\">\n\t\t\t<div class=\"row\">\n\t\t\t\t<div class=\"col-lg-8\">\n\t\t\t\t\t<p>Amb la nostra flota de 40 vehicles frigor\u00edfics propis juntament amb la col<strong>\u00b7<\/strong>laboraci\u00f3 d\u2019empreses log\u00edstiques, realitzem m\u00e9s de 800 entregues di\u00e0ries distribu\u00efdes per a tota Catalunya i resta d&#8217;Espanya.<\/p>\n<p>El nostre personal de repartiment realitza un servei porta a porta oferint als nostres clients un tracte m\u00e9s hum\u00e0 i personalitzat. Servei nacional i internacional.<\/p>\n\t\t\t\t\t\t\t\t\t\t\t\t\t\t<\/div><!-- \/ col -->\n\t\t\t<\/div><!-- \/ row -->\n\t\t<\/div><!-- \/ container-fluid -->\n\t\t\n\t\t\t<\/div><!-- \/ service-info -->\n\n\n","protected":false},"excerpt":{"rendered":"","protected":false},"author":2,"featured_media":0,"parent":0,"menu_order":0,"comment_status":"closed","ping_status":"closed","template":"","meta":{"_acf_changed":false,"footnotes":""},"class_list":["post-803","page","type-page","status-publish","hentry"],"acf":[],"yoast_head":"<!-- This site is optimized with the Yoast SEO plugin v27.3 - https:\/\/yoast.com\/product\/yoast-seo-wordpress\/ -->\n<title>Serveis - Companyia General C\u00e0rnia<\/title>\n<meta name=\"robots\" content=\"index, follow, max-snippet:-1, max-image-preview:large, max-video-preview:-1\" \/>\n<link rel=\"canonical\" href=\"https:\/\/carnia.es\/ca\/serveis\/\" \/>\n<meta property=\"og:locale\" content=\"ca_ES\" \/>\n<meta property=\"og:type\" content=\"article\" \/>\n<meta property=\"og:title\" content=\"Serveis - Companyia General C\u00e0rnia\" \/>\n<meta property=\"og:url\" content=\"https:\/\/carnia.es\/ca\/serveis\/\" \/>\n<meta property=\"og:site_name\" content=\"Companyia General C\u00e0rnia\" \/>\n<meta property=\"article:modified_time\" content=\"2021-07-26T06:44:39+00:00\" \/>\n<meta name=\"twitter:card\" content=\"summary_large_image\" \/>\n<script type=\"application\/ld+json\" class=\"yoast-schema-graph\">{\"@context\":\"https:\\\/\\\/schema.org\",\"@graph\":[{\"@type\":\"WebPage\",\"@id\":\"https:\\\/\\\/carnia.es\\\/ca\\\/serveis\\\/\",\"url\":\"https:\\\/\\\/carnia.es\\\/ca\\\/serveis\\\/\",\"name\":\"Serveis - Companyia General C\u00e0rnia\",\"isPartOf\":{\"@id\":\"https:\\\/\\\/carnia.es\\\/en\\\/#website\"},\"datePublished\":\"2019-09-30T10:14:56+00:00\",\"dateModified\":\"2021-07-26T06:44:39+00:00\",\"breadcrumb\":{\"@id\":\"https:\\\/\\\/carnia.es\\\/ca\\\/serveis\\\/#breadcrumb\"},\"inLanguage\":\"ca\",\"potentialAction\":[{\"@type\":\"ReadAction\",\"target\":[\"https:\\\/\\\/carnia.es\\\/ca\\\/serveis\\\/\"]}]},{\"@type\":\"BreadcrumbList\",\"@id\":\"https:\\\/\\\/carnia.es\\\/ca\\\/serveis\\\/#breadcrumb\",\"itemListElement\":[{\"@type\":\"ListItem\",\"position\":1,\"name\":\"Home\",\"item\":\"https:\\\/\\\/carnia.es\\\/ca\\\/\"},{\"@type\":\"ListItem\",\"position\":2,\"name\":\"Serveis\"}]},{\"@type\":\"WebSite\",\"@id\":\"https:\\\/\\\/carnia.es\\\/en\\\/#website\",\"url\":\"https:\\\/\\\/carnia.es\\\/en\\\/\",\"name\":\"Companyia General C\u00e0rnia\",\"description\":\"100 a\u00f1os de experiencia en el sector c\u00e1rnico\",\"publisher\":{\"@id\":\"https:\\\/\\\/carnia.es\\\/en\\\/#organization\"},\"potentialAction\":[{\"@type\":\"SearchAction\",\"target\":{\"@type\":\"EntryPoint\",\"urlTemplate\":\"https:\\\/\\\/carnia.es\\\/en\\\/?s={search_term_string}\"},\"query-input\":{\"@type\":\"PropertyValueSpecification\",\"valueRequired\":true,\"valueName\":\"search_term_string\"}}],\"inLanguage\":\"ca\"},{\"@type\":\"Organization\",\"@id\":\"https:\\\/\\\/carnia.es\\\/en\\\/#organization\",\"name\":\"Companyia General C\u00e0rnia\",\"url\":\"https:\\\/\\\/carnia.es\\\/en\\\/\",\"logo\":{\"@type\":\"ImageObject\",\"inLanguage\":\"ca\",\"@id\":\"https:\\\/\\\/carnia.es\\\/en\\\/#\\\/schema\\\/logo\\\/image\\\/\",\"url\":\"https:\\\/\\\/carnia.es\\\/wp-content\\\/uploads\\\/2019\\\/09\\\/logo-1.svg\",\"contentUrl\":\"https:\\\/\\\/carnia.es\\\/wp-content\\\/uploads\\\/2019\\\/09\\\/logo-1.svg\",\"width\":160,\"height\":45,\"caption\":\"Companyia General C\u00e0rnia\"},\"image\":{\"@id\":\"https:\\\/\\\/carnia.es\\\/en\\\/#\\\/schema\\\/logo\\\/image\\\/\"}}]}<\/script>\n<!-- \/ Yoast SEO plugin. -->","yoast_head_json":{"title":"Serveis - Companyia General C\u00e0rnia","robots":{"index":"index","follow":"follow","max-snippet":"max-snippet:-1","max-image-preview":"max-image-preview:large","max-video-preview":"max-video-preview:-1"},"canonical":"https:\/\/carnia.es\/ca\/serveis\/","og_locale":"ca_ES","og_type":"article","og_title":"Serveis - Companyia General C\u00e0rnia","og_url":"https:\/\/carnia.es\/ca\/serveis\/","og_site_name":"Companyia General C\u00e0rnia","article_modified_time":"2021-07-26T06:44:39+00:00","twitter_card":"summary_large_image","schema":{"@context":"https:\/\/schema.org","@graph":[{"@type":"WebPage","@id":"https:\/\/carnia.es\/ca\/serveis\/","url":"https:\/\/carnia.es\/ca\/serveis\/","name":"Serveis - Companyia General C\u00e0rnia","isPartOf":{"@id":"https:\/\/carnia.es\/en\/#website"},"datePublished":"2019-09-30T10:14:56+00:00","dateModified":"2021-07-26T06:44:39+00:00","breadcrumb":{"@id":"https:\/\/carnia.es\/ca\/serveis\/#breadcrumb"},"inLanguage":"ca","potentialAction":[{"@type":"ReadAction","target":["https:\/\/carnia.es\/ca\/serveis\/"]}]},{"@type":"BreadcrumbList","@id":"https:\/\/carnia.es\/ca\/serveis\/#breadcrumb","itemListElement":[{"@type":"ListItem","position":1,"name":"Home","item":"https:\/\/carnia.es\/ca\/"},{"@type":"ListItem","position":2,"name":"Serveis"}]},{"@type":"WebSite","@id":"https:\/\/carnia.es\/en\/#website","url":"https:\/\/carnia.es\/en\/","name":"Companyia General C\u00e0rnia","description":"100 a\u00f1os de experiencia en el sector c\u00e1rnico","publisher":{"@id":"https:\/\/carnia.es\/en\/#organization"},"potentialAction":[{"@type":"SearchAction","target":{"@type":"EntryPoint","urlTemplate":"https:\/\/carnia.es\/en\/?s={search_term_string}"},"query-input":{"@type":"PropertyValueSpecification","valueRequired":true,"valueName":"search_term_string"}}],"inLanguage":"ca"},{"@type":"Organization","@id":"https:\/\/carnia.es\/en\/#organization","name":"Companyia General C\u00e0rnia","url":"https:\/\/carnia.es\/en\/","logo":{"@type":"ImageObject","inLanguage":"ca","@id":"https:\/\/carnia.es\/en\/#\/schema\/logo\/image\/","url":"https:\/\/carnia.es\/wp-content\/uploads\/2019\/09\/logo-1.svg","contentUrl":"https:\/\/carnia.es\/wp-content\/uploads\/2019\/09\/logo-1.svg","width":160,"height":45,"caption":"Companyia General C\u00e0rnia"},"image":{"@id":"https:\/\/carnia.es\/en\/#\/schema\/logo\/image\/"}}]}},"_links":{"self":[{"href":"https:\/\/carnia.es\/ca\/wp-json\/wp\/v2\/pages\/803","targetHints":{"allow":["GET"]}}],"collection":[{"href":"https:\/\/carnia.es\/ca\/wp-json\/wp\/v2\/pages"}],"about":[{"href":"https:\/\/carnia.es\/ca\/wp-json\/wp\/v2\/types\/page"}],"author":[{"embeddable":true,"href":"https:\/\/carnia.es\/ca\/wp-json\/wp\/v2\/users\/2"}],"replies":[{"embeddable":true,"href":"https:\/\/carnia.es\/ca\/wp-json\/wp\/v2\/comments?post=803"}],"version-history":[{"count":10,"href":"https:\/\/carnia.es\/ca\/wp-json\/wp\/v2\/pages\/803\/revisions"}],"predecessor-version":[{"id":7375,"href":"https:\/\/carnia.es\/ca\/wp-json\/wp\/v2\/pages\/803\/revisions\/7375"}],"wp:attachment":[{"href":"https:\/\/carnia.es\/ca\/wp-json\/wp\/v2\/media?parent=803"}],"curies":[{"name":"wp","href":"https:\/\/api.w.org\/{rel}","templated":true}]}}