{"id":785,"date":"2019-09-26T09:24:09","date_gmt":"2019-09-26T09:24:09","guid":{"rendered":"https:\/\/carnia.es\/new\/?page_id=785"},"modified":"2020-05-13T08:05:28","modified_gmt":"2020-05-13T08:05:28","slug":"nota-legal","status":"publish","type":"page","link":"https:\/\/carnia.es\/ca\/nota-legal\/","title":{"rendered":"Nota legal"},"content":{"rendered":"<div class=\"text-wrapper\"><div class=\"container-fluid\">\n<p><strong>1.- INFORMACI\u00d3 GENERAL<\/strong><\/p>\n<\/div><\/div>\n\n<div class=\"text-wrapper\"><div class=\"container-fluid\">\n<p>La present web \u00e9s la de la COMPANYIA GENERAL C\u00c0RNIA, S.A. (en endavant COMPANYIA GENERAL C\u00c0RNIA), companyia que es dedica al sacrifici, producci\u00f3 i comercialitzaci\u00f3 de productes carnis, entre les marques o noms comercials que utilitza hi ha el de Puigb\u00f3.<\/p>\n<\/div><\/div>\n\n<div class=\"text-wrapper\"><div class=\"container-fluid\">\n<p>El NIF de la companyia es el n\u00famero A62009485.<\/p>\n<\/div><\/div>\n\n<div class=\"text-wrapper\"><div class=\"container-fluid\">\n<p>Vost\u00e8 pot contactar amb la COMPANYIA GENERAL C\u00c0RNIA de la seg\u00fcent manera:<\/p>\n<\/div><\/div>\n\n<div class=\"text-wrapper\"><div class=\"container-fluid\">\n<p><strong>Correu Ordinari<\/strong>:<\/p>\n<\/div><\/div>\n\n<div class=\"text-wrapper\"><div class=\"container-fluid\">\n<p>C\/ Longitudinal 5, n\u00ba 93 (Mercabarna)<br>08004-Barcelona<br>Espanya<\/p>\n<\/div><\/div>\n\n<div class=\"text-wrapper\"><div class=\"container-fluid\">\n<p><strong>Correu electr\u00f2nic<\/strong>: info@cgcarnia.com<\/p>\n<\/div><\/div>\n\n<div class=\"text-wrapper\"><div class=\"container-fluid\">\n<p><strong>Tel<\/strong>&nbsp;: (+34) 93 556 48 08<br><strong>Fax<\/strong>: (+34) 93 556 48 22<\/p>\n<\/div><\/div>\n\n<div class=\"text-wrapper\"><div class=\"container-fluid\">\n<p><strong>2.- CONDICIONS D\u2019ACC\u00c9S<\/strong><\/p>\n<\/div><\/div>\n\n<div class=\"text-wrapper\"><div class=\"container-fluid\">\n<p>L\u2019 usuari de la web, mitjan\u00e7ant el seu acc\u00e9s i navegaci\u00f3 per la mateixa, s\u2019obliga a utilitzar-la de conformitat amb la legislaci\u00f3 vigent en cada moment, de les condicions de navegaci\u00f3 establertes en la mateixa, a les condicions establertes en el present Avis Legal, aix\u00ed com d\u2019acord amb la moral, els bons costums generalment acceptats i l\u2019ordre p\u00fablic. L\u2019 usuari respondr\u00e0 davant la COMPANYIA GENERAL C\u00c0RNIA i\/o tercers, de qualsevol dany i perjudici que es pogu\u00e9s causar com conseq\u00fc\u00e8ncia de l\u2019incompliment d\u2019aquesta obligaci\u00f3.<\/p>\n<\/div><\/div>\n\n<div class=\"text-wrapper\"><div class=\"container-fluid\">\n<p>L\u2019acc\u00e9s i navegaci\u00f3 per la present web implica acceptar i con\u00e8ixer les advert\u00e8ncies legals que aqu\u00ed es recullen. El simple acc\u00e9s no implica l\u2019establiment de cap tipus de relaci\u00f3 entre la COMPANYIA GENERAL C\u00c0RNIA i l\u2019usuari.<\/p>\n<\/div><\/div>\n\n<div class=\"text-wrapper\"><div class=\"container-fluid\">\n<p>En el present av\u00eds legal es podr\u00e0 realitzar, en qualsevol moment, les modificacions que la COMPANYIA GENERAL C\u00c0RNIA consideri necess\u00e0ries, amb independ\u00e8ncia de la seva finalitat , sempre i quan respecti la normativa aplicable.<\/p>\n<\/div><\/div>\n\n<div class=\"text-wrapper\"><div class=\"container-fluid\">\n<p>La COMPANYIA GENERAL C\u00c0RNIA podr\u00e0 prohibir l\u2019 acc\u00e9s a la present web a qualsevol usuari que realitzi conductes il\u00b7l\u00edcites.<\/p>\n<\/div><\/div>\n\n<div class=\"text-wrapper\"><div class=\"container-fluid\">\n<p>L\u2019 usuari de la present web haur\u00e0 abstenir-se, en tot cas, de suprimir, alterar, eludir o manipular qualsevol dispositiu de protecci\u00f3 o sistema de seguretat que pugui estar instal\u00b7lat en la mateixa.<\/p>\n<\/div><\/div>\n\n<div class=\"text-wrapper\"><div class=\"container-fluid\">\n<p><strong>3.- PROPIETAT INTEL\u00b7LECTUAL I INDUSTRIAL<\/strong><\/p>\n<\/div><\/div>\n\n<div class=\"text-wrapper\"><div class=\"container-fluid\">\n<p><strong>\u00a9 2.014 COMPANYIA GENERAL C\u00c0RNIA, S.A.<\/strong>&nbsp;Tots els drets reservats.<\/p>\n<\/div><\/div>\n\n<div class=\"text-wrapper\"><div class=\"container-fluid\">\n<p>Tots els continguts presents a la web, entenent aquests a t\u00edtol enunciatiu i no limitat, els textos, imatges, fotografies, sons, fitxers, logotips, codis font, combinacions de colors, o qualsevol altre element, aix\u00ed com l\u2019estructura i disseny, la selecci\u00f3 i forma de presentaci\u00f3 dels materials inclosos en la mateixa web I els programes d\u2019ordinador necessaris pel seu funcionament, acc\u00e9s i utilitzaci\u00f3 es troben subjectes als drets de propietat intel\u00b7lectual i industrial que pertanyen a la COMPANYIA GENERAL C\u00c0RNIA o a tercers. En aquest sentit, s\u2019estableix que l\u2019usuari podr\u00e0 utilitzar-los \u00fanicament pel seu \u00fas personal i privat i es compromet a no utilitzar-los amb finalitats comercials ni a la seva explotaci\u00f3, distribuci\u00f3, reproducci\u00f3, comunicaci\u00f3 p\u00fablica, utilitzaci\u00f3 t\u00e8cnica d\u2019 enginyeria inversa, o a modificar-los, alterar-los sense la corresponent autoritzaci\u00f3 pr\u00e8via per escrit del titular, exceptuant els casos en que legalment estigui perm\u00e8s.<\/p>\n<\/div><\/div>\n\n<div class=\"text-wrapper\"><div class=\"container-fluid\">\n<p>Totes les publicacions, marques, noms comercials o signes distintius de qualsevol classe que apareixen en la present web son propietat de la COMPANYIA GENERAL C\u00c0RNIA o de tercers, sense que pugui entendre\u2019s que l\u2019 \u00fas o acc\u00e9s a la web atribueixi a l\u2019usuari cap dret sobre les citades publicacions, marques, noms comercials i\/o signes distintius ni sobre cap dels continguts que hi figuren.<\/p>\n<\/div><\/div>\n\n<div class=\"text-wrapper\"><div class=\"container-fluid\">\n<p><strong>4.- POL\u00cdTICA PRIVACITAT DE LES DADES PERSONALS<\/strong><\/p>\n<\/div><\/div>\n\n<div class=\"text-wrapper\"><div class=\"container-fluid\">\n<p>Totes les dades proporcionades pels usuaris d\u2019aquest lloc web es destinaran exclusivament a les finalitats expressades en cada cas, i seran tractades d\u2019acord amb la normativa aplicable, i en especial de conformitat amb la Llei Org\u00e0nica 15\/1999, de 13 de desembre, de protecci\u00f3 de dades de car\u00e0cter personal.<\/p>\n<\/div><\/div>\n\n<div class=\"text-wrapper\"><div class=\"container-fluid\">\n<p><strong>5.- LIMITACI\u00d3 DE RESPONSABILITAT<\/strong><\/p>\n<\/div><\/div>\n\n<div class=\"text-wrapper\"><div class=\"container-fluid\">\n<p>L\u2019 \u00fas de la present web es realitz\u00e0 per compte i risc de l\u2019usuari . La COMPANYIA GENERAL C\u00c0RNIA no es responsabilitzar\u00e0 del mal \u00fas que l\u2019usuari pugui fer d\u2019aquesta web.<\/p>\n<\/div><\/div>\n\n<div class=\"text-wrapper\"><div class=\"container-fluid\">\n<p>La COMPANYIA GENERAL C\u00c0RNIA no es responsabilitzar\u00e0 de les errades i omissions que pogu\u00e9s contenir la present p\u00e0gina web ni tampoc ser\u00e0 ni podr\u00e0 considerar-se responsable per qualsevol dany derivat de l\u2019\u00fas de la web ni per qualsevol actuaci\u00f3 realitzada en base a la informaci\u00f3 que hi apareix.<\/p>\n<\/div><\/div>\n\n<div class=\"text-wrapper\"><div class=\"container-fluid\">\n<p>La COMPANYIA GENERAL C\u00c0RNIA no garanteix l\u2019abs\u00e8ncia de virus o altres elements lesius que puguin ocasionar danys o alteracions t\u00e8cniques en els sistemes inform\u00e0tics, documents electr\u00f2nics o fitxers de l\u2019usuari. En conseq\u00fc\u00e8ncia, la COMPANYIA GENERAL C\u00c0RNIA no respon per els danys i perjudicis que els referits elements puguin ocasionar a l\u2019usuari o a tercers.<\/p>\n<\/div><\/div>\n\n<div class=\"text-wrapper\"><div class=\"container-fluid\">\n<p><strong>6.- RESOLUCI\u00d3 DE CONTROV\u00c8RSIES<\/strong><\/p>\n<\/div><\/div>\n\n<div class=\"text-wrapper\"><div class=\"container-fluid\">\n<p>Qualsevol q\u00fcesti\u00f3 litigiosa o, en general, controv\u00e8rsia que pugui succeir en relaci\u00f3 amb l\u2019\u00fas d\u2019aquesta web s\u2019haur\u00e0 de resoldre de conformitat a la legislaci\u00f3 Espanyola pels Jutjats i Tribunals de Barcelona, als que les parts es sotmeten de forma expressa i renunciant al propi fur que pugui correspondre, si no es soluciona de mutu acord.<\/p>\n<\/div><\/div>","protected":false},"excerpt":{"rendered":"<p>1.- INFORMACI\u00d3 GENERAL La present web \u00e9s la de la COMPANYIA GENERAL C\u00c0RNIA, S.A. (en endavant COMPANYIA GENERAL C\u00c0RNIA), companyia que es dedica al sacrifici, producci\u00f3 i comercialitzaci\u00f3 de productes carnis, entre les marques o noms comercials que utilitza hi ha el de Puigb\u00f3. El NIF de la companyia es el n\u00famero A62009485. Vost\u00e8 pot<\/p>\n","protected":false},"author":2,"featured_media":0,"parent":0,"menu_order":0,"comment_status":"closed","ping_status":"closed","template":"","meta":{"_acf_changed":false,"footnotes":""},"class_list":["post-785","page","type-page","status-publish","hentry"],"acf":[],"yoast_head":"<!-- This site is optimized with the Yoast SEO plugin v27.3 - https:\/\/yoast.com\/product\/yoast-seo-wordpress\/ -->\n<title>Nota legal - Companyia General C\u00e0rnia<\/title>\n<meta name=\"robots\" content=\"index, follow, max-snippet:-1, max-image-preview:large, max-video-preview:-1\" \/>\n<link rel=\"canonical\" href=\"https:\/\/carnia.es\/ca\/nota-legal\/\" \/>\n<meta property=\"og:locale\" content=\"ca_ES\" \/>\n<meta property=\"og:type\" content=\"article\" \/>\n<meta property=\"og:title\" content=\"Nota legal - Companyia General C\u00e0rnia\" \/>\n<meta property=\"og:description\" content=\"1.- INFORMACI\u00d3 GENERAL La present web \u00e9s la de la COMPANYIA GENERAL C\u00c0RNIA, S.A. (en endavant COMPANYIA GENERAL C\u00c0RNIA), companyia que es dedica al sacrifici, producci\u00f3 i comercialitzaci\u00f3 de productes carnis, entre les marques o noms comercials que utilitza hi ha el de Puigb\u00f3. El NIF de la companyia es el n\u00famero A62009485. Vost\u00e8 pot\" \/>\n<meta property=\"og:url\" content=\"https:\/\/carnia.es\/ca\/nota-legal\/\" \/>\n<meta property=\"og:site_name\" content=\"Companyia General C\u00e0rnia\" \/>\n<meta property=\"article:modified_time\" content=\"2020-05-13T08:05:28+00:00\" \/>\n<meta name=\"twitter:card\" content=\"summary_large_image\" \/>\n<meta name=\"twitter:label1\" content=\"Temps estimat de lectura\" \/>\n\t<meta name=\"twitter:data1\" content=\"4 minuts\" \/>\n<script type=\"application\/ld+json\" class=\"yoast-schema-graph\">{\"@context\":\"https:\\\/\\\/schema.org\",\"@graph\":[{\"@type\":\"WebPage\",\"@id\":\"https:\\\/\\\/carnia.es\\\/ca\\\/nota-legal\\\/\",\"url\":\"https:\\\/\\\/carnia.es\\\/ca\\\/nota-legal\\\/\",\"name\":\"Nota legal - Companyia General C\u00e0rnia\",\"isPartOf\":{\"@id\":\"https:\\\/\\\/carnia.es\\\/en\\\/#website\"},\"datePublished\":\"2019-09-26T09:24:09+00:00\",\"dateModified\":\"2020-05-13T08:05:28+00:00\",\"breadcrumb\":{\"@id\":\"https:\\\/\\\/carnia.es\\\/ca\\\/nota-legal\\\/#breadcrumb\"},\"inLanguage\":\"ca\",\"potentialAction\":[{\"@type\":\"ReadAction\",\"target\":[\"https:\\\/\\\/carnia.es\\\/ca\\\/nota-legal\\\/\"]}]},{\"@type\":\"BreadcrumbList\",\"@id\":\"https:\\\/\\\/carnia.es\\\/ca\\\/nota-legal\\\/#breadcrumb\",\"itemListElement\":[{\"@type\":\"ListItem\",\"position\":1,\"name\":\"Home\",\"item\":\"https:\\\/\\\/carnia.es\\\/ca\\\/\"},{\"@type\":\"ListItem\",\"position\":2,\"name\":\"Nota legal\"}]},{\"@type\":\"WebSite\",\"@id\":\"https:\\\/\\\/carnia.es\\\/en\\\/#website\",\"url\":\"https:\\\/\\\/carnia.es\\\/en\\\/\",\"name\":\"Companyia General C\u00e0rnia\",\"description\":\"100 a\u00f1os de experiencia en el sector c\u00e1rnico\",\"publisher\":{\"@id\":\"https:\\\/\\\/carnia.es\\\/en\\\/#organization\"},\"potentialAction\":[{\"@type\":\"SearchAction\",\"target\":{\"@type\":\"EntryPoint\",\"urlTemplate\":\"https:\\\/\\\/carnia.es\\\/en\\\/?s={search_term_string}\"},\"query-input\":{\"@type\":\"PropertyValueSpecification\",\"valueRequired\":true,\"valueName\":\"search_term_string\"}}],\"inLanguage\":\"ca\"},{\"@type\":\"Organization\",\"@id\":\"https:\\\/\\\/carnia.es\\\/en\\\/#organization\",\"name\":\"Companyia General C\u00e0rnia\",\"url\":\"https:\\\/\\\/carnia.es\\\/en\\\/\",\"logo\":{\"@type\":\"ImageObject\",\"inLanguage\":\"ca\",\"@id\":\"https:\\\/\\\/carnia.es\\\/en\\\/#\\\/schema\\\/logo\\\/image\\\/\",\"url\":\"https:\\\/\\\/carnia.es\\\/wp-content\\\/uploads\\\/2019\\\/09\\\/logo-1.svg\",\"contentUrl\":\"https:\\\/\\\/carnia.es\\\/wp-content\\\/uploads\\\/2019\\\/09\\\/logo-1.svg\",\"width\":160,\"height\":45,\"caption\":\"Companyia General C\u00e0rnia\"},\"image\":{\"@id\":\"https:\\\/\\\/carnia.es\\\/en\\\/#\\\/schema\\\/logo\\\/image\\\/\"}}]}<\/script>\n<!-- \/ Yoast SEO plugin. -->","yoast_head_json":{"title":"Nota legal - Companyia General C\u00e0rnia","robots":{"index":"index","follow":"follow","max-snippet":"max-snippet:-1","max-image-preview":"max-image-preview:large","max-video-preview":"max-video-preview:-1"},"canonical":"https:\/\/carnia.es\/ca\/nota-legal\/","og_locale":"ca_ES","og_type":"article","og_title":"Nota legal - Companyia General C\u00e0rnia","og_description":"1.- INFORMACI\u00d3 GENERAL La present web \u00e9s la de la COMPANYIA GENERAL C\u00c0RNIA, S.A. (en endavant COMPANYIA GENERAL C\u00c0RNIA), companyia que es dedica al sacrifici, producci\u00f3 i comercialitzaci\u00f3 de productes carnis, entre les marques o noms comercials que utilitza hi ha el de Puigb\u00f3. El NIF de la companyia es el n\u00famero A62009485. Vost\u00e8 pot","og_url":"https:\/\/carnia.es\/ca\/nota-legal\/","og_site_name":"Companyia General C\u00e0rnia","article_modified_time":"2020-05-13T08:05:28+00:00","twitter_card":"summary_large_image","twitter_misc":{"Temps estimat de lectura":"4 minuts"},"schema":{"@context":"https:\/\/schema.org","@graph":[{"@type":"WebPage","@id":"https:\/\/carnia.es\/ca\/nota-legal\/","url":"https:\/\/carnia.es\/ca\/nota-legal\/","name":"Nota legal - Companyia General C\u00e0rnia","isPartOf":{"@id":"https:\/\/carnia.es\/en\/#website"},"datePublished":"2019-09-26T09:24:09+00:00","dateModified":"2020-05-13T08:05:28+00:00","breadcrumb":{"@id":"https:\/\/carnia.es\/ca\/nota-legal\/#breadcrumb"},"inLanguage":"ca","potentialAction":[{"@type":"ReadAction","target":["https:\/\/carnia.es\/ca\/nota-legal\/"]}]},{"@type":"BreadcrumbList","@id":"https:\/\/carnia.es\/ca\/nota-legal\/#breadcrumb","itemListElement":[{"@type":"ListItem","position":1,"name":"Home","item":"https:\/\/carnia.es\/ca\/"},{"@type":"ListItem","position":2,"name":"Nota legal"}]},{"@type":"WebSite","@id":"https:\/\/carnia.es\/en\/#website","url":"https:\/\/carnia.es\/en\/","name":"Companyia General C\u00e0rnia","description":"100 a\u00f1os de experiencia en el sector c\u00e1rnico","publisher":{"@id":"https:\/\/carnia.es\/en\/#organization"},"potentialAction":[{"@type":"SearchAction","target":{"@type":"EntryPoint","urlTemplate":"https:\/\/carnia.es\/en\/?s={search_term_string}"},"query-input":{"@type":"PropertyValueSpecification","valueRequired":true,"valueName":"search_term_string"}}],"inLanguage":"ca"},{"@type":"Organization","@id":"https:\/\/carnia.es\/en\/#organization","name":"Companyia General C\u00e0rnia","url":"https:\/\/carnia.es\/en\/","logo":{"@type":"ImageObject","inLanguage":"ca","@id":"https:\/\/carnia.es\/en\/#\/schema\/logo\/image\/","url":"https:\/\/carnia.es\/wp-content\/uploads\/2019\/09\/logo-1.svg","contentUrl":"https:\/\/carnia.es\/wp-content\/uploads\/2019\/09\/logo-1.svg","width":160,"height":45,"caption":"Companyia General C\u00e0rnia"},"image":{"@id":"https:\/\/carnia.es\/en\/#\/schema\/logo\/image\/"}}]}},"_links":{"self":[{"href":"https:\/\/carnia.es\/ca\/wp-json\/wp\/v2\/pages\/785","targetHints":{"allow":["GET"]}}],"collection":[{"href":"https:\/\/carnia.es\/ca\/wp-json\/wp\/v2\/pages"}],"about":[{"href":"https:\/\/carnia.es\/ca\/wp-json\/wp\/v2\/types\/page"}],"author":[{"embeddable":true,"href":"https:\/\/carnia.es\/ca\/wp-json\/wp\/v2\/users\/2"}],"replies":[{"embeddable":true,"href":"https:\/\/carnia.es\/ca\/wp-json\/wp\/v2\/comments?post=785"}],"version-history":[{"count":3,"href":"https:\/\/carnia.es\/ca\/wp-json\/wp\/v2\/pages\/785\/revisions"}],"predecessor-version":[{"id":5304,"href":"https:\/\/carnia.es\/ca\/wp-json\/wp\/v2\/pages\/785\/revisions\/5304"}],"wp:attachment":[{"href":"https:\/\/carnia.es\/ca\/wp-json\/wp\/v2\/media?parent=785"}],"curies":[{"name":"wp","href":"https:\/\/api.w.org\/{rel}","templated":true}]}}