{"id":770,"date":"2019-09-30T11:31:20","date_gmt":"2019-09-30T11:31:20","guid":{"rendered":"https:\/\/carnia.es\/new\/instalaciones\/"},"modified":"2021-03-19T12:25:39","modified_gmt":"2021-03-19T12:25:39","slug":"instalacions","status":"publish","type":"page","link":"https:\/\/carnia.es\/ca\/instalacions\/","title":{"rendered":"Instal\u00b7lacions"},"content":{"rendered":"\t<div id=\"block_5d92126c84ee7\" class=\"section bg-gray installations\">\n\t\t<div class=\"container-fluid\">\n\t\t\t\t\t\t<p><p>C\u00e0rnia disposa de m\u00e9s de 20.000 m<sup>2<\/sup> d&#8217;instal\u00b7lacions, amb m\u00e9s de 13.500 m<sup>2<\/sup> d&#8217;espai productiu i de 8.000 m<sup>2<\/sup> de zona refrigerada.<\/p>\n<p>Som una empresa compromesa amb el medi ambient, per aix\u00f2 hem pres moltes mesures com per exemple l&#8217;\u00fas de refrigerants nets que no generen residu (glicol i amon\u00edac). La climatitzaci\u00f3 de les oficines es realitza amb aigua calenta i freda, reutilitzada mitjan\u00e7ant economia circular (aprofitament d&#8217;energia generada per escalfor de maquin\u00e0ria) i amb aprofitament d&#8217;energia solar pr\u00f2pia gr\u00e0cies a les plaques fotovoltaiques que ens produeixen m\u00e9s de 100 kw d&#8217;energia.<\/p>\n<p>Finalment, disposem de la nostra pr\u00f2pia depuradora, a m\u00e9s d&#8217;un sistema espec\u00edfic de recollida selectiva de residus.<\/p>\n<p>Amb aquest desenvolupament fem possible integrar l\u00ednies de producci\u00f3 c\u00e0rnica que inclouen productes frescos i congelats, filetejats, elaborats, peces i canals per servir di\u00e0riament m\u00e9s de 1.500 comandes provinents de tots els nostres mercats: des de la restauraci\u00f3 de proximitat fins els mercats d&#8217;exportaci\u00f3 internacional passant per la major part de la distribuci\u00f3 moderna.<\/p>\n<\/p>\t\t\t\t\t\t\t\t\t\t\t<div class=\"video-box\">\n\t\t\t\t\t<iframe src=\"https:\/\/player.vimeo.com\/video\/470463244?dnt=1&amp;app_id=122963\" allowfullscreen><\/iframe>\n\t\t\t\t<\/div>\n\t\t\t\t\t<\/div>\n\t<\/div><!-- \/ installations -->\n","protected":false},"excerpt":{"rendered":"","protected":false},"author":2,"featured_media":0,"parent":0,"menu_order":0,"comment_status":"closed","ping_status":"closed","template":"","meta":{"_acf_changed":false,"footnotes":""},"class_list":["post-770","page","type-page","status-publish","hentry"],"acf":[],"yoast_head":"<!-- This site is optimized with the Yoast SEO plugin v27.3 - https:\/\/yoast.com\/product\/yoast-seo-wordpress\/ -->\n<title>Instal\u00b7lacions - Companyia General C\u00e0rnia<\/title>\n<meta name=\"robots\" content=\"index, follow, max-snippet:-1, max-image-preview:large, max-video-preview:-1\" \/>\n<link rel=\"canonical\" href=\"https:\/\/carnia.es\/ca\/instalacions\/\" \/>\n<meta property=\"og:locale\" content=\"ca_ES\" \/>\n<meta property=\"og:type\" content=\"article\" \/>\n<meta property=\"og:title\" content=\"Instal\u00b7lacions - Companyia General C\u00e0rnia\" \/>\n<meta property=\"og:url\" content=\"https:\/\/carnia.es\/ca\/instalacions\/\" \/>\n<meta property=\"og:site_name\" content=\"Companyia General C\u00e0rnia\" \/>\n<meta property=\"article:modified_time\" content=\"2021-03-19T12:25:39+00:00\" \/>\n<meta name=\"twitter:card\" content=\"summary_large_image\" \/>\n<script type=\"application\/ld+json\" class=\"yoast-schema-graph\">{\"@context\":\"https:\\\/\\\/schema.org\",\"@graph\":[{\"@type\":\"WebPage\",\"@id\":\"https:\\\/\\\/carnia.es\\\/ca\\\/instalacions\\\/\",\"url\":\"https:\\\/\\\/carnia.es\\\/ca\\\/instalacions\\\/\",\"name\":\"Instal\u00b7lacions - Companyia General C\u00e0rnia\",\"isPartOf\":{\"@id\":\"https:\\\/\\\/carnia.es\\\/en\\\/#website\"},\"datePublished\":\"2019-09-30T11:31:20+00:00\",\"dateModified\":\"2021-03-19T12:25:39+00:00\",\"breadcrumb\":{\"@id\":\"https:\\\/\\\/carnia.es\\\/ca\\\/instalacions\\\/#breadcrumb\"},\"inLanguage\":\"ca\",\"potentialAction\":[{\"@type\":\"ReadAction\",\"target\":[\"https:\\\/\\\/carnia.es\\\/ca\\\/instalacions\\\/\"]}]},{\"@type\":\"BreadcrumbList\",\"@id\":\"https:\\\/\\\/carnia.es\\\/ca\\\/instalacions\\\/#breadcrumb\",\"itemListElement\":[{\"@type\":\"ListItem\",\"position\":1,\"name\":\"Home\",\"item\":\"https:\\\/\\\/carnia.es\\\/ca\\\/\"},{\"@type\":\"ListItem\",\"position\":2,\"name\":\"Instal\u00b7lacions\"}]},{\"@type\":\"WebSite\",\"@id\":\"https:\\\/\\\/carnia.es\\\/en\\\/#website\",\"url\":\"https:\\\/\\\/carnia.es\\\/en\\\/\",\"name\":\"Companyia General C\u00e0rnia\",\"description\":\"100 a\u00f1os de experiencia en el sector c\u00e1rnico\",\"publisher\":{\"@id\":\"https:\\\/\\\/carnia.es\\\/en\\\/#organization\"},\"potentialAction\":[{\"@type\":\"SearchAction\",\"target\":{\"@type\":\"EntryPoint\",\"urlTemplate\":\"https:\\\/\\\/carnia.es\\\/en\\\/?s={search_term_string}\"},\"query-input\":{\"@type\":\"PropertyValueSpecification\",\"valueRequired\":true,\"valueName\":\"search_term_string\"}}],\"inLanguage\":\"ca\"},{\"@type\":\"Organization\",\"@id\":\"https:\\\/\\\/carnia.es\\\/en\\\/#organization\",\"name\":\"Companyia General C\u00e0rnia\",\"url\":\"https:\\\/\\\/carnia.es\\\/en\\\/\",\"logo\":{\"@type\":\"ImageObject\",\"inLanguage\":\"ca\",\"@id\":\"https:\\\/\\\/carnia.es\\\/en\\\/#\\\/schema\\\/logo\\\/image\\\/\",\"url\":\"https:\\\/\\\/carnia.es\\\/wp-content\\\/uploads\\\/2019\\\/09\\\/logo-1.svg\",\"contentUrl\":\"https:\\\/\\\/carnia.es\\\/wp-content\\\/uploads\\\/2019\\\/09\\\/logo-1.svg\",\"width\":160,\"height\":45,\"caption\":\"Companyia General C\u00e0rnia\"},\"image\":{\"@id\":\"https:\\\/\\\/carnia.es\\\/en\\\/#\\\/schema\\\/logo\\\/image\\\/\"}}]}<\/script>\n<!-- \/ Yoast SEO plugin. -->","yoast_head_json":{"title":"Instal\u00b7lacions - Companyia General C\u00e0rnia","robots":{"index":"index","follow":"follow","max-snippet":"max-snippet:-1","max-image-preview":"max-image-preview:large","max-video-preview":"max-video-preview:-1"},"canonical":"https:\/\/carnia.es\/ca\/instalacions\/","og_locale":"ca_ES","og_type":"article","og_title":"Instal\u00b7lacions - Companyia General C\u00e0rnia","og_url":"https:\/\/carnia.es\/ca\/instalacions\/","og_site_name":"Companyia General C\u00e0rnia","article_modified_time":"2021-03-19T12:25:39+00:00","twitter_card":"summary_large_image","schema":{"@context":"https:\/\/schema.org","@graph":[{"@type":"WebPage","@id":"https:\/\/carnia.es\/ca\/instalacions\/","url":"https:\/\/carnia.es\/ca\/instalacions\/","name":"Instal\u00b7lacions - Companyia General C\u00e0rnia","isPartOf":{"@id":"https:\/\/carnia.es\/en\/#website"},"datePublished":"2019-09-30T11:31:20+00:00","dateModified":"2021-03-19T12:25:39+00:00","breadcrumb":{"@id":"https:\/\/carnia.es\/ca\/instalacions\/#breadcrumb"},"inLanguage":"ca","potentialAction":[{"@type":"ReadAction","target":["https:\/\/carnia.es\/ca\/instalacions\/"]}]},{"@type":"BreadcrumbList","@id":"https:\/\/carnia.es\/ca\/instalacions\/#breadcrumb","itemListElement":[{"@type":"ListItem","position":1,"name":"Home","item":"https:\/\/carnia.es\/ca\/"},{"@type":"ListItem","position":2,"name":"Instal\u00b7lacions"}]},{"@type":"WebSite","@id":"https:\/\/carnia.es\/en\/#website","url":"https:\/\/carnia.es\/en\/","name":"Companyia General C\u00e0rnia","description":"100 a\u00f1os de experiencia en el sector c\u00e1rnico","publisher":{"@id":"https:\/\/carnia.es\/en\/#organization"},"potentialAction":[{"@type":"SearchAction","target":{"@type":"EntryPoint","urlTemplate":"https:\/\/carnia.es\/en\/?s={search_term_string}"},"query-input":{"@type":"PropertyValueSpecification","valueRequired":true,"valueName":"search_term_string"}}],"inLanguage":"ca"},{"@type":"Organization","@id":"https:\/\/carnia.es\/en\/#organization","name":"Companyia General C\u00e0rnia","url":"https:\/\/carnia.es\/en\/","logo":{"@type":"ImageObject","inLanguage":"ca","@id":"https:\/\/carnia.es\/en\/#\/schema\/logo\/image\/","url":"https:\/\/carnia.es\/wp-content\/uploads\/2019\/09\/logo-1.svg","contentUrl":"https:\/\/carnia.es\/wp-content\/uploads\/2019\/09\/logo-1.svg","width":160,"height":45,"caption":"Companyia General C\u00e0rnia"},"image":{"@id":"https:\/\/carnia.es\/en\/#\/schema\/logo\/image\/"}}]}},"_links":{"self":[{"href":"https:\/\/carnia.es\/ca\/wp-json\/wp\/v2\/pages\/770","targetHints":{"allow":["GET"]}}],"collection":[{"href":"https:\/\/carnia.es\/ca\/wp-json\/wp\/v2\/pages"}],"about":[{"href":"https:\/\/carnia.es\/ca\/wp-json\/wp\/v2\/types\/page"}],"author":[{"embeddable":true,"href":"https:\/\/carnia.es\/ca\/wp-json\/wp\/v2\/users\/2"}],"replies":[{"embeddable":true,"href":"https:\/\/carnia.es\/ca\/wp-json\/wp\/v2\/comments?post=770"}],"version-history":[{"count":14,"href":"https:\/\/carnia.es\/ca\/wp-json\/wp\/v2\/pages\/770\/revisions"}],"predecessor-version":[{"id":6404,"href":"https:\/\/carnia.es\/ca\/wp-json\/wp\/v2\/pages\/770\/revisions\/6404"}],"wp:attachment":[{"href":"https:\/\/carnia.es\/ca\/wp-json\/wp\/v2\/media?parent=770"}],"curies":[{"name":"wp","href":"https:\/\/api.w.org\/{rel}","templated":true}]}}