{"id":767,"date":"2019-09-26T09:45:58","date_gmt":"2019-09-26T09:45:58","guid":{"rendered":"https:\/\/carnia.es\/new\/home\/"},"modified":"2021-08-18T12:56:00","modified_gmt":"2021-08-18T12:56:00","slug":"home","status":"publish","type":"page","link":"https:\/\/carnia.es\/ca\/","title":{"rendered":"Inici"},"content":{"rendered":"    <div id=\"block_5d8ca6246bfc8\" class=\"section bg-gray slider-section main-slider\">\n        <div class=\"container-fluid\">\n                            <div class=\"slider-block\">\n\n        \t        \n                                                    <div class=\"slide-item\">\n                                <div class=\"img-hold\">\n                                    <figure class=\"img\">\n                                        <picture>\n                                                                                            <source media=\"(max-width: 767px)\" srcset=\"https:\/\/carnia.es\/wp-content\/uploads\/2019\/12\/slider_restauracion-1-1000x491.jpg\">\n                                                                                        <img decoding=\"async\" src=\"https:\/\/carnia.es\/wp-content\/uploads\/2019\/12\/slider_restauracion-1600x785.jpg\" alt=\"\">\n                                        <\/picture>                                    \n                                    <\/figure>\n                                <\/div>\n                            <\/div><!-- \/ slide-item -->\n                        \n                    \n                                                    <div class=\"slide-item\">\n                                <div class=\"img-hold\">\n                                    <figure class=\"img\">\n                                        <picture>\n                                                                                            <source media=\"(max-width: 767px)\" srcset=\"https:\/\/carnia.es\/wp-content\/uploads\/2020\/01\/slider-distribucion-2200x1080-1000x491.jpg\">\n                                                                                        <img decoding=\"async\" src=\"https:\/\/carnia.es\/wp-content\/uploads\/2020\/01\/slider-distribucion-2200x1080-1600x785.jpg\" alt=\"C\u00e0rnia Producto vacuno Sacrificio y venta a mayoristas 6\">\n                                        <\/picture>                                    \n                                    <\/figure>\n                                <\/div>\n                            <\/div><!-- \/ slide-item -->\n                        \n                    \n                                                    <div class=\"slide-item\">\n                                <div class=\"img-hold\">\n                                    <figure class=\"img\">\n                                        <picture>\n                                                                                            <source media=\"(max-width: 767px)\" srcset=\"https:\/\/carnia.es\/wp-content\/uploads\/2019\/12\/slider-matadero-1-1000x491.jpg\">\n                                                                                        <img decoding=\"async\" src=\"https:\/\/carnia.es\/wp-content\/uploads\/2019\/12\/slider-matadero-1600x785.jpg\" alt=\"C\u00e0rnia matadero\">\n                                        <\/picture>                                    \n                                    <\/figure>\n                                <\/div>\n                            <\/div><!-- \/ slide-item -->\n                        \n                    \n                                                    <div class=\"slide-item\">\n                                <div class=\"img-hold\">\n                                    <figure class=\"img\">\n                                        <picture>\n                                                                                            <source media=\"(max-width: 767px)\" srcset=\"https:\/\/carnia.es\/wp-content\/uploads\/2019\/12\/slider-ganaderia-1000x491.jpg\">\n                                                                                        <img decoding=\"async\" src=\"https:\/\/carnia.es\/wp-content\/uploads\/2019\/12\/slider-ganaderia-1600x785.jpg\" alt=\"C\u00e0rnia ganaderia\">\n                                        <\/picture>                                    \n                                    <\/figure>\n                                <\/div>\n                            <\/div><!-- \/ slide-item -->\n                        \n                    \n                <\/div><!-- \/ slider-block -->\n            \n                            <div class=\"descr\">\n                    <div class=\"row\">\n                        <div class=\"col-md-8\">\n                            <p>Comptem amb explotacions ramaderes ecol\u00f2giques i convencionals. Al respecte per l&#8217;animal, al medi ambient i a l&#8217;ofici de ramader, s&#8217;hi uneix la nostra missi\u00f3 de servir carns de la millor qualitat.<\/p>\n                        <\/div><!-- \/ col -->\n                                                    <div class=\"col-md-4 text-md-right\">\n                                <a href=\"https:\/\/player.vimeo.com\/video\/396449477?dnt=1&amp;app_id=122963\" data-fancybox class=\"btn btn-outline-danger btn-play-video\">Veure v\u00eddeo<\/a>\n                            <\/div><!-- \/ col -->\n                                            <\/div><!-- \/ row -->\n                <\/div><!-- \/ descr -->\n            \n        <\/div>\n    <\/div><!-- \/ slider-section -->\n\n\n\n\n<div id=\"block_5d8ca941706f7\" class=\"section mission-info\">\n    <div class=\"container-fluid\">\n        <div class=\"row\">\n                        <div class=\"col-lg-4\">\n                <h2>Missi\u00f3 i valors      <img loading=\"lazy\" decoding=\"async\" src=\"https:\/\/carnia.es\/wp-content\/uploads\/2021\/08\/PDR-Logo-v2-9-e1629290075897-300x292.png\" alt=\"\" width=\"300\" height=\"292\" class=\"alignleft size-medium wp-image-7599\" srcset=\"https:\/\/carnia.es\/wp-content\/uploads\/2021\/08\/PDR-Logo-v2-9-e1629290075897-300x292.png 300w, https:\/\/carnia.es\/wp-content\/uploads\/2021\/08\/PDR-Logo-v2-9-e1629290075897-1024x998.png 1024w, https:\/\/carnia.es\/wp-content\/uploads\/2021\/08\/PDR-Logo-v2-9-e1629290075897-768x749.png 768w, https:\/\/carnia.es\/wp-content\/uploads\/2021\/08\/PDR-Logo-v2-9-e1629290075897-1536x1497.png 1536w, https:\/\/carnia.es\/wp-content\/uploads\/2021\/08\/PDR-Logo-v2-9-e1629290075897-2048x1996.png 2048w, https:\/\/carnia.es\/wp-content\/uploads\/2021\/08\/PDR-Logo-v2-9-e1629290075897-2024x1973.png 2024w, https:\/\/carnia.es\/wp-content\/uploads\/2021\/08\/PDR-Logo-v2-9-e1629290075897-1600x1560.png 1600w, https:\/\/carnia.es\/wp-content\/uploads\/2021\/08\/PDR-Logo-v2-9-e1629290075897-1000x975.png 1000w, https:\/\/carnia.es\/wp-content\/uploads\/2021\/08\/PDR-Logo-v2-9-e1629290075897-800x780.png 800w\" sizes=\"auto, (max-width: 300px) 100vw, 300px\" \/><\/h2>\n            <\/div><!-- \/ col -->\n                        <div class=\"col-lg-8\">\n                <h3>Carn i servei de qualitat<\/h3>\n<p>Garantim nivells \u00f2ptims en el tractament i conservaci\u00f3 de la carn i afegim a la nostra experi\u00e8ncia, una gran capacitat per adaptar-nos a les noves exig\u00e8ncies i necessitats dels nostres clients.<\/p>\n<h3>Salut, nutrici\u00f3 i medi ambient<\/h3>\n<p>El nostre comprom\u00eds \u00e9s aportar a la societat productes saludables i respectuosos amb el medi ambient, estant molt compromesos amb les iniciatives contra el malbaratament alimentari.<\/p>\n<h3>L&#8217;equip<\/h3>\n<p>Cadascun dels nostres empleats s\u00f3n els protagonistes de la nostra companyia, per aix\u00f2 els hi garantim un lloc de treball digne i amb oportunitats de millora i promoci\u00f3.<\/p>\n            <\/div><!-- \/ col -->\n        <\/div><!-- \/ row -->\n    <\/div><!-- \/ container-fluid -->\n<\/div><!-- \/ mission-info -->\n\n\n\n\n\n\t<div id=\"block_5d8cbfda52f9d\" class=\"section bg-red events-section\">\n\t\t<div class=\"container-fluid\">\n\t\t\t<header class=\"heading\">\n\t\t\t\t<h2>Actualitat<\/h2>\n\t\t\t\t<a href=\"https:\/\/carnia.es\/ca\/noticies\/\" class=\"link-more\">Veure totes<\/a>\n\t\t\t<\/header>\n\n\t\t\t\n\t\t\t\t<a class=\"event-item\" href=\"https:\/\/carnia.es\/ca\/noticies\/del-20-al-26-de-marzo-de-2022-una-delegacion-de-altos-directivos-de-carnia-esta-visitando-diversas-empresas-importadoras-en-cuba-para-presentarles-nuestra-gama-de-productos\/\">\n\t\t\t\t\t<div class=\"event-meta\">\n\t\t\t\t\t\t\t\t\t\t\t\t\t\t\t\t\t\t<time datetime=\"2022-03-28\">28.03.2022<\/time>\n\t\t\t\t\t<\/div>\n\t\t\t\t\t<div class=\"descr\">\n\t\t\t\t\t\t<p>Delegaci\u00f3n de C\u00e0rnia en Cuba<\/p>\n\t\t\t\t\t<\/div>\n\t\t\t\t<\/a><!-- \/ event-item -->\n\n\t\t\t\n\t\t\t\t<a class=\"event-item\" href=\"https:\/\/carnia.es\/ca\/noticies\/companyia-general-carnia-completa-la-integracion-de-ica-foods\/\">\n\t\t\t\t\t<div class=\"event-meta\">\n\t\t\t\t\t\t\t\t\t\t\t\t\t\t\t\t\t\t\t<span class=\"ttl-str\">Corporativo<\/span>\n\t\t\t\t\t\t\t\t\t\t\t\t<time datetime=\"2021-09-21\">21.09.2021<\/time>\n\t\t\t\t\t<\/div>\n\t\t\t\t\t<div class=\"descr\">\n\t\t\t\t\t\t<p>Companyia General C\u00e0rnia completa la integraci\u00f3n de ICA Foods<\/p>\n\t\t\t\t\t<\/div>\n\t\t\t\t<\/a><!-- \/ event-item -->\n\n\t\t\t\n\t\t\t\t<a class=\"event-item\" href=\"https:\/\/carnia.es\/ca\/noticies\/adquirim-granja-hermanos-elvira\/\">\n\t\t\t\t\t<div class=\"event-meta\">\n\t\t\t\t\t\t\t\t\t\t\t\t\t\t\t\t\t\t<time datetime=\"2021-09-10\">10.09.2021<\/time>\n\t\t\t\t\t<\/div>\n\t\t\t\t\t<div class=\"descr\">\n\t\t\t\t\t\t<p>Companyia General C\u00e0rnia adquireix Ganados Hermanos Elvira S.L.<\/p>\n\t\t\t\t\t<\/div>\n\t\t\t\t<\/a><!-- \/ event-item -->\n\n\t\t\t\t\t\t\n\t\t<\/div><!-- \/ container-fluid -->\n\t<\/div><!-- \/ events-section -->\n\n\n\n\t\n\t<div class=\"media-section\">\n\t\t<figure class=\"img\">\n\t\t\t<img decoding=\"async\" src=\"https:\/\/carnia.es\/wp-content\/uploads\/2020\/02\/distribucion-3-1.jpg\" alt=\"https:\/\/carnia.es\/wp-content\/uploads\/2020\/02\/distribucion-3-1.jpg\">\n\t\t<\/figure>\n\t\t<div class=\"descr\">\n\t\t\t\t\t\t<a class=\"btn-play\" data-fancybox href=\"https:\/\/player.vimeo.com\/video\/396449477?dnt=1&amp;app_id=122963\">Companyia General C\u00e0rnia<\/a>\n\t\t<\/div>\n\t<\/div><!-- \/ media-section -->\n\n","protected":false},"excerpt":{"rendered":"","protected":false},"author":2,"featured_media":0,"parent":0,"menu_order":0,"comment_status":"closed","ping_status":"closed","template":"","meta":{"_acf_changed":false,"footnotes":""},"class_list":["post-767","page","type-page","status-publish","hentry"],"acf":[],"yoast_head":"<!-- This site is optimized with the Yoast SEO plugin v27.4 - https:\/\/yoast.com\/product\/yoast-seo-wordpress\/ -->\n<title>Companyia General C\u00e0rnia - 100 a\u00f1os de experiencia en el sector c\u00e1rnico<\/title>\n<meta name=\"description\" content=\"Servimos carnes de la mejor calidad, siempre con el m\u00e1ximo respeto por el animal, el medio ambiente y el oficio de ganadero.\" \/>\n<meta name=\"robots\" content=\"index, follow, max-snippet:-1, max-image-preview:large, max-video-preview:-1\" \/>\n<link rel=\"canonical\" href=\"https:\/\/carnia.es\/ca\/\" \/>\n<meta property=\"og:locale\" content=\"ca_ES\" \/>\n<meta property=\"og:type\" content=\"article\" \/>\n<meta property=\"og:title\" content=\"Companyia General C\u00e0rnia - 100 a\u00f1os de experiencia en el sector c\u00e1rnico\" \/>\n<meta property=\"og:description\" content=\"Servimos carnes de la mejor calidad, siempre con el m\u00e1ximo respeto por el animal, el medio ambiente y el oficio de ganadero.\" \/>\n<meta property=\"og:url\" content=\"https:\/\/carnia.es\/ca\/\" \/>\n<meta property=\"og:site_name\" content=\"Companyia General C\u00e0rnia\" \/>\n<meta property=\"article:modified_time\" content=\"2021-08-18T12:56:00+00:00\" \/>\n<meta name=\"twitter:card\" content=\"summary_large_image\" \/>\n<script type=\"application\/ld+json\" class=\"yoast-schema-graph\">{\"@context\":\"https:\\\/\\\/schema.org\",\"@graph\":[{\"@type\":\"WebPage\",\"@id\":\"https:\\\/\\\/carnia.es\\\/ca\\\/\",\"url\":\"https:\\\/\\\/carnia.es\\\/ca\\\/\",\"name\":\"Companyia General C\u00e0rnia - 100 a\u00f1os de experiencia en el sector c\u00e1rnico\",\"isPartOf\":{\"@id\":\"https:\\\/\\\/carnia.es\\\/en\\\/#website\"},\"datePublished\":\"2019-09-26T09:45:58+00:00\",\"dateModified\":\"2021-08-18T12:56:00+00:00\",\"description\":\"Servimos carnes de la mejor calidad, siempre con el m\u00e1ximo respeto por el animal, el medio ambiente y el oficio de ganadero.\",\"breadcrumb\":{\"@id\":\"https:\\\/\\\/carnia.es\\\/ca\\\/#breadcrumb\"},\"inLanguage\":\"ca\",\"potentialAction\":[{\"@type\":\"ReadAction\",\"target\":[\"https:\\\/\\\/carnia.es\\\/ca\\\/\"]}]},{\"@type\":\"BreadcrumbList\",\"@id\":\"https:\\\/\\\/carnia.es\\\/ca\\\/#breadcrumb\",\"itemListElement\":[{\"@type\":\"ListItem\",\"position\":1,\"name\":\"Home\",\"item\":\"https:\\\/\\\/carnia.es\\\/ca\\\/\"},{\"@type\":\"ListItem\",\"position\":2,\"name\":\"Inici\"}]},{\"@type\":\"WebSite\",\"@id\":\"https:\\\/\\\/carnia.es\\\/en\\\/#website\",\"url\":\"https:\\\/\\\/carnia.es\\\/en\\\/\",\"name\":\"Companyia General C\u00e0rnia\",\"description\":\"100 a\u00f1os de experiencia en el sector c\u00e1rnico\",\"publisher\":{\"@id\":\"https:\\\/\\\/carnia.es\\\/en\\\/#organization\"},\"potentialAction\":[{\"@type\":\"SearchAction\",\"target\":{\"@type\":\"EntryPoint\",\"urlTemplate\":\"https:\\\/\\\/carnia.es\\\/en\\\/?s={search_term_string}\"},\"query-input\":{\"@type\":\"PropertyValueSpecification\",\"valueRequired\":true,\"valueName\":\"search_term_string\"}}],\"inLanguage\":\"ca\"},{\"@type\":\"Organization\",\"@id\":\"https:\\\/\\\/carnia.es\\\/en\\\/#organization\",\"name\":\"Companyia General C\u00e0rnia\",\"url\":\"https:\\\/\\\/carnia.es\\\/en\\\/\",\"logo\":{\"@type\":\"ImageObject\",\"inLanguage\":\"ca\",\"@id\":\"https:\\\/\\\/carnia.es\\\/en\\\/#\\\/schema\\\/logo\\\/image\\\/\",\"url\":\"https:\\\/\\\/carnia.es\\\/wp-content\\\/uploads\\\/2019\\\/09\\\/logo-1.svg\",\"contentUrl\":\"https:\\\/\\\/carnia.es\\\/wp-content\\\/uploads\\\/2019\\\/09\\\/logo-1.svg\",\"width\":160,\"height\":45,\"caption\":\"Companyia General C\u00e0rnia\"},\"image\":{\"@id\":\"https:\\\/\\\/carnia.es\\\/en\\\/#\\\/schema\\\/logo\\\/image\\\/\"}}]}<\/script>\n<!-- \/ Yoast SEO plugin. -->","yoast_head_json":{"title":"Companyia General C\u00e0rnia - 100 a\u00f1os de experiencia en el sector c\u00e1rnico","description":"Servimos carnes de la mejor calidad, siempre con el m\u00e1ximo respeto por el animal, el medio ambiente y el oficio de ganadero.","robots":{"index":"index","follow":"follow","max-snippet":"max-snippet:-1","max-image-preview":"max-image-preview:large","max-video-preview":"max-video-preview:-1"},"canonical":"https:\/\/carnia.es\/ca\/","og_locale":"ca_ES","og_type":"article","og_title":"Companyia General C\u00e0rnia - 100 a\u00f1os de experiencia en el sector c\u00e1rnico","og_description":"Servimos carnes de la mejor calidad, siempre con el m\u00e1ximo respeto por el animal, el medio ambiente y el oficio de ganadero.","og_url":"https:\/\/carnia.es\/ca\/","og_site_name":"Companyia General C\u00e0rnia","article_modified_time":"2021-08-18T12:56:00+00:00","twitter_card":"summary_large_image","schema":{"@context":"https:\/\/schema.org","@graph":[{"@type":"WebPage","@id":"https:\/\/carnia.es\/ca\/","url":"https:\/\/carnia.es\/ca\/","name":"Companyia General C\u00e0rnia - 100 a\u00f1os de experiencia en el sector c\u00e1rnico","isPartOf":{"@id":"https:\/\/carnia.es\/en\/#website"},"datePublished":"2019-09-26T09:45:58+00:00","dateModified":"2021-08-18T12:56:00+00:00","description":"Servimos carnes de la mejor calidad, siempre con el m\u00e1ximo respeto por el animal, el medio ambiente y el oficio de ganadero.","breadcrumb":{"@id":"https:\/\/carnia.es\/ca\/#breadcrumb"},"inLanguage":"ca","potentialAction":[{"@type":"ReadAction","target":["https:\/\/carnia.es\/ca\/"]}]},{"@type":"BreadcrumbList","@id":"https:\/\/carnia.es\/ca\/#breadcrumb","itemListElement":[{"@type":"ListItem","position":1,"name":"Home","item":"https:\/\/carnia.es\/ca\/"},{"@type":"ListItem","position":2,"name":"Inici"}]},{"@type":"WebSite","@id":"https:\/\/carnia.es\/en\/#website","url":"https:\/\/carnia.es\/en\/","name":"Companyia General C\u00e0rnia","description":"100 a\u00f1os de experiencia en el sector c\u00e1rnico","publisher":{"@id":"https:\/\/carnia.es\/en\/#organization"},"potentialAction":[{"@type":"SearchAction","target":{"@type":"EntryPoint","urlTemplate":"https:\/\/carnia.es\/en\/?s={search_term_string}"},"query-input":{"@type":"PropertyValueSpecification","valueRequired":true,"valueName":"search_term_string"}}],"inLanguage":"ca"},{"@type":"Organization","@id":"https:\/\/carnia.es\/en\/#organization","name":"Companyia General C\u00e0rnia","url":"https:\/\/carnia.es\/en\/","logo":{"@type":"ImageObject","inLanguage":"ca","@id":"https:\/\/carnia.es\/en\/#\/schema\/logo\/image\/","url":"https:\/\/carnia.es\/wp-content\/uploads\/2019\/09\/logo-1.svg","contentUrl":"https:\/\/carnia.es\/wp-content\/uploads\/2019\/09\/logo-1.svg","width":160,"height":45,"caption":"Companyia General C\u00e0rnia"},"image":{"@id":"https:\/\/carnia.es\/en\/#\/schema\/logo\/image\/"}}]}},"_links":{"self":[{"href":"https:\/\/carnia.es\/ca\/wp-json\/wp\/v2\/pages\/767","targetHints":{"allow":["GET"]}}],"collection":[{"href":"https:\/\/carnia.es\/ca\/wp-json\/wp\/v2\/pages"}],"about":[{"href":"https:\/\/carnia.es\/ca\/wp-json\/wp\/v2\/types\/page"}],"author":[{"embeddable":true,"href":"https:\/\/carnia.es\/ca\/wp-json\/wp\/v2\/users\/2"}],"replies":[{"embeddable":true,"href":"https:\/\/carnia.es\/ca\/wp-json\/wp\/v2\/comments?post=767"}],"version-history":[{"count":21,"href":"https:\/\/carnia.es\/ca\/wp-json\/wp\/v2\/pages\/767\/revisions"}],"predecessor-version":[{"id":58747,"href":"https:\/\/carnia.es\/ca\/wp-json\/wp\/v2\/pages\/767\/revisions\/58747"}],"wp:attachment":[{"href":"https:\/\/carnia.es\/ca\/wp-json\/wp\/v2\/media?parent=767"}],"curies":[{"name":"wp","href":"https:\/\/api.w.org\/{rel}","templated":true}]}}