{"id":743,"date":"2019-09-26T14:02:40","date_gmt":"2019-09-26T14:02:40","guid":{"rendered":"https:\/\/carnia.es\/new\/historia\/"},"modified":"2020-03-24T09:24:54","modified_gmt":"2020-03-24T09:24:54","slug":"historia","status":"publish","type":"page","link":"https:\/\/carnia.es\/ca\/historia\/","title":{"rendered":"Hist\u00f2ria"},"content":{"rendered":"<header class=\"text-wrapper\"><div class=\"container-fluid\">\n<h1 class=\"is-style-page-title wp-block-heading\"><strong>Companyia General C\u00e0rnia, 100 anys d\u2019experi\u00e8ncia al sector c\u00e0rnic<\/strong>.<\/h1>\n<\/div><\/header>\n\n\n\t<div id=\"\" class=\"section bg-gray history\">\n\t\t<div class=\"container-fluid\">\n\t\t\t<div class=\"history-grid\">\n\n\t\t\t\t\n\t\t\t\t\t<div class=\"grid-item\">\n\t\t\t\t\t\t<figure class=\"history-item\">\n\t\t\t\t\t\t\t<div class=\"img-hold\">\n\t\t\t\t\t\t\t\t\t\t\t\t\t\t\t\t\t<img decoding=\"async\" src=\"https:\/\/carnia.es\/wp-content\/uploads\/2019\/12\/historia_1-1000x667.jpg\" alt=\"\">\n\t\t\t\t\t\t\t\t\t\t\t\t\t\t\t\t\t\t\t\t\t\t\t<\/div>\n\t\t\t\t\t\t\t\t\t\t\t\t\t\t\t<figcaption>\n\t\t\t\t\t\t\t\t\t<h3>1920<\/h3>\n<p>A principis dels anys 20, els nostres avis ja feien de carnissers a les parades especialitzades dels mercats municipals de La Boqueria i El Ninot, a Barcelona.<\/p>\n\t\t\t\t\t\t\t\t<\/figcaption>\n\t\t\t\t\t\t\t\t\t\t\t\t\t<\/figure><!-- \/ history-item -->\n\t\t\t\t\t<\/div>\n\n\t\t\t\t\n\t\t\t\t\t<div class=\"grid-item\">\n\t\t\t\t\t\t<figure class=\"history-item\">\n\t\t\t\t\t\t\t<div class=\"img-hold\">\n\t\t\t\t\t\t\t\t\t\t\t\t\t\t\t\t\t<img decoding=\"async\" src=\"https:\/\/carnia.es\/wp-content\/uploads\/2020\/01\/historia-acreditada-1-1-1000x1333.jpg\" alt=\"Historia de C\u00e0rnia 2\">\n\t\t\t\t\t\t\t\t\t\t\t\t\t\t\t\t\t\t\t\t\t\t\t<\/div>\n\t\t\t\t\t\t\t\t\t\t\t\t\t\t\t<figcaption>\n\t\t\t\t\t\t\t\t\t<h3>1979<\/h3>\n<p>Aquest any v\u00e0rem finalitzar la nostra activitat de sacrifici al antic escorxador i comen\u00e7\u00e0rem una nova etapa a Mercabarna.<\/p>\n\t\t\t\t\t\t\t\t<\/figcaption>\n\t\t\t\t\t\t\t\t\t\t\t\t\t<\/figure><!-- \/ history-item -->\n\t\t\t\t\t<\/div>\n\n\t\t\t\t\n\t\t\t\t\t<div class=\"grid-item\">\n\t\t\t\t\t\t<figure class=\"history-item\">\n\t\t\t\t\t\t\t<div class=\"img-hold\">\n\t\t\t\t\t\t\t\t\t\t\t\t\t\t\t\t\t<img decoding=\"async\" src=\"https:\/\/carnia.es\/wp-content\/uploads\/2020\/01\/historia-acreditada-2-1-1000x1000.jpg\" alt=\"Historia de C\u00e0rnia 1\">\n\t\t\t\t\t\t\t\t\t\t\t\t\t\t\t\t\t\t\t\t\t\t\t<\/div>\n\t\t\t\t\t\t\t\t\t\t\t\t\t\t\t<figcaption>\n\t\t\t\t\t\t\t\t\t<h3>2000<\/h3>\n<p>Comen\u00e7a una nova etapa. Amb l&#8217;entrada d&#8217;un nou segle i amb la construcci\u00f3 d&#8217;una nova i moderna sala de desfer, Carns Salas i Carns Tonijuan ens unim per crear CGC, amb la il<strong>\u00b7<\/strong>lusi\u00f3 de poder donar un servei integral a supermercats i a grans cadenes de distribuci\u00f3.<\/p>\n\t\t\t\t\t\t\t\t<\/figcaption>\n\t\t\t\t\t\t\t\t\t\t\t\t\t<\/figure><!-- \/ history-item -->\n\t\t\t\t\t<\/div>\n\n\t\t\t\t\n\t\t\t\t\t<div class=\"grid-item\">\n\t\t\t\t\t\t<figure class=\"history-item\">\n\t\t\t\t\t\t\t<div class=\"img-hold\">\n\t\t\t\t\t\t\t\t\t\t\t\t\t\t\t\t\t<img decoding=\"async\" src=\"https:\/\/carnia.es\/wp-content\/uploads\/2019\/12\/puigbo_carnia-1000x667.jpg\" alt=\"\">\n\t\t\t\t\t\t\t\t\t\t\t\t\t\t\t\t\t\t\t\t\t\t\t<\/div>\n\t\t\t\t\t\t\t\t\t\t\t\t\t\t\t<figcaption>\n\t\t\t\t\t\t\t\t\t<h3>2004<\/h3>\n<p>Adquisici\u00f3 de l&#8217;empresa de restauraci\u00f3 Carns Puigb\u00f2. Dedicada a donar servei exclusiu a l&#8217;hostaleria de la prov\u00edncia de Barcelona, s&#8217;integra a CGC, ampliant aix\u00ed la nostra xarxa de distribuci\u00f3 i aprovisionament per tota Catalu\u00f1a.<\/p>\n\t\t\t\t\t\t\t\t<\/figcaption>\n\t\t\t\t\t\t\t\t\t\t\t\t\t<\/figure><!-- \/ history-item -->\n\t\t\t\t\t<\/div>\n\n\t\t\t\t\n\t\t\t\t\t<div class=\"grid-item\">\n\t\t\t\t\t\t<figure class=\"history-item\">\n\t\t\t\t\t\t\t<div class=\"img-hold\">\n\t\t\t\t\t\t\t\t\t\t\t\t\t\t\t\t\t<img decoding=\"async\" src=\"https:\/\/carnia.es\/wp-content\/uploads\/2020\/02\/historia-4-1000x667.jpg\" alt=\"C\u00e0rnia Servicio a carnicer\u00edas, cadenas de distribuci\u00f3n y supermercados 2\">\n\t\t\t\t\t\t\t\t\t\t\t\t\t\t\t\t\t\t\t\t\t\t\t<\/div>\n\t\t\t\t\t\t\t\t\t\t\t\t\t\t\t<figcaption>\n\t\t\t\t\t\t\t\t\t<h3>2005<\/h3>\n<p>Amb l&#8217;adquisici\u00f3 d&#8217;unes noves instal<strong>\u00b7<\/strong>lacions a Montcada i Reixach, iniciem una nova activitat: la gesti\u00f3 de la categoria c\u00e0rnica d&#8217;empreses de la gran distribuci\u00f3.<\/p>\n\t\t\t\t\t\t\t\t<\/figcaption>\n\t\t\t\t\t\t\t\t\t\t\t\t\t<\/figure><!-- \/ history-item -->\n\t\t\t\t\t<\/div>\n\n\t\t\t\t\n\t\t\t\t\t<div class=\"grid-item\">\n\t\t\t\t\t\t<figure class=\"history-item\">\n\t\t\t\t\t\t\t<div class=\"img-hold\">\n\t\t\t\t\t\t\t\t\t\t\t\t\t\t\t\t\t<img decoding=\"async\" src=\"https:\/\/carnia.es\/wp-content\/uploads\/2019\/12\/pirinat-1000x667.jpg\" alt=\"\">\n\t\t\t\t\t\t\t\t\t\t\t\t\t\t\t\t\t\t\t\t\t\t\t<\/div>\n\t\t\t\t\t\t\t\t\t\t\t\t\t\t\t<figcaption>\n\t\t\t\t\t\t\t\t\t<h3>2013<\/h3>\n<p>En CGC apostem per la salut, la sostenibilitat i el medi ambient. Junt amb uns joves empresaris ramaders, de la comarca del Ripoll\u00e8s, iniciem un nou projecte: Pirinat, per a la producci\u00f3 de bestiar i carn ecol\u00f2gica.<\/p>\n\t\t\t\t\t\t\t\t<\/figcaption>\n\t\t\t\t\t\t\t\t\t\t\t\t\t<\/figure><!-- \/ history-item -->\n\t\t\t\t\t<\/div>\n\n\t\t\t\t\n\t\t\t\t\t<div class=\"grid-item\">\n\t\t\t\t\t\t<figure class=\"history-item\">\n\t\t\t\t\t\t\t<div class=\"img-hold\">\n\t\t\t\t\t\t\t\t\t\t\t\t\t\t\t\t\t<img decoding=\"async\" src=\"https:\/\/carnia.es\/wp-content\/uploads\/2019\/12\/catalana_pareja-1000x667.jpg\" alt=\"\">\n\t\t\t\t\t\t\t\t\t\t\t\t\t\t\t\t\t\t\t\t\t\t\t<\/div>\n\t\t\t\t\t\t\t\t\t\t\t\t\t\t\t<figcaption>\n\t\t\t\t\t\t\t\t\t<h3>2016<\/h3>\n<p>Integrem un nou soci a CGC: Carns Catalana Pallej\u00e1. Empresa c\u00e0rnica, situada a Mercabarna, fundada l&#8217;any 1.987, per un grup de ramaders catalans, amb la finalitat de criar els seus propis animals i poder aix\u00ed, subministrar directament als supermercats o carnisseries, sense intermediaris, tenint controlada tota la cadena de subministrament.<\/p>\n\t\t\t\t\t\t\t\t<\/figcaption>\n\t\t\t\t\t\t\t\t\t\t\t\t\t<\/figure><!-- \/ history-item -->\n\t\t\t\t\t<\/div>\n\n\t\t\t\t\n\t\t\t\t\t<div class=\"grid-item\">\n\t\t\t\t\t\t<figure class=\"history-item\">\n\t\t\t\t\t\t\t<div class=\"img-hold\">\n\t\t\t\t\t\t\t\t\t\t\t\t\t\t\t\t\t<img decoding=\"async\" src=\"https:\/\/carnia.es\/wp-content\/uploads\/2019\/09\/nuevas-instalaciones-1000x667.jpg\" alt=\"\">\n\t\t\t\t\t\t\t\t\t\t\t\t\t\t\t\t\t\t\t\t\t\t\t<\/div>\n\t\t\t\t\t\t\t\t\t\t\t\t\t\t\t<figcaption>\n\t\t\t\t\t\t\t\t\t<h3>2018<\/h3>\n<p>Adquisici\u00f3 mitjan\u00e7ant concurs public d&#8217;una parcel<strong>\u00b7<\/strong>la de 21.000m2 a MB per a la construcci\u00f3 d&#8217;unes noves instal<strong>\u00b7<\/strong>lacions. Amb la uni\u00f3 dels nostres centres de producci\u00f3 podem donar un servei de m\u00e0xima efici\u00e8ncia a tots els nostres clients: carnisseries, supermercats, col<strong>\u00b7<\/strong>lectivitats, bars, restaurants i grans distribu\u00efdors nacionals i internacionales.<\/p>\n\t\t\t\t\t\t\t\t<\/figcaption>\n\t\t\t\t\t\t\t\t\t\t\t\t\t<\/figure><!-- \/ history-item -->\n\t\t\t\t\t<\/div>\n\n\t\t\t\t\n\t\t\t<\/div>\n\t\t<\/div>\n\t<\/div><!-- \/ history -->\n\n","protected":false},"excerpt":{"rendered":"<p>Companyia General C\u00e0rnia, 100 anys d\u2019experi\u00e8ncia al sector c\u00e0rnic.<\/p>\n","protected":false},"author":2,"featured_media":0,"parent":0,"menu_order":0,"comment_status":"closed","ping_status":"closed","template":"","meta":{"_acf_changed":false,"footnotes":""},"class_list":["post-743","page","type-page","status-publish","hentry"],"acf":[],"yoast_head":"<!-- This site is optimized with the Yoast SEO plugin v27.3 - https:\/\/yoast.com\/product\/yoast-seo-wordpress\/ -->\n<title>Hist\u00f2ria - Companyia General C\u00e0rnia<\/title>\n<meta name=\"robots\" content=\"index, follow, max-snippet:-1, max-image-preview:large, max-video-preview:-1\" \/>\n<link rel=\"canonical\" href=\"https:\/\/carnia.es\/ca\/historia\/\" \/>\n<meta property=\"og:locale\" content=\"ca_ES\" \/>\n<meta property=\"og:type\" content=\"article\" \/>\n<meta property=\"og:title\" content=\"Hist\u00f2ria - Companyia General C\u00e0rnia\" \/>\n<meta property=\"og:description\" content=\"Companyia General C\u00e0rnia, 100 anys d\u2019experi\u00e8ncia al sector c\u00e0rnic.\" \/>\n<meta property=\"og:url\" content=\"https:\/\/carnia.es\/ca\/historia\/\" \/>\n<meta property=\"og:site_name\" content=\"Companyia General C\u00e0rnia\" \/>\n<meta property=\"article:modified_time\" content=\"2020-03-24T09:24:54+00:00\" \/>\n<meta name=\"twitter:card\" content=\"summary_large_image\" \/>\n<script type=\"application\/ld+json\" class=\"yoast-schema-graph\">{\"@context\":\"https:\\\/\\\/schema.org\",\"@graph\":[{\"@type\":\"WebPage\",\"@id\":\"https:\\\/\\\/carnia.es\\\/ca\\\/historia\\\/\",\"url\":\"https:\\\/\\\/carnia.es\\\/ca\\\/historia\\\/\",\"name\":\"Hist\u00f2ria - Companyia General C\u00e0rnia\",\"isPartOf\":{\"@id\":\"https:\\\/\\\/carnia.es\\\/en\\\/#website\"},\"datePublished\":\"2019-09-26T14:02:40+00:00\",\"dateModified\":\"2020-03-24T09:24:54+00:00\",\"breadcrumb\":{\"@id\":\"https:\\\/\\\/carnia.es\\\/ca\\\/historia\\\/#breadcrumb\"},\"inLanguage\":\"ca\",\"potentialAction\":[{\"@type\":\"ReadAction\",\"target\":[\"https:\\\/\\\/carnia.es\\\/ca\\\/historia\\\/\"]}]},{\"@type\":\"BreadcrumbList\",\"@id\":\"https:\\\/\\\/carnia.es\\\/ca\\\/historia\\\/#breadcrumb\",\"itemListElement\":[{\"@type\":\"ListItem\",\"position\":1,\"name\":\"Home\",\"item\":\"https:\\\/\\\/carnia.es\\\/ca\\\/\"},{\"@type\":\"ListItem\",\"position\":2,\"name\":\"Hist\u00f2ria\"}]},{\"@type\":\"WebSite\",\"@id\":\"https:\\\/\\\/carnia.es\\\/en\\\/#website\",\"url\":\"https:\\\/\\\/carnia.es\\\/en\\\/\",\"name\":\"Companyia General C\u00e0rnia\",\"description\":\"100 a\u00f1os de experiencia en el sector c\u00e1rnico\",\"publisher\":{\"@id\":\"https:\\\/\\\/carnia.es\\\/en\\\/#organization\"},\"potentialAction\":[{\"@type\":\"SearchAction\",\"target\":{\"@type\":\"EntryPoint\",\"urlTemplate\":\"https:\\\/\\\/carnia.es\\\/en\\\/?s={search_term_string}\"},\"query-input\":{\"@type\":\"PropertyValueSpecification\",\"valueRequired\":true,\"valueName\":\"search_term_string\"}}],\"inLanguage\":\"ca\"},{\"@type\":\"Organization\",\"@id\":\"https:\\\/\\\/carnia.es\\\/en\\\/#organization\",\"name\":\"Companyia General C\u00e0rnia\",\"url\":\"https:\\\/\\\/carnia.es\\\/en\\\/\",\"logo\":{\"@type\":\"ImageObject\",\"inLanguage\":\"ca\",\"@id\":\"https:\\\/\\\/carnia.es\\\/en\\\/#\\\/schema\\\/logo\\\/image\\\/\",\"url\":\"https:\\\/\\\/carnia.es\\\/wp-content\\\/uploads\\\/2019\\\/09\\\/logo-1.svg\",\"contentUrl\":\"https:\\\/\\\/carnia.es\\\/wp-content\\\/uploads\\\/2019\\\/09\\\/logo-1.svg\",\"width\":160,\"height\":45,\"caption\":\"Companyia General C\u00e0rnia\"},\"image\":{\"@id\":\"https:\\\/\\\/carnia.es\\\/en\\\/#\\\/schema\\\/logo\\\/image\\\/\"}}]}<\/script>\n<!-- \/ Yoast SEO plugin. -->","yoast_head_json":{"title":"Hist\u00f2ria - Companyia General C\u00e0rnia","robots":{"index":"index","follow":"follow","max-snippet":"max-snippet:-1","max-image-preview":"max-image-preview:large","max-video-preview":"max-video-preview:-1"},"canonical":"https:\/\/carnia.es\/ca\/historia\/","og_locale":"ca_ES","og_type":"article","og_title":"Hist\u00f2ria - Companyia General C\u00e0rnia","og_description":"Companyia General C\u00e0rnia, 100 anys d\u2019experi\u00e8ncia al sector c\u00e0rnic.","og_url":"https:\/\/carnia.es\/ca\/historia\/","og_site_name":"Companyia General C\u00e0rnia","article_modified_time":"2020-03-24T09:24:54+00:00","twitter_card":"summary_large_image","schema":{"@context":"https:\/\/schema.org","@graph":[{"@type":"WebPage","@id":"https:\/\/carnia.es\/ca\/historia\/","url":"https:\/\/carnia.es\/ca\/historia\/","name":"Hist\u00f2ria - Companyia General C\u00e0rnia","isPartOf":{"@id":"https:\/\/carnia.es\/en\/#website"},"datePublished":"2019-09-26T14:02:40+00:00","dateModified":"2020-03-24T09:24:54+00:00","breadcrumb":{"@id":"https:\/\/carnia.es\/ca\/historia\/#breadcrumb"},"inLanguage":"ca","potentialAction":[{"@type":"ReadAction","target":["https:\/\/carnia.es\/ca\/historia\/"]}]},{"@type":"BreadcrumbList","@id":"https:\/\/carnia.es\/ca\/historia\/#breadcrumb","itemListElement":[{"@type":"ListItem","position":1,"name":"Home","item":"https:\/\/carnia.es\/ca\/"},{"@type":"ListItem","position":2,"name":"Hist\u00f2ria"}]},{"@type":"WebSite","@id":"https:\/\/carnia.es\/en\/#website","url":"https:\/\/carnia.es\/en\/","name":"Companyia General C\u00e0rnia","description":"100 a\u00f1os de experiencia en el sector c\u00e1rnico","publisher":{"@id":"https:\/\/carnia.es\/en\/#organization"},"potentialAction":[{"@type":"SearchAction","target":{"@type":"EntryPoint","urlTemplate":"https:\/\/carnia.es\/en\/?s={search_term_string}"},"query-input":{"@type":"PropertyValueSpecification","valueRequired":true,"valueName":"search_term_string"}}],"inLanguage":"ca"},{"@type":"Organization","@id":"https:\/\/carnia.es\/en\/#organization","name":"Companyia General C\u00e0rnia","url":"https:\/\/carnia.es\/en\/","logo":{"@type":"ImageObject","inLanguage":"ca","@id":"https:\/\/carnia.es\/en\/#\/schema\/logo\/image\/","url":"https:\/\/carnia.es\/wp-content\/uploads\/2019\/09\/logo-1.svg","contentUrl":"https:\/\/carnia.es\/wp-content\/uploads\/2019\/09\/logo-1.svg","width":160,"height":45,"caption":"Companyia General C\u00e0rnia"},"image":{"@id":"https:\/\/carnia.es\/en\/#\/schema\/logo\/image\/"}}]}},"_links":{"self":[{"href":"https:\/\/carnia.es\/ca\/wp-json\/wp\/v2\/pages\/743","targetHints":{"allow":["GET"]}}],"collection":[{"href":"https:\/\/carnia.es\/ca\/wp-json\/wp\/v2\/pages"}],"about":[{"href":"https:\/\/carnia.es\/ca\/wp-json\/wp\/v2\/types\/page"}],"author":[{"embeddable":true,"href":"https:\/\/carnia.es\/ca\/wp-json\/wp\/v2\/users\/2"}],"replies":[{"embeddable":true,"href":"https:\/\/carnia.es\/ca\/wp-json\/wp\/v2\/comments?post=743"}],"version-history":[{"count":9,"href":"https:\/\/carnia.es\/ca\/wp-json\/wp\/v2\/pages\/743\/revisions"}],"predecessor-version":[{"id":5140,"href":"https:\/\/carnia.es\/ca\/wp-json\/wp\/v2\/pages\/743\/revisions\/5140"}],"wp:attachment":[{"href":"https:\/\/carnia.es\/ca\/wp-json\/wp\/v2\/media?parent=743"}],"curies":[{"name":"wp","href":"https:\/\/api.w.org\/{rel}","templated":true}]}}