{"id":722,"date":"2019-09-30T08:51:28","date_gmt":"2019-09-30T08:51:28","guid":{"rendered":"https:\/\/carnia.es\/new\/compromiso\/"},"modified":"2021-09-29T16:15:52","modified_gmt":"2021-09-29T16:15:52","slug":"compromis","status":"publish","type":"page","link":"https:\/\/carnia.es\/ca\/compromis\/","title":{"rendered":"Comprom\u00eds"},"content":{"rendered":"\n\t<div id=\"block_6152d58a23584\" class=\"section bg-gray service-info responsibility-section\">\n\t\t\t\t<div class=\"carousel-wrap\">\n\t\t\t<div class=\"img-carousel\">\n\t\t\t\t\t\t\t\t\t\t\t\t<div class=\"slide-item\">\n\t\t\t\t\t<figure class=\"img\">\n\t\t\t\t\t\t<img decoding=\"async\" src=\"https:\/\/carnia.es\/wp-content\/uploads\/2021\/09\/MG_5676-800x533.jpg\" alt=\"\">\n\t\t\t\t\t\t\t\t\t\t\t<\/figure>\n\t\t\t\t<\/div><!-- \/ slide-item -->\n\t\t\t\t\t\t\t\t\t\t\t\t\t\t\t\t<div class=\"slide-item\">\n\t\t\t\t\t<figure class=\"img\">\n\t\t\t\t\t\t<img decoding=\"async\" src=\"https:\/\/carnia.es\/wp-content\/uploads\/2021\/09\/camp-xais-optimitzat-800x534.jpg\" alt=\"\">\n\t\t\t\t\t\t\t\t\t\t\t<\/figure>\n\t\t\t\t<\/div><!-- \/ slide-item -->\n\t\t\t\t\t\t\t\t\t\t\t\t\t\t\t\t<div class=\"slide-item\">\n\t\t\t\t\t<figure class=\"img\">\n\t\t\t\t\t\t<img decoding=\"async\" src=\"https:\/\/carnia.es\/wp-content\/uploads\/2021\/09\/vaques-pirineus-800x533.jpg\" alt=\"\">\n\t\t\t\t\t\t\t\t\t\t\t<\/figure>\n\t\t\t\t<\/div><!-- \/ slide-item -->\n\t\t\t\t\t\t\t\t\t\t\t\t\t\t\t\t<div class=\"slide-item\">\n\t\t\t\t\t<figure class=\"img\">\n\t\t\t\t\t\t<img decoding=\"async\" src=\"https:\/\/carnia.es\/wp-content\/uploads\/2021\/09\/xai-optimitzat-800x600.jpg\" alt=\"\">\n\t\t\t\t\t\t\t\t\t\t\t<\/figure>\n\t\t\t\t<\/div><!-- \/ slide-item -->\n\t\t\t\t\t\t\t\t\t\t\t\t\t\t\t\t<div class=\"slide-item\">\n\t\t\t\t\t<figure class=\"img\">\n\t\t\t\t\t\t<img decoding=\"async\" src=\"https:\/\/carnia.es\/wp-content\/uploads\/2021\/09\/PDR-Logo-v2-9-e1629290075897-768x749-1.png\" alt=\"Pla de desenvolupament regional\">\n\t\t\t\t\t\t\t\t\t\t\t<\/figure>\n\t\t\t\t<\/div><!-- \/ slide-item -->\n\t\t\t\t\t\t\t\t\t\t\t<\/div><!-- \/ img-carousel -->\n\t\t<\/div><!-- \/ carousel-wrap -->\n\t\t\t\t\t\t<div class=\"container-fluid\">\n\t\t\t<div class=\"row\">\n\t\t\t\t<div class=\"col-lg-8\">\n\t\t\t\t\t<h1>Comprom\u00eds amb el territori<\/h1>\n<p>Companyia General C\u00e0rnia, com a part del seu comprom\u00eds amb el territori, som part\u00edcips del Pla de Desenvolupament Rural de Catalunya. Amb aquesta participaci\u00f3, juntament amb la col\u00b7laboraci\u00f3 constant amb ramaderies de vacum i ov\u00ed  de tot el territori, contribu\u00efm a enfortir el nostre entorn rural, fent-lo econ\u00f2micament sostenible a llarg termini.<\/p>\n\t\t\t\t<\/div><!-- \/ col -->\n\t\t\t<\/div><!-- \/ row -->\n\t\t<\/div><!-- \/ container-fluid -->\n\t\t\t<\/div><!-- \/ service-info -->\n\n\n\n\t<div id=\"block_5d91cb025c2a6\" class=\"section bg-gray service-info responsibility-section\">\n\t\t\t\t<div class=\"carousel-wrap\">\n\t\t\t<div class=\"img-carousel\">\n\t\t\t\t\t\t\t\t\t\t\t\t<div class=\"slide-item\">\n\t\t\t\t\t<figure class=\"img\">\n\t\t\t\t\t\t<img decoding=\"async\" src=\"https:\/\/carnia.es\/wp-content\/uploads\/2020\/02\/compromiso-1-800x533.jpg\" alt=\"C\u00e0rnia Colabora en diversos proyectos solidarios\">\n\t\t\t\t\t\t\t\t\t\t\t<\/figure>\n\t\t\t\t<\/div><!-- \/ slide-item -->\n\t\t\t\t\t\t\t\t\t\t\t\t\t\t\t\t<div class=\"slide-item\">\n\t\t\t\t\t<figure class=\"img\">\n\t\t\t\t\t\t<img decoding=\"async\" src=\"https:\/\/carnia.es\/wp-content\/uploads\/2020\/02\/compromiso-2-800x533.jpg\" alt=\"Companya General C\u00e0rnia mantiene su compromiso con entidades sociales\">\n\t\t\t\t\t\t\t\t\t\t\t<\/figure>\n\t\t\t\t<\/div><!-- \/ slide-item -->\n\t\t\t\t\t\t\t\t\t\t\t\t\t\t\t\t<div class=\"slide-item\">\n\t\t\t\t\t<figure class=\"img\">\n\t\t\t\t\t\t<img decoding=\"async\" src=\"https:\/\/carnia.es\/wp-content\/uploads\/2020\/02\/compromiso-3-800x533.jpg\" alt=\"La Responsabilidad Social es uno de los principales valores de C\u00e0rnia.\">\n\t\t\t\t\t\t\t\t\t\t\t<\/figure>\n\t\t\t\t<\/div><!-- \/ slide-item -->\n\t\t\t\t\t\t\t\t\t\t\t<\/div><!-- \/ img-carousel -->\n\t\t<\/div><!-- \/ carousel-wrap -->\n\t\t\t\t\t\t<div class=\"container-fluid\">\n\t\t\t<div class=\"row\">\n\t\t\t\t<div class=\"col-lg-8\">\n\t\t\t\t\t<p>La responsabilitat Social es un dels principals valors de C\u00e0rnia.<\/p>\n<p>Col<strong>\u00b7<\/strong>laborem amb projectes solidaris, recolzant causes contra la discriminaci\u00f3 de g\u00e8nere, la malnutrici\u00f3 infantil i la desigualtat de oportunitats en la inf\u00e0ncia i la adolesc\u00e8ncia.<\/p>\n<p>Per ajudar a les nostres treballadores a conciliar la vida laboral amb la personal, durant la primera etapa de maternitat, en CGC, subvencionem un servei de guarderia a prop del centre de treball, dins del recinte de Mercabarna.<\/p>\n\t\t\t\t<\/div><!-- \/ col -->\n\t\t\t<\/div><!-- \/ row -->\n\t\t<\/div><!-- \/ container-fluid -->\n\t\t\t<\/div><!-- \/ service-info -->\n\n\n\n\t<div id=\"block_5d91cf6fb88ff\"  class=\"section partner-section\">\n\t\t<div class=\"container-fluid\">\n\t\t\t<header class=\"service-head\">\n\t\t\t\t<h2>Col\u00b7laboracions<\/h2>\n\t\t\t<\/header>\n\t\t\t<div class=\"partners\">\n\t\t\t\t\t\t\t\t\t\t\t\t\t\t\t\t\t\t\t<a href=\"https:\/\/www.bancdelsaliments.org\/es\/\" class=\"partner-item\" target=\"_blank\">\n\t\t\t\t\t\t\t\t\t\t\t\t\t\t\t\t\t\t<figure>\n\t\t\t\t\t\t\t\t\t\t<img decoding=\"async\" src=\"https:\/\/carnia.es\/wp-content\/uploads\/2019\/09\/img-partner-13.png\" alt=\"\">\n\t\t\t\t\t\t\t\t\t<\/figure>\n\t\t\t\t\t\t\t\t\t\t\t\t\t\t\t\t\t\t\t\t\t\t\t\t\t\t\t<div class=\"descr\">\n\t\t\t\t\t\t\t\t\t<p>Organizaci\u00f3 amb la missi\u00f3 principal de lluitar contra el malbaratament i la fam, distribuint aliments entre les persones m\u00e9s necessitades.<\/p>\t\t\t\t\t\t\t\t\t<span class=\"url\">www.bancdelsaliments.org<\/span>\t\t\t\t\t\t\t\t\t<\/div>\n\t\t\t\t\t\t\t\t\t\t\t\t\t\t\t\t\t<\/a><!-- \/ partner-item -->\n\t\t\t\t\t\t\t\t\t\t\t\t\t\t\t\t\t\t\t\t\t\t\t\t\t\t<a href=\"http:\/\/www.paremanel.org\" class=\"partner-item\" target=\"_blank\">\n\t\t\t\t\t\t\t\t\t\t\t\t\t\t\t\t\t\t<figure>\n\t\t\t\t\t\t\t\t\t\t<img decoding=\"async\" src=\"https:\/\/carnia.es\/wp-content\/uploads\/2019\/09\/img-partner-12.png\" alt=\"\">\n\t\t\t\t\t\t\t\t\t<\/figure>\n\t\t\t\t\t\t\t\t\t\t\t\t\t\t\t\t\t\t\t\t\t\t\t\t\t\t\t<div class=\"descr\">\n\t\t\t\t\t\t\t\t\t<p>Instituci\u00f3 sense \u00e0nim de lucre que desenvolupa i lidera projectes d\u2019acci\u00f3 social en els barris de Verd\u00fan i Roquetas de Barcelona, ajudant a les persones i fam\u00edlies de major vulnerabilitat.<\/p>\t\t\t\t\t\t\t\t\t<span class=\"url\">www.paremanel.org<\/span>\t\t\t\t\t\t\t\t\t<\/div>\n\t\t\t\t\t\t\t\t\t\t\t\t\t\t\t\t\t<\/a><!-- \/ partner-item -->\n\t\t\t\t\t\t\t\t\t\t\t\t\t\t\t\t\t\t\t\t\t\t\t\t\t\t<a href=\"http:\/\/www.peretarres.org\" class=\"partner-item\" target=\"_blank\">\n\t\t\t\t\t\t\t\t\t\t\t\t\t\t\t\t\t\t<figure>\n\t\t\t\t\t\t\t\t\t\t<img decoding=\"async\" src=\"https:\/\/carnia.es\/wp-content\/uploads\/2019\/09\/img-partner-11.png\" alt=\"\">\n\t\t\t\t\t\t\t\t\t<\/figure>\n\t\t\t\t\t\t\t\t\t\t\t\t\t\t\t\t\t\t\t\t\t\t\t\t\t\t\t<div class=\"descr\">\n\t\t\t\t\t\t\t\t\t<p>Entitat sense \u00e0nim de lucre, dedicada a la acci\u00f3 social i a la educaci\u00f3 en el lleure, a la inf\u00e0ncia i la adolesc\u00e8ncia, posant una especial atenci\u00f3 a la no exclusi\u00f3 i a la igualtat d\u2019oportunitats en els col\u00b7lectius de mes risc.<\/p>\t\t\t\t\t\t\t\t\t<span class=\"url\">www.peretarres.org<\/span>\t\t\t\t\t\t\t\t\t<\/div>\n\t\t\t\t\t\t\t\t\t\t\t\t\t\t\t\t\t<\/a><!-- \/ partner-item -->\n\t\t\t\t\t\t\t\t\t\t\t\t\t\t\t\t\t\t\t\t\t\t\t\t\t\t<a href=\"http:\/\/www.simphonie.com\/es\/homepage\/\" class=\"partner-item\" target=\"_blank\">\n\t\t\t\t\t\t\t\t\t\t\t\t\t\t\t\t\t\t<figure>\n\t\t\t\t\t\t\t\t\t\t<img decoding=\"async\" src=\"https:\/\/carnia.es\/wp-content\/uploads\/2020\/01\/simphonie-2.png\" alt=\"C\u00e0rnia + simphonie\">\n\t\t\t\t\t\t\t\t\t<\/figure>\n\t\t\t\t\t\t\t\t\t\t\t\t\t\t\t\t\t\t\t\t\t\t\t\t\t\t\t<div class=\"descr\">\n\t\t\t\t\t\t\t\t\t<p>Les escoles infantils Simphonie ofereixen una educaci\u00f3 de qualitat per a fills de 4 mesos a 3 anys pensades per conciliar la tasca de ser pares amb la vida laboral.<\/p>\t\t\t\t\t\t\t\t\t<span class=\"url\">www.simphonie.com<\/span>\t\t\t\t\t\t\t\t\t<\/div>\n\t\t\t\t\t\t\t\t\t\t\t\t\t\t\t\t\t<\/a><!-- \/ partner-item -->\n\t\t\t\t\t\t\t\t\t\t\t\t\t\t\t\t\t\t\t\t\t\t\t\t\t\t<a href=\"http:\/\/www.iwecfoundation.org\" class=\"partner-item\" target=\"_blank\">\n\t\t\t\t\t\t\t\t\t\t\t\t\t\t\t\t\t\t<figure>\n\t\t\t\t\t\t\t\t\t\t<img decoding=\"async\" src=\"https:\/\/carnia.es\/wp-content\/uploads\/2019\/09\/img-partner-09.png\" alt=\"\">\n\t\t\t\t\t\t\t\t\t<\/figure>\n\t\t\t\t\t\t\t\t\t\t\t\t\t\t\t\t\t\t\t\t\t\t\t\t\t\t\t<div class=\"descr\">\n\t\t\t\t\t\t\t\t\t<p>Organitzaci\u00f3 mundial, integrada per m\u00e9s de 20 cambres de comer\u00e7 de tot el m\u00f3n, amb la missi\u00f3 de connectar i encoratjar a dones empres\u00e0ries ajudant les a desenvolupar els seus negocis i a promocionals a nivell internacional.<\/p>\t\t\t\t\t\t\t\t\t<span class=\"url\">www.iwecfoundation.org<\/span>\t\t\t\t\t\t\t\t\t<\/div>\n\t\t\t\t\t\t\t\t\t\t\t\t\t\t\t\t\t<\/a><!-- \/ partner-item -->\n\t\t\t\t\t\t\t\t\t\t\t\t\t\t\t\t\t\t\t\t\t\t\t\t\t\t<a href=\"http:\/\/www.grupset.org\" class=\"partner-item\" target=\"_blank\">\n\t\t\t\t\t\t\t\t\t\t\t\t\t\t\t\t\t\t<figure>\n\t\t\t\t\t\t\t\t\t\t<img decoding=\"async\" src=\"https:\/\/carnia.es\/wp-content\/uploads\/2019\/09\/img-partner-10.png\" alt=\"\">\n\t\t\t\t\t\t\t\t\t<\/figure>\n\t\t\t\t\t\t\t\t\t\t\t\t\t\t\t\t\t\t\t\t\t\t\t\t\t\t\t<div class=\"descr\">\n\t\t\t\t\t\t\t\t\t<p>Associaci\u00f3 de dones empres\u00e0ries i professionals amb l&#8217;objectiu de donar veu a las opinions i inquietuds de la Societat civil, aix\u00ed com, donar visibilitat a les dones en el m\u00f3n dels negocis, participant molt activament a la lluita per la equitat i la no discriminaci\u00f3 de g\u00e8nere en el lloc de treball.<\/p>\t\t\t\t\t\t\t\t\t<span class=\"url\">www.grupset.org<\/span>\t\t\t\t\t\t\t\t\t<\/div>\n\t\t\t\t\t\t\t\t\t\t\t\t\t\t\t\t\t<\/a><!-- \/ partner-item -->\n\t\t\t\t\t\t\t\t\t\t\t\t\t\t<\/div><!-- \/ partners -->\n\t\t<\/div><!-- \/ container-fluid -->\n\t<\/div><!-- \/ partner-section -->\n","protected":false},"excerpt":{"rendered":"","protected":false},"author":2,"featured_media":0,"parent":0,"menu_order":0,"comment_status":"closed","ping_status":"closed","template":"","meta":{"_acf_changed":false,"footnotes":""},"class_list":["post-722","page","type-page","status-publish","hentry"],"acf":[],"yoast_head":"<!-- This site is optimized with the Yoast SEO plugin v27.3 - https:\/\/yoast.com\/product\/yoast-seo-wordpress\/ -->\n<title>Comprom\u00eds - Companyia General C\u00e0rnia<\/title>\n<meta name=\"robots\" content=\"index, follow, max-snippet:-1, max-image-preview:large, max-video-preview:-1\" \/>\n<link rel=\"canonical\" href=\"https:\/\/carnia.es\/ca\/compromis\/\" \/>\n<meta property=\"og:locale\" content=\"ca_ES\" \/>\n<meta property=\"og:type\" content=\"article\" \/>\n<meta property=\"og:title\" content=\"Comprom\u00eds - Companyia General C\u00e0rnia\" \/>\n<meta property=\"og:url\" content=\"https:\/\/carnia.es\/ca\/compromis\/\" \/>\n<meta property=\"og:site_name\" content=\"Companyia General C\u00e0rnia\" \/>\n<meta property=\"article:modified_time\" content=\"2021-09-29T16:15:52+00:00\" \/>\n<meta name=\"twitter:card\" content=\"summary_large_image\" \/>\n<script type=\"application\/ld+json\" class=\"yoast-schema-graph\">{\"@context\":\"https:\\\/\\\/schema.org\",\"@graph\":[{\"@type\":\"WebPage\",\"@id\":\"https:\\\/\\\/carnia.es\\\/ca\\\/compromis\\\/\",\"url\":\"https:\\\/\\\/carnia.es\\\/ca\\\/compromis\\\/\",\"name\":\"Comprom\u00eds - Companyia General C\u00e0rnia\",\"isPartOf\":{\"@id\":\"https:\\\/\\\/carnia.es\\\/en\\\/#website\"},\"datePublished\":\"2019-09-30T08:51:28+00:00\",\"dateModified\":\"2021-09-29T16:15:52+00:00\",\"breadcrumb\":{\"@id\":\"https:\\\/\\\/carnia.es\\\/ca\\\/compromis\\\/#breadcrumb\"},\"inLanguage\":\"ca\",\"potentialAction\":[{\"@type\":\"ReadAction\",\"target\":[\"https:\\\/\\\/carnia.es\\\/ca\\\/compromis\\\/\"]}]},{\"@type\":\"BreadcrumbList\",\"@id\":\"https:\\\/\\\/carnia.es\\\/ca\\\/compromis\\\/#breadcrumb\",\"itemListElement\":[{\"@type\":\"ListItem\",\"position\":1,\"name\":\"Home\",\"item\":\"https:\\\/\\\/carnia.es\\\/ca\\\/\"},{\"@type\":\"ListItem\",\"position\":2,\"name\":\"Comprom\u00eds\"}]},{\"@type\":\"WebSite\",\"@id\":\"https:\\\/\\\/carnia.es\\\/en\\\/#website\",\"url\":\"https:\\\/\\\/carnia.es\\\/en\\\/\",\"name\":\"Companyia General C\u00e0rnia\",\"description\":\"100 a\u00f1os de experiencia en el sector c\u00e1rnico\",\"publisher\":{\"@id\":\"https:\\\/\\\/carnia.es\\\/en\\\/#organization\"},\"potentialAction\":[{\"@type\":\"SearchAction\",\"target\":{\"@type\":\"EntryPoint\",\"urlTemplate\":\"https:\\\/\\\/carnia.es\\\/en\\\/?s={search_term_string}\"},\"query-input\":{\"@type\":\"PropertyValueSpecification\",\"valueRequired\":true,\"valueName\":\"search_term_string\"}}],\"inLanguage\":\"ca\"},{\"@type\":\"Organization\",\"@id\":\"https:\\\/\\\/carnia.es\\\/en\\\/#organization\",\"name\":\"Companyia General C\u00e0rnia\",\"url\":\"https:\\\/\\\/carnia.es\\\/en\\\/\",\"logo\":{\"@type\":\"ImageObject\",\"inLanguage\":\"ca\",\"@id\":\"https:\\\/\\\/carnia.es\\\/en\\\/#\\\/schema\\\/logo\\\/image\\\/\",\"url\":\"https:\\\/\\\/carnia.es\\\/wp-content\\\/uploads\\\/2019\\\/09\\\/logo-1.svg\",\"contentUrl\":\"https:\\\/\\\/carnia.es\\\/wp-content\\\/uploads\\\/2019\\\/09\\\/logo-1.svg\",\"width\":160,\"height\":45,\"caption\":\"Companyia General C\u00e0rnia\"},\"image\":{\"@id\":\"https:\\\/\\\/carnia.es\\\/en\\\/#\\\/schema\\\/logo\\\/image\\\/\"}}]}<\/script>\n<!-- \/ Yoast SEO plugin. -->","yoast_head_json":{"title":"Comprom\u00eds - Companyia General C\u00e0rnia","robots":{"index":"index","follow":"follow","max-snippet":"max-snippet:-1","max-image-preview":"max-image-preview:large","max-video-preview":"max-video-preview:-1"},"canonical":"https:\/\/carnia.es\/ca\/compromis\/","og_locale":"ca_ES","og_type":"article","og_title":"Comprom\u00eds - Companyia General C\u00e0rnia","og_url":"https:\/\/carnia.es\/ca\/compromis\/","og_site_name":"Companyia General C\u00e0rnia","article_modified_time":"2021-09-29T16:15:52+00:00","twitter_card":"summary_large_image","schema":{"@context":"https:\/\/schema.org","@graph":[{"@type":"WebPage","@id":"https:\/\/carnia.es\/ca\/compromis\/","url":"https:\/\/carnia.es\/ca\/compromis\/","name":"Comprom\u00eds - Companyia General C\u00e0rnia","isPartOf":{"@id":"https:\/\/carnia.es\/en\/#website"},"datePublished":"2019-09-30T08:51:28+00:00","dateModified":"2021-09-29T16:15:52+00:00","breadcrumb":{"@id":"https:\/\/carnia.es\/ca\/compromis\/#breadcrumb"},"inLanguage":"ca","potentialAction":[{"@type":"ReadAction","target":["https:\/\/carnia.es\/ca\/compromis\/"]}]},{"@type":"BreadcrumbList","@id":"https:\/\/carnia.es\/ca\/compromis\/#breadcrumb","itemListElement":[{"@type":"ListItem","position":1,"name":"Home","item":"https:\/\/carnia.es\/ca\/"},{"@type":"ListItem","position":2,"name":"Comprom\u00eds"}]},{"@type":"WebSite","@id":"https:\/\/carnia.es\/en\/#website","url":"https:\/\/carnia.es\/en\/","name":"Companyia General C\u00e0rnia","description":"100 a\u00f1os de experiencia en el sector c\u00e1rnico","publisher":{"@id":"https:\/\/carnia.es\/en\/#organization"},"potentialAction":[{"@type":"SearchAction","target":{"@type":"EntryPoint","urlTemplate":"https:\/\/carnia.es\/en\/?s={search_term_string}"},"query-input":{"@type":"PropertyValueSpecification","valueRequired":true,"valueName":"search_term_string"}}],"inLanguage":"ca"},{"@type":"Organization","@id":"https:\/\/carnia.es\/en\/#organization","name":"Companyia General C\u00e0rnia","url":"https:\/\/carnia.es\/en\/","logo":{"@type":"ImageObject","inLanguage":"ca","@id":"https:\/\/carnia.es\/en\/#\/schema\/logo\/image\/","url":"https:\/\/carnia.es\/wp-content\/uploads\/2019\/09\/logo-1.svg","contentUrl":"https:\/\/carnia.es\/wp-content\/uploads\/2019\/09\/logo-1.svg","width":160,"height":45,"caption":"Companyia General C\u00e0rnia"},"image":{"@id":"https:\/\/carnia.es\/en\/#\/schema\/logo\/image\/"}}]}},"_links":{"self":[{"href":"https:\/\/carnia.es\/ca\/wp-json\/wp\/v2\/pages\/722","targetHints":{"allow":["GET"]}}],"collection":[{"href":"https:\/\/carnia.es\/ca\/wp-json\/wp\/v2\/pages"}],"about":[{"href":"https:\/\/carnia.es\/ca\/wp-json\/wp\/v2\/types\/page"}],"author":[{"embeddable":true,"href":"https:\/\/carnia.es\/ca\/wp-json\/wp\/v2\/users\/2"}],"replies":[{"embeddable":true,"href":"https:\/\/carnia.es\/ca\/wp-json\/wp\/v2\/comments?post=722"}],"version-history":[{"count":18,"href":"https:\/\/carnia.es\/ca\/wp-json\/wp\/v2\/pages\/722\/revisions"}],"predecessor-version":[{"id":9861,"href":"https:\/\/carnia.es\/ca\/wp-json\/wp\/v2\/pages\/722\/revisions\/9861"}],"wp:attachment":[{"href":"https:\/\/carnia.es\/ca\/wp-json\/wp\/v2\/media?parent=722"}],"curies":[{"name":"wp","href":"https:\/\/api.w.org\/{rel}","templated":true}]}}