{"id":5130,"date":"2020-03-23T16:03:49","date_gmt":"2020-03-23T16:03:49","guid":{"rendered":"https:\/\/carnia.es\/politica-de-cookies\/"},"modified":"2020-03-23T16:10:43","modified_gmt":"2020-03-23T16:10:43","slug":"politica-de-cookies","status":"publish","type":"page","link":"https:\/\/carnia.es\/ca\/politica-de-cookies\/","title":{"rendered":"Pol\u00edtica de cookies"},"content":{"rendered":"<div class=\"text-wrapper\"><div class=\"container-fluid\">\n<p><strong>Pol\u00edtica de Cookies de COMPANYIA GENERAL C\u00c0RNIA, S.A.<\/strong><\/p>\n<\/div><\/div>\n\n<div class=\"text-wrapper\"><div class=\"container-fluid\">\n<p><strong>I.- INTRODUCCI\u00d3<\/strong><\/p>\n<\/div><\/div>\n\n<div class=\"text-wrapper\"><div class=\"container-fluid\">\n<p>Aquesta web utilitza cookies pr\u00f2pies i de tercers per millorar l\u2019experi\u00e8ncia de l\u2019usuari i oferir continguts adaptats als seus interessos, mitjan\u00e7ant la personalitzaci\u00f3 d\u2019espais publicitaris.<\/p>\n<\/div><\/div>\n\n<div class=\"text-wrapper\"><div class=\"container-fluid\">\n<p>Amb el registre en la WEB i\/o la simple navegaci\u00f3 (amb el navegador habilitat per acceptar cookies), l\u2019usuari accepta la instal\u00b7laci\u00f3 de Cookies, llevat que s\u2019oposi, segons el que es detalla en aquesta pol\u00edtica de Cookies.<\/p>\n<\/div><\/div>\n\n<div class=\"text-wrapper\"><div class=\"container-fluid\">\n<p>La nostra pol\u00edtica de Cookies est\u00e0 subjecta a actualitzacions peri\u00f2diques. El seu prop\u00f2sit \u00e9s ajudar a comprendre l\u2019\u00fas que fem de les cookies, la finalitat de les cookies utilitzades, aix\u00ed com les opcions que t\u00e9 el usuari per gestionar-les.<br>Els usuaris poden accedir a aquesta informaci\u00f3 en tot moment a trav\u00e9s del link habilitat en la web. Aix\u00ed mateix, podr\u00e0 modificar les seves prefer\u00e8ncies sobre l\u2019acceptaci\u00f3 de cookies a trav\u00e9s de les opcions del seu navegador.<\/p>\n<\/div><\/div>\n\n<div class=\"text-wrapper\"><div class=\"container-fluid\">\n<p><strong>II.- QU\u00c8 \u00c9S UNA COOKIE?<\/strong><\/p>\n<\/div><\/div>\n\n<div class=\"text-wrapper\"><div class=\"container-fluid\">\n<p>Una cookie \u00e9s un petit arxiu de text que un lloc web emmagatzema en el navegador de l\u2019usuari. Les cookies faciliten el \u00fas i la navegaci\u00f3 per la p\u00e0gina web i s\u00f3n essencials pel funcionament d\u2019Internet, aportant innombrables avantatges en la prestaci\u00f3 de serveis interactius.<\/p>\n<\/div><\/div>\n\n<div class=\"text-wrapper\"><div class=\"container-fluid\">\n<p><strong>III.- COOKIES UTILITZADES<\/strong><\/p>\n<\/div><\/div>\n\n<div class=\"text-wrapper\"><div class=\"container-fluid\">\n<p>La nostra p\u00e0gina web no t\u00e9 mem\u00f2ria per retenir informaci\u00f3 sobre els usuaris, en aquest sentit, en finalitzar la navegaci\u00f3 (tancant el navegador o accedint a una altra p\u00e0gina web) en cas de tornar a la p\u00e0gina de Companyia General C\u00e0rnia l\u2019usuari no ser\u00e0 reconegut com a mateix usuari. Les cookies, per\u00f2 tamb\u00e9 asseguren que en tornar a visitar la web, aquesta reconeixi l\u2019usuari aplicant les prefer\u00e8ncies determinades en la primera navegaci\u00f3 en la web.<\/p>\n<\/div><\/div>\n\n<div class=\"text-wrapper\"><div class=\"container-fluid\">\n<p>Existeixen diferents tipus de cookies i s\u2019utilitzen per diferents prop\u00f2sits. Les cookies es poden diferenciar per funci\u00f3, duraci\u00f3 i segons qui les emmagatzema en una p\u00e0gina web.<\/p>\n<\/div><\/div>\n\n<div class=\"text-wrapper\"><div class=\"container-fluid\">\n<p>La nostre p\u00e0gina web utilitza els seg\u00fcents tipus de cookies:<\/p>\n<\/div><\/div>\n\n<div class=\"text-wrapper\"><div class=\"container-fluid\">\n<p>\u00b7 <strong>Cookies t\u00e8cniques<\/strong>: la utilitzaci\u00f3 de cookies t\u00e8cniques \u00e9s absolutament necess\u00e0ria per mostrar la p\u00e0gina web i fer que funcioni correctament.<\/p>\n<\/div><\/div>\n\n<div class=\"text-wrapper\"><div class=\"container-fluid\">\n<p>\u00b7 <strong>Cookies funcionals<\/strong>: tamb\u00e9 s\u2019utilitzen cookies funcionals per recordar les prefer\u00e8ncies de l\u2019usuari i aix\u00ed ajudar-lo a navegar per la nostra p\u00e0gina de forma eficient i efectiva. Per exemple, es recorda l\u2019idioma, les cerques. Aquestes cookies funcionals no s\u00f3n estrictament necess\u00e0ries pel funcionament de la p\u00e0gina web, per\u00f2 li afegeixen funcionalitat i milloren l\u2019experi\u00e8ncia com a usuari.<\/p>\n<\/div><\/div>\n\n<div class=\"text-wrapper\"><div class=\"container-fluid\">\n<p>\u00b7 <strong>Cookies anal\u00edtiques<\/strong>: s\u2019utilitzen cookies anal\u00edtiques per entendre l\u2019\u00fas que fa l\u2019usuari de la p\u00e0gina, detectar si funciona o no, optimitzar i millorar la p\u00e0gina web i assegurar-se que els usuaris segueixen considerant la nostra p\u00e0gina web interessant i rellevant. La dades recollides inclouen les p\u00e0gines web que visitades, p\u00e0gines de refer\u00e8ncia\/sortida en les que s\u2019 ha entrat i sortit, tipus de plataforma que utilitzades, informaci\u00f3 de data\/hora i dades com el n\u00famero de clics en una p\u00e0gina determinada, moviments del ratol\u00ed i despla\u00e7aments, paraules de cerca i text que escrit per l\u2019usuari en la nostra p\u00e0gina web.<\/p>\n<\/div><\/div>\n\n<div class=\"text-wrapper\"><div class=\"container-fluid\">\n<p>Les cookies que utilitzades tenen una vida \u00fatil variable. La vida \u00fatil m\u00e0xima que establim per algunes \u00e9s de 5 anys des de l\u2019\u00faltima visita a la nostra p\u00e0gina web. L\u2019usuari pot esborrar totes les cookies del seu navegador en qualsevol moment. Li recomanem que consulti l\u2019ajuda del seu navegador per informar-se de les diferents opcions sobre com gestionar les cookies.<\/p>\n<\/div><\/div>","protected":false},"excerpt":{"rendered":"<p>Pol\u00edtica de Cookies de COMPANYIA GENERAL C\u00c0RNIA, S.A. I.- INTRODUCCI\u00d3 Aquesta web utilitza cookies pr\u00f2pies i de tercers per millorar l\u2019experi\u00e8ncia de l\u2019usuari i oferir continguts adaptats als seus interessos, mitjan\u00e7ant la personalitzaci\u00f3 d\u2019espais publicitaris. Amb el registre en la WEB i\/o la simple navegaci\u00f3 (amb el navegador habilitat per acceptar cookies), l\u2019usuari accepta la<\/p>\n","protected":false},"author":2,"featured_media":0,"parent":0,"menu_order":0,"comment_status":"closed","ping_status":"closed","template":"","meta":{"_acf_changed":false,"footnotes":""},"class_list":["post-5130","page","type-page","status-publish","hentry"],"acf":[],"yoast_head":"<!-- This site is optimized with the Yoast SEO plugin v27.3 - https:\/\/yoast.com\/product\/yoast-seo-wordpress\/ -->\n<title>Pol\u00edtica de cookies - Companyia General C\u00e0rnia<\/title>\n<meta name=\"robots\" content=\"index, follow, max-snippet:-1, max-image-preview:large, max-video-preview:-1\" \/>\n<link rel=\"canonical\" href=\"https:\/\/carnia.es\/ca\/politica-de-cookies\/\" \/>\n<meta property=\"og:locale\" content=\"ca_ES\" \/>\n<meta property=\"og:type\" content=\"article\" \/>\n<meta property=\"og:title\" content=\"Pol\u00edtica de cookies - Companyia General C\u00e0rnia\" \/>\n<meta property=\"og:description\" content=\"Pol\u00edtica de Cookies de COMPANYIA GENERAL C\u00c0RNIA, S.A. I.- INTRODUCCI\u00d3 Aquesta web utilitza cookies pr\u00f2pies i de tercers per millorar l\u2019experi\u00e8ncia de l\u2019usuari i oferir continguts adaptats als seus interessos, mitjan\u00e7ant la personalitzaci\u00f3 d\u2019espais publicitaris. Amb el registre en la WEB i\/o la simple navegaci\u00f3 (amb el navegador habilitat per acceptar cookies), l\u2019usuari accepta la\" \/>\n<meta property=\"og:url\" content=\"https:\/\/carnia.es\/ca\/politica-de-cookies\/\" \/>\n<meta property=\"og:site_name\" content=\"Companyia General C\u00e0rnia\" \/>\n<meta property=\"article:modified_time\" content=\"2020-03-23T16:10:43+00:00\" \/>\n<meta name=\"twitter:card\" content=\"summary_large_image\" \/>\n<meta name=\"twitter:label1\" content=\"Temps estimat de lectura\" \/>\n\t<meta name=\"twitter:data1\" content=\"3 minuts\" \/>\n<script type=\"application\/ld+json\" class=\"yoast-schema-graph\">{\"@context\":\"https:\\\/\\\/schema.org\",\"@graph\":[{\"@type\":\"WebPage\",\"@id\":\"https:\\\/\\\/carnia.es\\\/ca\\\/politica-de-cookies\\\/\",\"url\":\"https:\\\/\\\/carnia.es\\\/ca\\\/politica-de-cookies\\\/\",\"name\":\"Pol\u00edtica de cookies - Companyia General C\u00e0rnia\",\"isPartOf\":{\"@id\":\"https:\\\/\\\/carnia.es\\\/en\\\/#website\"},\"datePublished\":\"2020-03-23T16:03:49+00:00\",\"dateModified\":\"2020-03-23T16:10:43+00:00\",\"breadcrumb\":{\"@id\":\"https:\\\/\\\/carnia.es\\\/ca\\\/politica-de-cookies\\\/#breadcrumb\"},\"inLanguage\":\"ca\",\"potentialAction\":[{\"@type\":\"ReadAction\",\"target\":[\"https:\\\/\\\/carnia.es\\\/ca\\\/politica-de-cookies\\\/\"]}]},{\"@type\":\"BreadcrumbList\",\"@id\":\"https:\\\/\\\/carnia.es\\\/ca\\\/politica-de-cookies\\\/#breadcrumb\",\"itemListElement\":[{\"@type\":\"ListItem\",\"position\":1,\"name\":\"Home\",\"item\":\"https:\\\/\\\/carnia.es\\\/ca\\\/\"},{\"@type\":\"ListItem\",\"position\":2,\"name\":\"Pol\u00edtica de cookies\"}]},{\"@type\":\"WebSite\",\"@id\":\"https:\\\/\\\/carnia.es\\\/en\\\/#website\",\"url\":\"https:\\\/\\\/carnia.es\\\/en\\\/\",\"name\":\"Companyia General C\u00e0rnia\",\"description\":\"100 a\u00f1os de experiencia en el sector c\u00e1rnico\",\"publisher\":{\"@id\":\"https:\\\/\\\/carnia.es\\\/en\\\/#organization\"},\"potentialAction\":[{\"@type\":\"SearchAction\",\"target\":{\"@type\":\"EntryPoint\",\"urlTemplate\":\"https:\\\/\\\/carnia.es\\\/en\\\/?s={search_term_string}\"},\"query-input\":{\"@type\":\"PropertyValueSpecification\",\"valueRequired\":true,\"valueName\":\"search_term_string\"}}],\"inLanguage\":\"ca\"},{\"@type\":\"Organization\",\"@id\":\"https:\\\/\\\/carnia.es\\\/en\\\/#organization\",\"name\":\"Companyia General C\u00e0rnia\",\"url\":\"https:\\\/\\\/carnia.es\\\/en\\\/\",\"logo\":{\"@type\":\"ImageObject\",\"inLanguage\":\"ca\",\"@id\":\"https:\\\/\\\/carnia.es\\\/en\\\/#\\\/schema\\\/logo\\\/image\\\/\",\"url\":\"https:\\\/\\\/carnia.es\\\/wp-content\\\/uploads\\\/2019\\\/09\\\/logo-1.svg\",\"contentUrl\":\"https:\\\/\\\/carnia.es\\\/wp-content\\\/uploads\\\/2019\\\/09\\\/logo-1.svg\",\"width\":160,\"height\":45,\"caption\":\"Companyia General C\u00e0rnia\"},\"image\":{\"@id\":\"https:\\\/\\\/carnia.es\\\/en\\\/#\\\/schema\\\/logo\\\/image\\\/\"}}]}<\/script>\n<!-- \/ Yoast SEO plugin. -->","yoast_head_json":{"title":"Pol\u00edtica de cookies - Companyia General C\u00e0rnia","robots":{"index":"index","follow":"follow","max-snippet":"max-snippet:-1","max-image-preview":"max-image-preview:large","max-video-preview":"max-video-preview:-1"},"canonical":"https:\/\/carnia.es\/ca\/politica-de-cookies\/","og_locale":"ca_ES","og_type":"article","og_title":"Pol\u00edtica de cookies - Companyia General C\u00e0rnia","og_description":"Pol\u00edtica de Cookies de COMPANYIA GENERAL C\u00c0RNIA, S.A. I.- INTRODUCCI\u00d3 Aquesta web utilitza cookies pr\u00f2pies i de tercers per millorar l\u2019experi\u00e8ncia de l\u2019usuari i oferir continguts adaptats als seus interessos, mitjan\u00e7ant la personalitzaci\u00f3 d\u2019espais publicitaris. Amb el registre en la WEB i\/o la simple navegaci\u00f3 (amb el navegador habilitat per acceptar cookies), l\u2019usuari accepta la","og_url":"https:\/\/carnia.es\/ca\/politica-de-cookies\/","og_site_name":"Companyia General C\u00e0rnia","article_modified_time":"2020-03-23T16:10:43+00:00","twitter_card":"summary_large_image","twitter_misc":{"Temps estimat de lectura":"3 minuts"},"schema":{"@context":"https:\/\/schema.org","@graph":[{"@type":"WebPage","@id":"https:\/\/carnia.es\/ca\/politica-de-cookies\/","url":"https:\/\/carnia.es\/ca\/politica-de-cookies\/","name":"Pol\u00edtica de cookies - Companyia General C\u00e0rnia","isPartOf":{"@id":"https:\/\/carnia.es\/en\/#website"},"datePublished":"2020-03-23T16:03:49+00:00","dateModified":"2020-03-23T16:10:43+00:00","breadcrumb":{"@id":"https:\/\/carnia.es\/ca\/politica-de-cookies\/#breadcrumb"},"inLanguage":"ca","potentialAction":[{"@type":"ReadAction","target":["https:\/\/carnia.es\/ca\/politica-de-cookies\/"]}]},{"@type":"BreadcrumbList","@id":"https:\/\/carnia.es\/ca\/politica-de-cookies\/#breadcrumb","itemListElement":[{"@type":"ListItem","position":1,"name":"Home","item":"https:\/\/carnia.es\/ca\/"},{"@type":"ListItem","position":2,"name":"Pol\u00edtica de cookies"}]},{"@type":"WebSite","@id":"https:\/\/carnia.es\/en\/#website","url":"https:\/\/carnia.es\/en\/","name":"Companyia General C\u00e0rnia","description":"100 a\u00f1os de experiencia en el sector c\u00e1rnico","publisher":{"@id":"https:\/\/carnia.es\/en\/#organization"},"potentialAction":[{"@type":"SearchAction","target":{"@type":"EntryPoint","urlTemplate":"https:\/\/carnia.es\/en\/?s={search_term_string}"},"query-input":{"@type":"PropertyValueSpecification","valueRequired":true,"valueName":"search_term_string"}}],"inLanguage":"ca"},{"@type":"Organization","@id":"https:\/\/carnia.es\/en\/#organization","name":"Companyia General C\u00e0rnia","url":"https:\/\/carnia.es\/en\/","logo":{"@type":"ImageObject","inLanguage":"ca","@id":"https:\/\/carnia.es\/en\/#\/schema\/logo\/image\/","url":"https:\/\/carnia.es\/wp-content\/uploads\/2019\/09\/logo-1.svg","contentUrl":"https:\/\/carnia.es\/wp-content\/uploads\/2019\/09\/logo-1.svg","width":160,"height":45,"caption":"Companyia General C\u00e0rnia"},"image":{"@id":"https:\/\/carnia.es\/en\/#\/schema\/logo\/image\/"}}]}},"_links":{"self":[{"href":"https:\/\/carnia.es\/ca\/wp-json\/wp\/v2\/pages\/5130","targetHints":{"allow":["GET"]}}],"collection":[{"href":"https:\/\/carnia.es\/ca\/wp-json\/wp\/v2\/pages"}],"about":[{"href":"https:\/\/carnia.es\/ca\/wp-json\/wp\/v2\/types\/page"}],"author":[{"embeddable":true,"href":"https:\/\/carnia.es\/ca\/wp-json\/wp\/v2\/users\/2"}],"replies":[{"embeddable":true,"href":"https:\/\/carnia.es\/ca\/wp-json\/wp\/v2\/comments?post=5130"}],"version-history":[{"count":2,"href":"https:\/\/carnia.es\/ca\/wp-json\/wp\/v2\/pages\/5130\/revisions"}],"predecessor-version":[{"id":5137,"href":"https:\/\/carnia.es\/ca\/wp-json\/wp\/v2\/pages\/5130\/revisions\/5137"}],"wp:attachment":[{"href":"https:\/\/carnia.es\/ca\/wp-json\/wp\/v2\/media?parent=5130"}],"curies":[{"name":"wp","href":"https:\/\/api.w.org\/{rel}","templated":true}]}}